{"id":35157,"date":"2025-11-14T14:48:17","date_gmt":"2025-11-14T14:48:17","guid":{"rendered":"https:\/\/www.monlife.co.uk\/play-development\/"},"modified":"2025-12-16T11:19:08","modified_gmt":"2025-12-16T11:19:08","slug":"play-development","status":"publish","type":"page","link":"https:\/\/www.monlife.co.uk\/cy\/play-development\/","title":{"rendered":"Play Development"},"content":{"rendered":"\n<figure class=\"wp-block-image size-full\"><img fetchpriority=\"high\" decoding=\"async\" width=\"1116\" height=\"334\" src=\"https:\/\/www.monlife.co.uk\/wp-content\/uploads\/2025\/11\/Screenshot-2025-11-25-142357-1.png\" alt=\"\" class=\"wp-image-35000\"\/><\/figure>\n\n\n\n<p class=\"has-luminous-vivid-orange-color has-text-color has-link-color has-large-font-size wp-elements-69c63bd59aa186b236ece169b61a1663\"><strong><strong>Llunio ein mannau chwarae yn Sir Fynwy<\/strong><\/strong><\/p>\n\n\n\n<p>Hoffai Cyngor Sir Fynwy estyn diolch diffuant i bawb a gymerodd ran yn yr ymgynghoriad diweddar ynghylch gwelliannau i ardaloedd chwarae lleol. Mae eich adborth wedi bod yn amhrisiadwy wrth lywio datblygiad Western Avenue a Pharc Bulwark yng Nghas-gwent.<\/p>\n\n\n\n<p>Diolch i fuddsoddiad o \u00a35 miliwn Llywodraeth Cymru mewn gwelliannau i feysydd chwarae, dyfarnwyd \u00a3128,619.28 i Gyngor Sir Fynwy o&#8217;r gronfa hon, ochr yn ochr \u00e2 chymorth ychwanegol gan Gyngor Tref Cas-gwent, sy&#8217;n cyfrannu \u00a319,714.55 ar gyfer Net Jumper Climber yn Western Avenue a \u00a314,220.00 ar gyfer Slide Unity Climber ym Mharc Bulwark, gyda&#8217;r holl gostau yn talu am yr unedau, gosod, ac arwynebedd diogelwch i safonau&#8217;r gwneuthgynhyrchwyr.<\/p>\n\n\n\n<p>Mae chwarae yn fwy nag ond hwyl &#8211; mae&#8217;n rhan hanfodol o ddatblygiad plentyndod, gan feithrin hyder, gwytnwch, a chysylltiadau cymunedol cryfach. Er mwyn sicrhau bod y dyluniadau newydd yn adlewyrchu anghenion teuluoedd lleol, fe wnaethom ymgysylltu \u00e2 rhieni a phlant trwy arolygon ar-lein drwy Sgwrsio am Sir Fynwy ac ymgynghori uniongyrchol yn ystod y rhaglen haf Bwyd a Hwyl. Roedd yr ymateb yn galonogol, gyda mewnbwn wedi&#8217;i dderbyn gan ystod eang o grwpiau oedran.<\/p>\n\n\n\n<p>O ganlyniad i&#8217;r ymdrech gydweithredol hon, rydym yn gyffrous i gynnwys nodweddion fel y Slide Unity Climber ym Mharc Bulwark, a wnaed yn bosibl trwy gyllid ychwanegol. Mae&#8217;r gwelliannau hyn yn adlewyrchu ein hymrwymiad i wrando ar y gymuned a darparu mannau cynhwysol, diddorol i blant o bob gallu.<\/p>\n\n\n\n<p>Diolch unwaith eto am ein helpu i greu ardaloedd chwarae y gall pawb eu mwynhau.<\/p>\n\n\n\n<h3 class=\"wp-block-heading\"><strong>Cynaliadwyedd ac Adferiad Natur<\/strong><\/h3>\n\n\n\n<p>Fel rhan o&#8217;n hymrwymiad i gynaliadwyedd, rydym yn archwilio ffyrdd o ymgorffori elfennau adfer natur yn y ddau ofod chwarae.&nbsp; Mae hyn yn cynnwys gwella plannu, defnyddio deunyddiau naturiol lle bo modd, a chyflwyno nodweddion fel gwestai chwilod, ardaloedd blodau gwyllt, a phlannu synhwyraidd.&nbsp; Nod yr ychwanegiadau hyn yw cysylltu plant a theuluoedd \u00e2 mannau gwyrdd lleol, cefnogi bioamrywiaeth, a hyrwyddo ymwybyddiaeth amgylcheddol trwy chwarae a dysgu sy&#8217;n seiliedig ar natur.<\/p>\n\n\n\n<div style=\"height:22px\" aria-hidden=\"true\" class=\"wp-block-spacer\"><\/div>\n\n\n<div class=\"oxi-addons-container   oxi-addons-flipbox-template-style5\">        <div class=\"oxilab-flip-box-wrapper\">\n                                <div class=\"oxilab-flip-box-col-2 oxilab-flip-box-padding-24\"\n                        sa-data-animation=\"\"\n                        sa-data-animation-offset=\"100%\"\r\n                        sa-data-animation-delay=\"0ms\"\r\n                        sa-data-animation-duration=\" 2000ms\"\n                        >\r\n                        <div class=\" oxilab-flip-box-body-24 oxilab-flip-box-body-24-198\">\n                                                        <div class=\"oxilab-flip-box-body-absulote\">\n                                <div class=\"oxilab-flip-box-flip oxilab-flip-box-flip-bottom-to-top\">\n                                    <div class=\"oxilab-flip-box-style-data easing_easeInOutExpo\">\n                                        <div class=\"oxilab-flip-box-style\">\n                                            <div class=\"oxilab-flip-box-front\">\n                                                <div class=\"oxilab-flip-box-24\">\n                                                    <div class=\"oxilab-flip-box-24-data\">\n\n                                                    <\/div>\n                                                <\/div>\n                                            <\/div>\n                                            <div class=\"oxilab-flip-box-back\">\n                                                <div class=\"oxilab-flip-box-back-24\">\n                                                    <div class=\"oxilab-flip-box-back-24-data\">\n                                                        <div class=\"oxilab-heading\">\n                                                            Parc Bulwark                                                        <\/div>\n                                                        <div class=\"oxilab-info\">\n                                                            Dysgwch fwy am ddatblygiad y maes chwarae ...                                                        <\/div>\n                                                                                                                    <a href=\"https:\/\/www.monlife.co.uk\/cy\/bulwark-park\/\" target=\"\">\n                                                                <span class=\"oxilab-button\">\n                                                                    <span class=\"oxilab-button-data\">\n                                                                        Cliciwch Yma                                                                    <\/span>\n                                                                <\/span>\n                                                            <\/a>\n                                                                                                                <\/div>\n                                                <\/div>\n                                            <\/div>\n                                        <\/div>\n                                    <\/div>\n                                <\/div>\n                            <\/div>\n                                                    <\/div>\n\n\n                        \n                    <\/div>\n                                        <div class=\"oxilab-flip-box-col-2 oxilab-flip-box-padding-24\"\n                        sa-data-animation=\"\"\n                        sa-data-animation-offset=\"100%\"\r\n                        sa-data-animation-delay=\"0ms\"\r\n                        sa-data-animation-duration=\" 2000ms\"\n                        >\r\n                        <div class=\" oxilab-flip-box-body-24 oxilab-flip-box-body-24-199\">\n                                                        <div class=\"oxilab-flip-box-body-absulote\">\n                                <div class=\"oxilab-flip-box-flip oxilab-flip-box-flip-bottom-to-top\">\n                                    <div class=\"oxilab-flip-box-style-data easing_easeInOutExpo\">\n                                        <div class=\"oxilab-flip-box-style\">\n                                            <div class=\"oxilab-flip-box-front\">\n                                                <div class=\"oxilab-flip-box-24\">\n                                                    <div class=\"oxilab-flip-box-24-data\">\n\n                                                    <\/div>\n                                                <\/div>\n                                            <\/div>\n                                            <div class=\"oxilab-flip-box-back\">\n                                                <div class=\"oxilab-flip-box-back-24\">\n                                                    <div class=\"oxilab-flip-box-back-24-data\">\n                                                        <div class=\"oxilab-heading\">\n                                                            Western Avenue                                                        <\/div>\n                                                        <div class=\"oxilab-info\">\n                                                            Dysgwch fwy am ddatblygiad y maes chwarae ...                                                        <\/div>\n                                                                                                                    <a href=\"https:\/\/www.monlife.co.uk\/cy\/western-avenue\/\" target=\"\">\n                                                                <span class=\"oxilab-button\">\n                                                                    <span class=\"oxilab-button-data\">\n                                                                        Cliciwch Yma                                                                    <\/span>\n                                                                <\/span>\n                                                            <\/a>\n                                                                                                                <\/div>\n                                                <\/div>\n                                            <\/div>\n                                        <\/div>\n                                    <\/div>\n                                <\/div>\n                            <\/div>\n                                                    <\/div>\n\n\n                        \n                    <\/div>\n                    \n\n        <\/div>\n        <\/div>\n\n\n\n<div style=\"height:19px\" aria-hidden=\"true\" class=\"wp-block-spacer\"><\/div>\n\n\n<div ><style>#sp-ea-35156 .spcollapsing { height: 0; overflow: hidden; transition-property: height;transition-duration: 300ms;}#sp-ea-35156.sp-easy-accordion>.sp-ea-single {margin-bottom: 10px; border: 1px solid #e2e2e2; }#sp-ea-35156.sp-easy-accordion>.sp-ea-single>.ea-header a {color: #ffffff;}#sp-ea-35156.sp-easy-accordion>.sp-ea-single>.sp-collapse>.ea-body {background: #fff; color: #0a0a0a;}#sp-ea-35156.sp-easy-accordion>.sp-ea-single {background: #eb6126;}#sp-ea-35156.sp-easy-accordion>.sp-ea-single>.ea-header a .ea-expand-icon { float: left; color: #444;font-size: 16px;}<\/style><div id=\"sp_easy_accordion-1764084651\"><div id=\"sp-ea-35156\" class=\"sp-ea-one sp-easy-accordion\" data-ea-active=\"ea-click\" data-ea-mode=\"vertical\" data-preloader=\"\" data-scroll-active-item=\"\" data-offset-to-scroll=\"0\"><div class=\"ea-card sp-ea-single\"><h3 class=\"ea-header\"><a class=\"collapsed\" id=\"ea-header-351560\" role=\"button\" data-sptoggle=\"spcollapse\" data-sptarget=\"#collapse351560\" aria-controls=\"collapse351560\" href=\"#\" aria-expanded=\"false\" tabindex=\"0\"><i aria-hidden=\"true\" role=\"presentation\" class=\"ea-expand-icon eap-icon-ea-expand-plus\"><\/i> Cwestiynau Cyffredin<\/a><\/h3><div class=\"sp-collapse spcollapse spcollapse\" id=\"collapse351560\" data-parent=\"#sp-ea-35156\" role=\"region\" aria-labelledby=\"ea-header-351560\"> <div class=\"ea-body\"><p><strong>1. Beth yw diben y cynnig?<\/strong><\/p><p>Nod y prosiect yw gwella ac adnewyddu Parc Chwarae Bulwark a pharc chwarae Western Avenue. Bydd cyllid yn cefnogi offer newydd, uwchraddio hygyrchedd, arwynebau diogelwch, tirlunio, a chael gwared ar hen offer.<\/p><p><strong>2. Sut cafodd y parciau eu dewis?<\/strong><\/p><p>Darparodd Llywodraeth Cymru feini prawf grant i&#8217;r awdurdod lleol a oedd yn tynnu sylw at sut y dylid dyrannu&#8217;r arian ac amodau ar amserlenni. Sefydlwyd gr\u0175p llywio a oedd yn cynnwys cydweithwyr chwarae, tiroedd a chynnal a chadw, cydweithwyr cyllid a grantiau a phennaeth gwasanaethau. Roedd y cydweithwyr hyn yn wybodus mewn datblygu parciau, gwerth chwarae a cheisiadau grant.<br \/>Y gwerth chwarae presennol ar gyfer Western Avenue yw 25 sy&#8217;n cael ei gategoreiddio fel gwael. Gyda&#8217;r datblygiad arfaethedig bydd y gwerth chwarae yn cynyddu i 45 ac yn cael ei gategoreiddio fel y pen uchaf o ddigonol. Bydd hyn yn gosod Western Avenue yn y deg parc gorau ledled yr Awdurdod.<br \/>Ar gyfer Parc Bulwark y gwerth chwarae presennol yw 19 ac mae&#8217;n cael ei gategoreiddio fel gwael, bydd y cyllid hwn yn cynyddu&#8217;r gwerth chwarae i 29 a fydd yn ei wneud yn barc digonol. Dylid nodi na all pob parc gyflawni&#8217;n dda gan fod rhai them\u00e2u ar gyfer gwerth chwarae fel maint a lleoliad na fyddai&#8217;n gallu cyflawni sg\u00f4r uwch. Gallwch ddarllen mwy am werth chwarae yma<br \/>Cafodd pob parc yn awdurdod y cyngor ei raddio a&#8217;i drafod yn seiliedig ar eu gwerth chwarae presennol, lefel amddifadedd ardal, lefel y gwaith y byddai ei angen ac a ellid cwblhau hyn o fewn yr amserlenni a nodwyd gan y meini prawf.<br \/>Gyda&#8217;r holl ystyriaeth hon dewiswyd y ddau barc a nodwyd.<\/p><p><strong>3. Pwy sy&#8217;n arwain y prosiect?<\/strong><\/p><p>Mae&#8217;r prosiect yn cael ei arwain gan y t\u00eem chwaraeon, chwarae a chymuned ynghyd \u00e2&#8217;r t\u00eem isadeiledd, tiroedd a chynnal a chadw.<\/p><p><strong>4. Sut bydd yr arian yn cael ei ddefnyddio?<\/strong><\/p><p>Bydd y cyllid yn cefnogi:<br \/>\u2022 Prynu offer chwarae newydd, diogel<br \/>\u2022 Atgyweirio neu gael gwared ar hen strwythurau<br \/>\u2022 Gwella hygyrchedd (rampiau, offer cynhwysol)<br \/>\u2022 Ychwanegu meinciau, biniau ac arwyddion<br \/>\u2022 Gosod lloriau diogelwch<br \/>\u2022 Tirlunio a harddu parciau<\/p><p><strong>5. Faint o arian sydd ar gael?<\/strong><\/p><p>Mae Awdurdod Lleol Sir Fynwy wedi derbyn \u00a3128,619.28 drwy gyllid cyfalaf a ddarperir gan Lywodraeth Cymru.<\/p><p>Mae Cyngor Tref Cas-gwent yn cyfrannu \u00a319,714.55 ar gyfer Net Jumper Climber yn Western Avenue sy&#8217;n caniat\u00e1u i blant ddringo a bownsio ar yr un offer. Mae&#8217;r gost yn cynnwys cost yr uned, gosod ac arwynebu diogelwch chwarae i safon argymhellion y gweithgynhyrchydd. Mae&#8217;r Cyngor Tref yn cyfrannu \u00a314,220.00 ar gyfer Slide Unity Climber ym Mharc Bulwark. Mae&#8217;r gost yn cynnwys cost yr uned, gosod ac arwynebu diogelwch chwarae i safon argymhellion y gweithgynhyrchydd.<\/p><p><strong>7. Sut bydd y prosiect yn cael ei ariannu?<\/strong><\/p><p>Mae cyllid wedi&#8217;i ddarparu gan Lywodraeth Cymru drwy eu Grant Cyfleoedd Chwarae Cymru Gyfan &#8211; cyllid cyfalaf ar gyfer mannau chwarae a meysydd chwarae.<\/p><p>Mae Cyngor Tref Cas-gwent wedi darparu cyllid i allu prynu darn ychwanegol o offer ym mhob parc.<\/p><p><strong>8. A oes ymgynghori \u00e2&#8217;r gymuned yngl\u0177n \u00e2 dyluniad y parc?<\/strong><\/p><p>Cynhaliwyd yr ymgynghoriad rhwng 1 Awst a 19 Medi. Rhoddwyd dau arolwg ar Sgwrsio am Sir Fynwy, un ar gyfer plant ac un ar gyfer oedolion. Cynhaliwyd sesiwn galw heibio yng nghlwb rygbi Cas-gwent ar y 14eg o Awst. Ymgynghorwyd \u00e2 phlant hefyd yn y rhaglen Bwyd a Hwyl yn Ysgol Gynradd Thornwell.<\/p><p><strong>9. Pa mor hir fydd y prosiect yn ei gymryd?<\/strong><\/p><p>Rhaid i&#8217;r prosiect gael ei gwblhau erbyn 31 Mawrth 2026 yn unol \u00e2 meini prawf cyllido Llywodraeth Cymru<\/p><p><strong>10. Pwy fydd yn cynnal y parc ar \u00f4l ei gwblhau?<\/strong><\/p><p>Mae&#8217;r parc yn cael ei gynnal a&#8217;i archwilio gan Gyngor Sir Fynwy; bydd eu t\u00eem gosod Maes Chwarae yn gosod yr offer newydd. Unwaith y bydd y gosod wedi&#8217;i gwblhau, bydd Cyngor Sir Fynwy yn parhau i reoli&#8217;r cyfleuster.<\/p><p><strong>11. A fydd y parc yn hygyrch i blant sydd ag anableddau?<\/strong><\/p><p>Y nod yw creu gofod cynhwysol. Bydd cyllid yn blaenoriaethu offer a llwybrau sy&#8217;n cefnogi plant o bob gallu.<\/p><p><strong>12. Ble alla i ddod o hyd i ddogfennau ategol sy&#8217;n gysylltiedig \u00e2&#8217;r datblygiadau hyn?<\/strong><\/p><p><a href=\"https:\/\/www.monlife.co.uk\/wp-content\/uploads\/2025\/12\/PSA-summary-report_cy-GB.docx\">Asesiad Digonolrwydd Chwarae<\/a><\/p><p><a href=\"https:\/\/onewales.sharepoint.com\/:w:\/r\/sites\/MCC-LAC-GuidanceStrategyandReporting\/LC2.3\/Cabinet%20%26%20Council%20Reports\/Play\/Completed%20report%20and%20appendices\/Appendix%201%20-%20Play%20Sufficiency%20Assessment%20Form%202025-2028.docx?d=w38235846cb924784971a28ee99ce7728&amp;csf=1&amp;web=1&amp;e=Garccu\"><span data-contrast=\"none\">Full Play Sufficiency assessment- 2025-2028<\/span><\/a><span data-ccp-props=\"{&quot;134233117&quot;:true,&quot;134233118&quot;:true,&quot;201341983&quot;:0,&quot;335559739&quot;:0,&quot;335559740&quot;:240}\">\u00a0<\/span><\/p><p><a href=\"https:\/\/www.monlife.co.uk\/wp-content\/uploads\/2025\/12\/Appendix-2-Play-sufficiency-action-plan-form-2025_cy-GB.docx\">Cynllun Gweithredu Digonolrwydd Chwarae<\/a><\/p><\/div><\/div><\/div><div class=\"ea-card sp-ea-single\"><h3 class=\"ea-header\"><a class=\"collapsed\" id=\"ea-header-351561\" role=\"button\" data-sptoggle=\"spcollapse\" data-sptarget=\"#collapse351561\" aria-controls=\"collapse351561\" href=\"#\" aria-expanded=\"false\" tabindex=\"0\"><i aria-hidden=\"true\" role=\"presentation\" class=\"ea-expand-icon eap-icon-ea-expand-plus\"><\/i> Cysylltwch \u00e2 ni<\/a><\/h3><div class=\"sp-collapse spcollapse spcollapse\" id=\"collapse351561\" data-parent=\"#sp-ea-35156\" role=\"region\" aria-labelledby=\"ea-header-351561\"> <div class=\"ea-body\"><p>Os oes gennych unrhyw gwestiynau neu ymholiadau yngl\u0177n \u00e2 phrosiect datblygu&#8217;r parc, cysylltwch \u00e2 ni dros e-bost: <strong>play@monmouthshire.gov.uk<\/strong>.<\/p><\/div><\/div><\/div><div class=\"ea-card sp-ea-single\"><h3 class=\"ea-header\"><a class=\"collapsed\" id=\"ea-header-351562\" role=\"button\" data-sptoggle=\"spcollapse\" data-sptarget=\"#collapse351562\" aria-controls=\"collapse351562\" href=\"#\" aria-expanded=\"false\" tabindex=\"0\"><i aria-hidden=\"true\" role=\"presentation\" class=\"ea-expand-icon eap-icon-ea-expand-plus\"><\/i> Parciau a Hamdden <\/a><\/h3><div class=\"sp-collapse spcollapse spcollapse\" id=\"collapse351562\" data-parent=\"#sp-ea-35156\" role=\"region\" aria-labelledby=\"ea-header-351562\"> <div class=\"ea-body\"><p>Mae chwarae yn yr awyr agored yn cynnig llawer o fanteision i ddatblygiad a lles plant a phobl ifanc.\u00a0 Mae&#8217;r awyr agored yn darparu&#8217;r amgylchedd perffaith iddyn nhw fentro ac yn caniat\u00e1u iddynt ddod yn ymwybodol o derfynau, ffiniau a heriau yn eu chwarae, sydd yn eu tro yn adeiladu gwytnwch, sgil rheoli risg ac yn magu hyder. Mae buddion eraill yn cynnwys:<\/p><ul><li>Mwy o sgiliau echddygol a gwella cryfder y cyhyrau<\/li><li>Datblygu sgiliau cyfathrebu a cymdeithasol<\/li><li>Gwerthfawrogiad am yr amgylchedd.<\/li><\/ul><p>Mae Sir Fynwy yn llawn tirwedd hardd a gemau cudd sy&#8217;n cynnig lle i chwarae a bod yn weithredol. Gallwch ddod o hyd i wybodaeth am deithiau cerdded a mannau awyr agored ar-lein (<a href=\"https:\/\/www.visitmonmouthshire.com\/things-to-do\">www.visitmonmouthshire.com\/things-to-do<\/a>)<\/p><\/div><\/div><\/div><div class=\"ea-card sp-ea-single\"><h3 class=\"ea-header\"><a class=\"collapsed\" id=\"ea-header-351563\" role=\"button\" data-sptoggle=\"spcollapse\" data-sptarget=\"#collapse351563\" aria-controls=\"collapse351563\" href=\"#\" aria-expanded=\"false\" tabindex=\"0\"><i aria-hidden=\"true\" role=\"presentation\" class=\"ea-expand-icon eap-icon-ea-expand-plus\"><\/i> Pwysigrwydd Chwarae <\/a><\/h3><div class=\"sp-collapse spcollapse spcollapse\" id=\"collapse351563\" data-parent=\"#sp-ea-35156\" role=\"region\" aria-labelledby=\"ea-header-351563\"> <div class=\"ea-body\"><p>Mae chwarae&#8217;n bwysig ym mywydau plant, am ei gwerth hamdden ac am y rhan y mae&#8217;n chwarae ym maes iechyd a lles corfforol ac emosiynol plant, ac yn eu datblygiad personol. \u202fI blant, mae chwarae yn hanfodol i wneud synnwyr o&#8217;r byd.<\/p><p>Mae darparu amser, lle a chaniat\u00e2d i blant chwarae yn bwysig er mwyn sicrhau bod hawliau plant i chwarae yn cael eu bodloni ac mae hyn yn flaenoriaeth Awdurdod Lleol Sir Fynwy<\/p><p>Yma fe welwch wybodaeth am fanteision chwarae a gwybodaeth am sut y gallwch gefnogi chwarae i&#8217;ch plant ac o fewn eich cymunedau.<\/p><h3><strong><a href=\"https:\/\/www.playfulchildhoods.wales\/\">Playful Childhoods<\/a><\/strong><\/h3><h3><strong><a href=\"https:\/\/gov.wales\/parenting-give-it-time\">Parenting. Give it time<\/a><\/strong><\/h3><h3><strong><a href=\"https:\/\/playingout.net\/play-streets\/what-are-play-streets\/\">Play Streets<\/a><\/strong><\/h3><\/div><\/div><\/div><\/div><\/div><\/div>\n\n\n<div style=\"height:25px\" aria-hidden=\"true\" class=\"wp-block-spacer\"><\/div>\n\n\n<div class=\"wp-block-image\">\n<figure class=\"aligncenter size-full\"><img decoding=\"async\" width=\"424\" height=\"132\" src=\"https:\/\/www.monlife.co.uk\/wp-content\/uploads\/2025\/12\/Artwork22_11ef7c39-7f06-46fa-99c7-b0775f4ddf83.png\" alt=\"\" class=\"wp-image-35120\"\/><\/figure>\n<\/div>","protected":false},"excerpt":{"rendered":"<p>Llunio ein mannau chwarae yn Sir Fynwy Hoffai Cyngor Sir Fynwy estyn diolch diffuant i bawb a gymerodd ran yn yr ymgynghoriad diweddar ynghylch gwelliannau i ardaloedd chwarae lleol. Mae [&hellip;]<\/p>\n","protected":false},"author":6,"featured_media":0,"parent":0,"menu_order":1,"comment_status":"closed","ping_status":"closed","template":"","meta":{"_acf_changed":false,"footnotes":""},"class_list":["post-35157","page","type-page","status-publish","hentry"],"acf":[],"_links":{"self":[{"href":"https:\/\/www.monlife.co.uk\/cy\/wp-json\/wp\/v2\/pages\/35157","targetHints":{"allow":["GET"]}}],"collection":[{"href":"https:\/\/www.monlife.co.uk\/cy\/wp-json\/wp\/v2\/pages"}],"about":[{"href":"https:\/\/www.monlife.co.uk\/cy\/wp-json\/wp\/v2\/types\/page"}],"author":[{"embeddable":true,"href":"https:\/\/www.monlife.co.uk\/cy\/wp-json\/wp\/v2\/users\/6"}],"replies":[{"embeddable":true,"href":"https:\/\/www.monlife.co.uk\/cy\/wp-json\/wp\/v2\/comments?post=35157"}],"version-history":[{"count":0,"href":"https:\/\/www.monlife.co.uk\/cy\/wp-json\/wp\/v2\/pages\/35157\/revisions"}],"wp:attachment":[{"href":"https:\/\/www.monlife.co.uk\/cy\/wp-json\/wp\/v2\/media?parent=35157"}],"curies":[{"name":"wp","href":"https:\/\/api.w.org\/{rel}","templated":true}]}}