{"id":3068,"date":"2019-10-30T14:24:50","date_gmt":"2019-10-30T14:24:50","guid":{"rendered":"https:\/\/www.monlife.co.uk\/?page_id=3068"},"modified":"2023-10-24T14:37:30","modified_gmt":"2023-10-24T13:37:30","slug":"birthday-parties","status":"publish","type":"page","link":"https:\/\/www.monlife.co.uk\/cy\/monactive\/childrens-activities\/birthday-parties\/","title":{"rendered":"Birthday Parties"},"content":{"rendered":"\n<figure class=\"wp-block-image size-large\"><img fetchpriority=\"high\" decoding=\"async\" width=\"1024\" height=\"478\" src=\"https:\/\/www.monlife.co.uk\/wp-content\/uploads\/2023\/08\/Birthday-Parties-Digital_Website-Slider-1024x478.png\" alt=\"\" class=\"wp-image-23879\" srcset=\"https:\/\/www.monlife.co.uk\/wp-content\/uploads\/2023\/08\/Birthday-Parties-Digital_Website-Slider-1024x478.png 1024w, https:\/\/www.monlife.co.uk\/wp-content\/uploads\/2023\/08\/Birthday-Parties-Digital_Website-Slider-300x140.png 300w, https:\/\/www.monlife.co.uk\/wp-content\/uploads\/2023\/08\/Birthday-Parties-Digital_Website-Slider-768x359.png 768w, https:\/\/www.monlife.co.uk\/wp-content\/uploads\/2023\/08\/Birthday-Parties-Digital_Website-Slider-1536x717.png 1536w, https:\/\/www.monlife.co.uk\/wp-content\/uploads\/2023\/08\/Birthday-Parties-Digital_Website-Slider-2048x956.png 2048w, https:\/\/www.monlife.co.uk\/wp-content\/uploads\/2023\/08\/Birthday-Parties-Digital_Website-Slider-1568x732.png 1568w\" sizes=\"(max-width: 1024px) 100vw, 1024px\" \/><\/figure>\n\n\n\n<h2 class=\"wp-block-heading\"><strong>Part\u00efon Pen-blwydd<\/strong><strong><\/strong><\/h2>\n\n\n\n<p>Ydych chi&#8217;n chwilio am leoliad cyffrous a chofiadwy ar gyfer parti pen-blwydd? &nbsp;<\/p>\n\n\n\n<p>Mae MonLife yn cynnig amrywiaeth eang o bart\u00efon pen-blwydd egn\u00efol sy&#8217;n addas i blant o bob oed, gan gynnwys: <a href=\"https:\/\/www.monmouthshire.gov.uk\/cy\/pool-parties\/\" target=\"_blank\" rel=\"noreferrer noopener\">Part\u00efon Pwll Nofio<\/a>, Part\u00efon Chwyddadyn, Part\u00efon Chwaraeon a Chwarae.<\/p>\n\n\n\n<hr class=\"wp-block-separator has-alpha-channel-opacity\"\/>\n\n\n\n<h3 class=\"wp-block-heading\"><strong>Canolfan Hamdden y Fenni<\/strong><strong><\/strong><\/h3>\n\n\n\n<p>Mae gennym nifer o Becynnau Part\u00efon Pen-blwydd gwahanol ar gael:<\/p>\n\n\n\n<ul class=\"wp-block-list\">\n<li>Llwybr Rhwystrau\u2019r Jyngl<\/li>\n\n\n\n<li>Castell a Sleid Sbonciog<\/li>\n\n\n\n<li>Drylliau Nyrff<\/li>\n\n\n\n<li>Parti Chwaraeon<\/li>\n\n\n\n<li>Part\u00efon pwll &#8211; Chwyddadyn gyda sleid, crocodeil chwyddadwy, peli, arnofio a theganau.<\/li>\n<\/ul>\n\n\n\n<p>Mae&#8217;r rhain i gyd yn addas ar gyfer plant hyd at 10 oed&nbsp;<\/p>\n\n\n\n<h3 class=\"wp-block-heading\"><strong>Canolfan Hamdden Cil-y-coed<\/strong><strong><\/strong><\/h3>\n\n\n\n<p>Mae gennym nifer o Becynnau Parti gwahanol ar gael:<\/p>\n\n\n\n<ul class=\"wp-block-list\">\n<li>Cwrs Rhwystrau Llwybr Deuol<\/li>\n\n\n\n<li>Castell Sbonciog a Chwarae Meddal<\/li>\n\n\n\n<li>Drylliau Nyrff<\/li>\n\n\n\n<li>Parti Chwaraeon<\/li>\n\n\n\n<li>Parti Pwll D\u0175r Cimwch<\/li>\n\n\n\n<li>Parti Peli ac Arnofion<\/li>\n\n\n\n<li>Llogi ystafell<\/li>\n<\/ul>\n\n\n\n<p>Mae pob un o&#8217;r part\u00efon uchod yn amrywio o ran ystod oedran, felly ffoniwch 01633 644800 i gael rhagor o wybodaeth.<\/p>\n\n\n\n<h3 class=\"wp-block-heading\"><strong>Canolfan Hamdden Cas-gwent<\/strong><strong><\/strong><\/h3>\n\n\n\n<ul class=\"wp-block-list\">\n<li>Castell Sbonciog y Coetir a Chwarae Meddal<\/li>\n\n\n\n<li>Parti Chwaraeon<\/li>\n\n\n\n<li>Parti Drylliau Nyrff<\/li>\n\n\n\n<li>Chwyddadyn Llwybr Deuol \u2018Splash Mania\u2019<\/li>\n\n\n\n<li>Chwarae Chwaraeon Sblash<\/li>\n\n\n\n<li>Parti Pwll gydag Arnofion<\/li>\n\n\n\n<li>Parti Ystafell yn Unig &#8211; <strong>(Dyddiau Sul yn unig 3.30-5.30pm<\/strong>)<\/li>\n<\/ul>\n\n\n\n<p>Mae pob un o&#8217;r part\u00efon uchod yn amrywio o ran ystod oedran felly ffoniwch y Ganolfan Hamdden ar 01633 644 800<\/p>\n\n\n\n<h3 class=\"wp-block-heading\"><strong>Canolfan Hamdden Trefynwy<\/strong><strong><\/strong><\/h3>\n\n\n\n<ul class=\"wp-block-list\">\n<li>Canolfan Chwarae (lleiafswm o 10 o blant &#8211; uchafswm o 30)<\/li>\n\n\n\n<li>Peli ac Arnofion Pwll (lleiafswm o 15 &#8211; uchafswm 30)<\/li>\n\n\n\n<li>Cwrs Rhwystrau Chwyddadyn Llwybr Deuol (min 15 &#8211; uchafswm 30)<\/li>\n\n\n\n<li>Parti Chwaraeon (Neuadd Chwaraeon neu 3G Awyr Agored)<\/li>\n\n\n\n<li>Parti Canolfan Chwarae Unigryw (lleiafswm o 30 &#8211; uchafswm 50)<\/li>\n<\/ul>\n\n\n\n<p>Mae pob un o&#8217;r part\u00efon uchod yn amrywio o ran ystod oedran felly ffoniwch y Ganolfan Hamdden ar 01633 644 800&nbsp;<\/p>\n\n\n\n<h2 class=\"wp-block-heading\"><strong>Disgrifiadau o&#8217;r Parti<\/strong><strong><\/strong><\/h2>\n\n\n\n<h3 class=\"wp-block-heading\"><strong>Cwrs Rhwystrau &#8211; Chwyddadyn Llwybr Deuol<\/strong><\/h3>\n\n\n\n<p>Mae ein cwrs rhwystrau chwyddadwy yn ganolbwynt delfrydol i barti. Beth am ddewis ychwanegu pecyn chwaraeon neu chwarae meddal i gyd-fynd \u00e2&#8217;r pecyn hwn a mwynhau defnydd unigryw o&#8217;n neuadd chwaraeon fawr a&#8217;n hystafell parti.<\/p>\n\n\n\n<hr class=\"wp-block-separator has-alpha-channel-opacity\"\/>\n\n\n\n<h3 class=\"wp-block-heading\"><strong>Castell Sbonciog Mawr Clasurol<\/strong><\/h3>\n\n\n\n<p>Beth am ddewis ychwanegu pecyn chwaraeon neu chwarae meddal* i gyd-fynd \u00e2&#8217;r pecyn castell sbonciog mawr a mwynhau defnydd unigryw o&#8217;n hystafell parti.<\/p>\n\n\n\n<hr class=\"wp-block-separator has-alpha-channel-opacity\"\/>\n\n\n\n<h3 class=\"wp-block-heading\"><strong>Parti Chwaraeon<\/strong><\/h3>\n\n\n\n<p>Addas ar gyfer plant hyd at 16 oed<\/p>\n\n\n\n<p>Dewiswch o ystod eang o chwaraeon gan gynnwys P\u00eal-droed 5-bob-ochr, P\u00eal-fasged, Uni-Hoc, Kwik Criced, P\u00eal-rwyd, Chwaraeon Racedi a llawer mwy.<\/p>\n\n\n\n<p>Mwynhewch ddefnydd unigryw o&#8217;n hystafell parti am ddwy awr; yn cynnwys awr o logi ar gyfer y Neuadd Chwaraeon ac awr ar gyfer Caffi\/ystafell ar gyfer bwyd.<\/p>\n\n\n\n<p>Mae&#8217;r parti hwn yn cael ei oruchwylio gan rieni\/gwarcheidwaid. &nbsp;<\/p>\n\n\n\n<hr class=\"wp-block-separator has-alpha-channel-opacity\"\/>\n\n\n\n<h3 class=\"wp-block-heading\"><strong>Canolfan Chwarae Blaenaf Trefynwy<\/strong><\/h3>\n\n\n\n<p>Dringwch i uchelfannau newydd yng <a href=\"https:\/\/www.monlife.co.uk\/cy\/monactive\/monmouth-leisure-centre\/\" target=\"_blank\" rel=\"noreferrer noopener\">Nghanolfan Chwarae Blaenaf Trefynwy<\/a>, sy&#8217;n cynnwys drysfa ddringo gyffrous 3 llawr sy&#8217;n cynnwys system unigryw o guro amser y cloc.<\/p>\n\n\n\n<p>I holi&#8217;n uniongyrchol am barti pen-blwydd neu logi preifat, cliciwch <a href=\"https:\/\/www.monlife.co.uk\/cy\/monlife-active-contact-form\/\" target=\"_blank\" rel=\"noreferrer noopener\">yma<\/a>. I gysylltu \u00e2 Chanolfan Hamdden Trefynwy, e-bostiwch neu ffoniwch 01633 644 800.<\/p>\n","protected":false},"excerpt":{"rendered":"<p>Part\u00efon Pen-blwydd Ydych chi&#8217;n chwilio am leoliad cyffrous a chofiadwy ar gyfer parti pen-blwydd? &nbsp; Mae MonLife yn cynnig amrywiaeth eang o bart\u00efon pen-blwydd egn\u00efol sy&#8217;n addas i blant o [&hellip;]<\/p>\n","protected":false},"author":6,"featured_media":0,"parent":13963,"menu_order":1,"comment_status":"closed","ping_status":"closed","template":"","meta":{"_acf_changed":false,"footnotes":""},"class_list":["post-3068","page","type-page","status-publish","hentry"],"acf":[],"_links":{"self":[{"href":"https:\/\/www.monlife.co.uk\/cy\/wp-json\/wp\/v2\/pages\/3068","targetHints":{"allow":["GET"]}}],"collection":[{"href":"https:\/\/www.monlife.co.uk\/cy\/wp-json\/wp\/v2\/pages"}],"about":[{"href":"https:\/\/www.monlife.co.uk\/cy\/wp-json\/wp\/v2\/types\/page"}],"author":[{"embeddable":true,"href":"https:\/\/www.monlife.co.uk\/cy\/wp-json\/wp\/v2\/users\/6"}],"replies":[{"embeddable":true,"href":"https:\/\/www.monlife.co.uk\/cy\/wp-json\/wp\/v2\/comments?post=3068"}],"version-history":[{"count":0,"href":"https:\/\/www.monlife.co.uk\/cy\/wp-json\/wp\/v2\/pages\/3068\/revisions"}],"up":[{"embeddable":true,"href":"https:\/\/www.monlife.co.uk\/cy\/wp-json\/wp\/v2\/pages\/13963"}],"wp:attachment":[{"href":"https:\/\/www.monlife.co.uk\/cy\/wp-json\/wp\/v2\/media?parent=3068"}],"curies":[{"name":"wp","href":"https:\/\/api.w.org\/{rel}","templated":true}]}}