{"id":29634,"date":"2024-07-31T14:55:11","date_gmt":"2024-07-31T13:55:11","guid":{"rendered":"https:\/\/www.monlife.co.uk\/heritage\/the-shire-hall\/shire-hall-consultation\/"},"modified":"2024-08-01T14:28:11","modified_gmt":"2024-08-01T13:28:11","slug":"shire-hall-consultation","status":"publish","type":"page","link":"https:\/\/www.monlife.co.uk\/cy\/heritage\/the-shire-hall\/shire-hall-consultation\/","title":{"rendered":"Shire Hall Consultation"},"content":{"rendered":"\n<figure class=\"wp-block-image size-large\"><img fetchpriority=\"high\" decoding=\"async\" width=\"1024\" height=\"478\" src=\"https:\/\/www.monlife.co.uk\/wp-content\/uploads\/2024\/07\/MCC_Shire-Hall_Have-your-say_MonLife-banner-1024x478.jpg\" alt=\"\" class=\"wp-image-29602\" srcset=\"https:\/\/www.monlife.co.uk\/wp-content\/uploads\/2024\/07\/MCC_Shire-Hall_Have-your-say_MonLife-banner-1024x478.jpg 1024w, https:\/\/www.monlife.co.uk\/wp-content\/uploads\/2024\/07\/MCC_Shire-Hall_Have-your-say_MonLife-banner-300x140.jpg 300w, https:\/\/www.monlife.co.uk\/wp-content\/uploads\/2024\/07\/MCC_Shire-Hall_Have-your-say_MonLife-banner-768x358.jpg 768w, https:\/\/www.monlife.co.uk\/wp-content\/uploads\/2024\/07\/MCC_Shire-Hall_Have-your-say_MonLife-banner.jpg 1500w\" sizes=\"(max-width: 1024px) 100vw, 1024px\" \/><\/figure>\n\n\n\n<h2 class=\"wp-block-heading\"><strong>Ymgynghoriad Amgueddfa Neuadd y Sir<\/strong><\/h2>\n\n\n\n<p>Bellach gall trigolion ac ymwelwyr ddweud eu dweud ar ba arddangosfeydd y maent am eu gweld yn Amgueddfa\u2019r Neuadd Sirol.<\/p>\n\n\n\n<p>Mae Treftadaeth MonLife yn y broses o symud Amgueddfa Trefynwy i\u2019r Neuadd Sirol ac yn chwilio am ba gasgliadau yr hoffai trigolion ac ymwelwyr eu gweld yn cael eu harddangos.<\/p>\n\n\n\n<p>Mae arolwg ar-lein nawr ar gael i gasglu adborth ar them\u00e2u a gweithgareddau a fyddai\u2019n denu ymwelwyr i\u2019r amgueddfa. P\u2019un ai ydych wedi ymweld o\u2019r blaen neu heb ymweld erioed, rydym am greu amgueddfa sy\u2019n llawn hanes a gweithgareddau i bawb.<\/p>\n\n\n\n<p>Bydd y Neuadd Sirol yn amgueddfa fodern a deniadol yn seiliedig ar sgyrsiau cymunedol i sicrhau ei bod yn berthnasol ac yn gynrychioliadol i\u2019n holl ymwelwyr. Bydd yn dod \u00e2 straeon lleol yn fyw, yn ogystal \u00e2 digwyddiadau a gweithgareddau y mae pawb eisiau eu gweld a chymryd rhan ynddynt.<\/p>\n\n\n\n<p>Yn dilyn yr adborth, bydd ein t\u00eem prosiect yn gweithio gyda phenseiri a thimau dylunio amgueddfeydd i ddatblygu cynlluniau i greu amgueddfa newydd yn y Neuadd Sirol.<\/p>\n\n\n\n<p>Rydym wedi bod yn gweithio gyda chymunedau lleol, yn ymgynghori ar them\u00e2u a syniadau amrywiol, yn ogystal \u00e2 chreu sawl gr\u0175p ffocws a\u2019n cynnal arolwg cyhoeddus. Roedd y rhain yn archwilio\u2019r pynciau a\u2019r straeon y gallem eu hadrodd yn orielau\u2019r Amgueddfa yn y dyfodol.<\/p>\n\n\n\n<p>O fis Awst 2024, byddwn yn dechrau archwilio dyluniadau cychwynnol ar gyfer cynllun yr adeilad a\u2019r gofod a neilltuwyd, yn ogystal ag edrychiad a theimlad orielau\u2019r dyfodol. Mae angen i ni hefyd siarad \u00e2\u2019n hymwelwyr a thrigolion lleol i ddeall y digwyddiadau a\u2019r gweithgareddau yr hoffech eu gweld.<\/p>\n\n\n\n<div style=\"height:25px\" aria-hidden=\"true\" class=\"wp-block-spacer\"><\/div>\n\n\n\n<figure class=\"wp-block-gallery has-nested-images columns-default is-cropped wp-block-gallery-1 is-layout-flex wp-block-gallery-is-layout-flex\">\n<figure class=\"wp-block-image size-large\"><img decoding=\"async\" width=\"1024\" height=\"768\" data-id=\"29617\" src=\"https:\/\/www.monlife.co.uk\/wp-content\/uploads\/2024\/08\/2a238582-b9d9-4139-9cd6-b37d1dc5026c-1024x768.jpg\" alt=\"\" class=\"wp-image-29617\" srcset=\"https:\/\/www.monlife.co.uk\/wp-content\/uploads\/2024\/08\/2a238582-b9d9-4139-9cd6-b37d1dc5026c-1024x768.jpg 1024w, https:\/\/www.monlife.co.uk\/wp-content\/uploads\/2024\/08\/2a238582-b9d9-4139-9cd6-b37d1dc5026c-300x225.jpg 300w, https:\/\/www.monlife.co.uk\/wp-content\/uploads\/2024\/08\/2a238582-b9d9-4139-9cd6-b37d1dc5026c-768x576.jpg 768w, https:\/\/www.monlife.co.uk\/wp-content\/uploads\/2024\/08\/2a238582-b9d9-4139-9cd6-b37d1dc5026c-1536x1152.jpg 1536w, https:\/\/www.monlife.co.uk\/wp-content\/uploads\/2024\/08\/2a238582-b9d9-4139-9cd6-b37d1dc5026c-1568x1176.jpg 1568w, https:\/\/www.monlife.co.uk\/wp-content\/uploads\/2024\/08\/2a238582-b9d9-4139-9cd6-b37d1dc5026c.jpg 2048w\" sizes=\"(max-width: 1024px) 100vw, 1024px\" \/><\/figure>\n\n\n\n<figure class=\"wp-block-image size-large\"><img decoding=\"async\" width=\"1024\" height=\"768\" data-id=\"29621\" src=\"https:\/\/www.monlife.co.uk\/wp-content\/uploads\/2024\/08\/732b61c3-3f07-403b-86a5-54753f9db55c-1024x768.jpg\" alt=\"\" class=\"wp-image-29621\" srcset=\"https:\/\/www.monlife.co.uk\/wp-content\/uploads\/2024\/08\/732b61c3-3f07-403b-86a5-54753f9db55c-1024x768.jpg 1024w, https:\/\/www.monlife.co.uk\/wp-content\/uploads\/2024\/08\/732b61c3-3f07-403b-86a5-54753f9db55c-300x225.jpg 300w, https:\/\/www.monlife.co.uk\/wp-content\/uploads\/2024\/08\/732b61c3-3f07-403b-86a5-54753f9db55c-768x576.jpg 768w, https:\/\/www.monlife.co.uk\/wp-content\/uploads\/2024\/08\/732b61c3-3f07-403b-86a5-54753f9db55c-1536x1152.jpg 1536w, https:\/\/www.monlife.co.uk\/wp-content\/uploads\/2024\/08\/732b61c3-3f07-403b-86a5-54753f9db55c-1568x1176.jpg 1568w, https:\/\/www.monlife.co.uk\/wp-content\/uploads\/2024\/08\/732b61c3-3f07-403b-86a5-54753f9db55c.jpg 2048w\" sizes=\"(max-width: 1024px) 100vw, 1024px\" \/><\/figure>\n\n\n\n<figure class=\"wp-block-image size-large\"><img loading=\"lazy\" decoding=\"async\" width=\"1024\" height=\"768\" data-id=\"29628\" src=\"https:\/\/www.monlife.co.uk\/wp-content\/uploads\/2024\/08\/bdda363f-ba14-48a5-a385-0e6a8930c791-1024x768.jpg\" alt=\"\" class=\"wp-image-29628\" srcset=\"https:\/\/www.monlife.co.uk\/wp-content\/uploads\/2024\/08\/bdda363f-ba14-48a5-a385-0e6a8930c791-1024x768.jpg 1024w, https:\/\/www.monlife.co.uk\/wp-content\/uploads\/2024\/08\/bdda363f-ba14-48a5-a385-0e6a8930c791-300x225.jpg 300w, https:\/\/www.monlife.co.uk\/wp-content\/uploads\/2024\/08\/bdda363f-ba14-48a5-a385-0e6a8930c791-768x576.jpg 768w, https:\/\/www.monlife.co.uk\/wp-content\/uploads\/2024\/08\/bdda363f-ba14-48a5-a385-0e6a8930c791-1536x1152.jpg 1536w, https:\/\/www.monlife.co.uk\/wp-content\/uploads\/2024\/08\/bdda363f-ba14-48a5-a385-0e6a8930c791-1568x1176.jpg 1568w, https:\/\/www.monlife.co.uk\/wp-content\/uploads\/2024\/08\/bdda363f-ba14-48a5-a385-0e6a8930c791.jpg 2048w\" sizes=\"(max-width: 1024px) 100vw, 1024px\" \/><\/figure>\n<\/figure>\n\n\n\n<p>Rydym wedi gweithio cyn hyn gyda phobl ifanc rhwng 16 a 25 mlwydd oed a byddwn yn parhau i ymgynghori \u00e2 nhw i ddarganfod beth hoffent ei weld yn ein safleoedd treftadaeth. Rydym yn gweithio\u2019n benodol gyda nhw yn y Neuadd Sirol i sicrhau bod yna leoedd sy\u2019n berthnasol iddynt.<\/p>\n\n\n\n<p>I gael rhagor o wybodaeth am ein hymgynghoriadau, cysylltwch ag Emily, ein Swyddog Dysgu ac Ymgysylltu \u2013 <a href=\"mailto:EmilyLePeltier@monmouthshire.gov.uk\"><strong>EmilyLePeltier@monmouthshire.gov.uk<\/strong><\/a>. I gael rhagor o wybodaeth am Amgueddfa Neuadd y Sir, cliciwch <strong><a href=\"https:\/\/www.monlife.co.uk\/cy\/heritage\/the-shire-hall\/\" title=\"\">YMA<\/a><\/strong>.<\/p>\n\n\n\n<p>Gallwch gwblhau ein harolwg cyhoeddus isod.<\/p>\n\n\n\n<div style=\"height:25px\" aria-hidden=\"true\" class=\"wp-block-spacer\"><\/div>\n\n\n\n<div class=\"wp-block-buttons is-layout-flex wp-container-core-buttons-is-layout-6b4e3324 wp-block-buttons-is-layout-flex\">\n<div class=\"wp-block-button has-custom-width wp-block-button__width-100 is-style-outline is-style-outline--2\"><a class=\"wp-block-button__link has-white-color has-text-color has-background has-text-align-center wp-element-button\" href=\"https:\/\/forms.office.com\/Pages\/ResponsePage.aspx?id=eQBNLCzFs0uzytjq8ba31VHPtFUcPjFJsdm8gcXsEl9UQjFSTFdESVFEMzgxWjdDNkM2VFBEQ1JBMi4u\" style=\"border-radius:0px;background-color:#a91c53\"><strong>Arolwg<\/strong><\/a><\/div>\n<\/div>\n\n\n\n<div style=\"height:25px\" aria-hidden=\"true\" class=\"wp-block-spacer\"><\/div>\n\n\n\n<p>Mae\u2019r prosiect ailddatblygu wedi\u2019i ariannu gan Gyngor Sir Fynwy a Chronfa Dreftadaeth y Loteri Genedlaethol.<\/p>\n\n\n<div class=\"wp-block-image\">\n<figure class=\"aligncenter is-resized\"><img decoding=\"async\" src=\"https:\/\/www.monlife.co.uk\/wp-content\/uploads\/2024\/01\/Welsh_Made_possible_logo_colour_JPEG-002-1024x681.jpg\" alt=\"This image has an empty alt attribute; its file name is Welsh_Made_possible_logo_colour_JPEG-002-1024x681.jpg\" style=\"aspect-ratio:1.5036710719530102;width:291px;height:auto\"\/><\/figure>\n<\/div>","protected":false},"excerpt":{"rendered":"<p>Ymgynghoriad Amgueddfa Neuadd y Sir Bellach gall trigolion ac ymwelwyr ddweud eu dweud ar ba arddangosfeydd y maent am eu gweld yn Amgueddfa\u2019r Neuadd Sirol. Mae Treftadaeth MonLife yn y [&hellip;]<\/p>\n","protected":false},"author":6,"featured_media":0,"parent":2475,"menu_order":1,"comment_status":"closed","ping_status":"closed","template":"","meta":{"_acf_changed":false,"footnotes":""},"class_list":["post-29634","page","type-page","status-publish","hentry"],"acf":[],"_links":{"self":[{"href":"https:\/\/www.monlife.co.uk\/cy\/wp-json\/wp\/v2\/pages\/29634","targetHints":{"allow":["GET"]}}],"collection":[{"href":"https:\/\/www.monlife.co.uk\/cy\/wp-json\/wp\/v2\/pages"}],"about":[{"href":"https:\/\/www.monlife.co.uk\/cy\/wp-json\/wp\/v2\/types\/page"}],"author":[{"embeddable":true,"href":"https:\/\/www.monlife.co.uk\/cy\/wp-json\/wp\/v2\/users\/6"}],"replies":[{"embeddable":true,"href":"https:\/\/www.monlife.co.uk\/cy\/wp-json\/wp\/v2\/comments?post=29634"}],"version-history":[{"count":0,"href":"https:\/\/www.monlife.co.uk\/cy\/wp-json\/wp\/v2\/pages\/29634\/revisions"}],"up":[{"embeddable":true,"href":"https:\/\/www.monlife.co.uk\/cy\/wp-json\/wp\/v2\/pages\/2475"}],"wp:attachment":[{"href":"https:\/\/www.monlife.co.uk\/cy\/wp-json\/wp\/v2\/media?parent=29634"}],"curies":[{"name":"wp","href":"https:\/\/api.w.org\/{rel}","templated":true}]}}