{"id":27558,"date":"2024-01-24T11:00:44","date_gmt":"2024-01-24T11:00:44","guid":{"rendered":"https:\/\/www.monlife.co.uk\/?page_id=27558"},"modified":"2024-04-23T14:08:13","modified_gmt":"2024-04-23T13:08:13","slug":"pysgodyn-mawr","status":"publish","type":"page","link":"https:\/\/www.monlife.co.uk\/cy\/pysgodyn-mawr\/","title":{"rendered":"Pysgodyn Mawr"},"content":{"rendered":"\n<div style=\"height:23px\" aria-hidden=\"true\" class=\"wp-block-spacer\"><\/div>\n\n\n\n<figure class=\"wp-block-image size-large\"><img fetchpriority=\"high\" decoding=\"async\" width=\"1024\" height=\"441\" src=\"https:\/\/www.monlife.co.uk\/wp-content\/uploads\/2024\/03\/Website-1-1024x441.png\" alt=\"\" class=\"wp-image-27555\" srcset=\"https:\/\/www.monlife.co.uk\/wp-content\/uploads\/2024\/03\/Website-1-1024x441.png 1024w, https:\/\/www.monlife.co.uk\/wp-content\/uploads\/2024\/03\/Website-1-300x129.png 300w, https:\/\/www.monlife.co.uk\/wp-content\/uploads\/2024\/03\/Website-1-768x331.png 768w, https:\/\/www.monlife.co.uk\/wp-content\/uploads\/2024\/03\/Website-1-1536x661.png 1536w, https:\/\/www.monlife.co.uk\/wp-content\/uploads\/2024\/03\/Website-1-1568x675.png 1568w, https:\/\/www.monlife.co.uk\/wp-content\/uploads\/2024\/03\/Website-1.png 1586w\" sizes=\"(max-width: 1024px) 100vw, 1024px\" \/><\/figure>\n\n\n\n<h2 class=\"wp-block-heading has-text-align-center\"><strong>Diolch am ymweld \u00e2&#8217;n harddangosfa! &nbsp;<\/strong><\/h2>\n\n\n\n<p>Diolch i chi hefyd am fod eisiau dysgu mwy.&nbsp; Ar y dudalen hon, ein nod yw rhoi ychydig mwy o wybodaeth i chi nag yr oeddem yn gallu cynnwys yn yr arddangosfa. Rydym wedi gofyn i&#8217;r rhai sy&#8217;n cynnal digwyddiadau sy&#8217;n ymwneud ag afonydd i roi gwybod i ni, fel y gallwn eich diweddaru yn yr adran &#8216;digwyddiadau&#8217; isod. &nbsp;<\/p>\n\n\n\n<h3 class=\"wp-block-heading\"><strong>Y problemau y mae ein hafonydd yn eu hwynebu&nbsp;<\/strong><\/h3>\n\n\n\n<p>Nid oes un ffactor achosol pam fod iechyd ein hafonydd wedi bod yn dirywio, fel y mae ein harddangosfa\u2019n ceisio ei egluro. Mae&#8217;n ein cynnwys ni fel defnyddwyr, y ffordd y mae arferion amaethyddol modern wedi datblygu a hefyd ein seilwaith carthffosiaeth cyfyngedig.&nbsp; Nid oes unrhyw un wrth gwrs yn ceisio brifo ein hafonydd yn fwriadol, mae hyn dim ond yn broblem sydd wedi esblygu dros amser. Nawr mae pawb yn gyt\u00fbn ein bod am ddatrys ffyrdd o wneud pethau&#8217;n wahanol fel y gallwn ddechrau helpu pethau i wella.&nbsp;<\/p>\n\n\n\n<p>Fel newid yn yr hinsawdd a materion eraill sy&#8217;n wynebu&#8217;r byd modern, mae&#8217;r rhan fwyaf o wyddonwyr yn cytuno y dylem weithredu&#8217;n gyflym.&nbsp; Fel y dywed Simon Evans o Sefydliad Gwy ac Wysg, rydym mewn sefyllfa <em>&#8220;o foment dyngedfennol ym mywyd neu farwolaeth Afon Gwy&#8221;.<\/em>&nbsp;<\/p>\n\n\n\n<p>Un o achosion mwyaf y problemau sydd yn y ddwy afon yw&#8217;r lefelau uchel o ffosffadau sydd i&#8217;w cael yn yr afonydd erbyn hyn. Mae&#8217;r rhain yn achosi blodeuo algaidd sy&#8217;n newynu&#8217;r pysgod, planhigion ac infertebratau o\u2019r ocsigen hanfodol. Yn ystod y blynyddoedd diwethaf, mae&#8217;r blodeuo algaidd hyn yn lledaenu ac yn dod yn amlach. Yn 2020, roedd achos o flodeuo algaidd trwchus yn ymestyn am dros 140 milltir o afon Gwy. <em>&#8220;Mae terfynau ffosffad eisoes yn cael eu rhagori ar 31 pwynt yn nalgylch yr afon, gyda methiannau pellach yn debygol yn y dyfodol.&#8221;<\/em>&nbsp; (Cynllun Rheoli Maetholion Afon Gwy \u2013 Cynllun Gweithredu Ffosffad, 2021) &nbsp;<\/p>\n\n\n\n<p>Gall hyn arwain at gwymp o &#8216;we bywyd&#8217; gyfan yn yr afon. Felly os bydd ein holl bysgod yn mynd, mae&#8217;n ddigon posib mai canlyniad hynny felly yw diflaniad ein hadar megis glas y dorlan, trochwyr a chrehyrod.&nbsp;&nbsp;<\/p>\n\n\n\n<p>Mae yna nifer o ffynonellau ffosffadau.&nbsp; Mae ffosffad yn faethyn pwysig ar gyfer tyfu bwyd.&nbsp; Rydym wedi arfer \u00e2 phrynu bwyd am y prisiau rydyn ni&#8217;n eu prynu, ond i wneud hyn, mae angen i&#8217;r bwyd dyfu&#8217;n gyflym. Fodd bynnag, pan fydd gormod o&#8217;r maetholyn hwn yn mynd i mewn i&#8217;r afon, mae&#8217;n achosi tyfiant yr alg\u00e2u a phlanhigion sy&#8217;n effeithio&#8217;n andwyol ar ansawdd y d\u0175r, yn ogystal \u00e2 niweidio&#8217;r ecoleg leol.&nbsp;<\/p>\n\n\n\n<p>Mae ffosffadau hefyd yn cael eu hachosi gennym ni.&nbsp; Mae&#8217;r holl garthffosiaeth yn cynnwys ffosfforws, hyd at 17mg \/ litr, o ganlyniad i gynnwys ffosffad uchel y rhan fwyaf o lanedyddion a chynhyrchion glanhau.&nbsp; Dim ond tua 40% sy&#8217;n gallu cael eu trin gan gwmn\u00efau d\u0175r felly mae&#8217;r lefelau&#8217;n dal i fod yn rhy uchel ar gyfer dyfroedd sensitif.&nbsp; Y newyddion da yw y gallwn newid hyn trwy newid y glanedyddion a&#8217;r cemegau a ddefnyddiwn. &nbsp;&nbsp;<\/p>\n\n\n\n<p>Oeddech chi&#8217;n gwybod bod hyn nid yn unig yn y cemegau rydyn ni&#8217;n eu defnyddio yn ein cartref, sy&#8217;n cael eu tywallt i lawr ein toiledau neu drwy ein pibellau, ond hefyd yn ein carthion. Mae bodau dynol yn ysgarthu tua 3.3 miliwn tunnell o ffosfforws bob blwyddyn! &nbsp;<\/p>\n\n\n\n<p>A yw hynny&#8217;n golygu bod angen i ni roi&#8217;r gorau i ddefnyddio ffosfforws?&nbsp; Yr ateb yw na.&nbsp; Mae technolegau newydd yn dod i&#8217;r amlwg a fydd yn ein helpu i leihau ei ddefnydd ac mae mwy o gynhyrchion glanhau ecogyfeillgar bellach ar y farchnad.&nbsp; Mae&#8217;n galonogol bod pob un ohonom bellach yn deall bod hyn yn dod yn fater hollbwysig.&nbsp; Mae hefyd yn newyddion gwych i glywed ein bod ni fel defnyddwyr, y llywodraeth, elusennau, y diwydiant amaethyddol ac awdurdodau d\u0175r i gyd yn dod at ein gilydd i ddod o hyd i dechnolegau ac atebion newydd.&nbsp;<\/p>\n\n\n\n<p>Fel y byddwch wedi gweld o&#8217;r weledigaeth y mae pobl wedi&#8217;i nodi ar gyfer y dyfodol yn ein fideos, mae ffyrdd y gall eogiaid a physgod eraill ddychwelyd i&#8217;n hafonydd yn y niferoedd a welsom yn y gorffennol. &nbsp;<\/p>\n\n\n\n<p><strong>Am fwy o wybodaeth, dyma rai adnoddau defnyddiol ac astudiaethau achos: \u00a0<\/strong><\/p>\n\n\n\n<p><a href=\"https:\/\/eur03.safelinks.protection.outlook.com\/?url=https%3A%2F%2Fafonyddcymru.org%2Fabout-afonydd-cymru%2F&amp;data=05%7C02%7CJoelHamer%40monmouthshire.gov.uk%7C2105ccf6d91141d026af08dc5e2adc20%7C2c4d0079c52c4bb3b3cad8eaf1b6b7d5%7C0%7C0%7C638488785371628584%7CUnknown%7CTWFpbGZsb3d8eyJWIjoiMC4wLjAwMDAiLCJQIjoiV2luMzIiLCJBTiI6Ik1haWwiLCJXVCI6Mn0%3D%7C0%7C%7C%7C&amp;sdata=N41yWqIiqJD2TReSUEWFt6BLqhwDSGtbKlc4Ik%2BPimw%3D&amp;reserved=0\">About Afonydd Cymru | Afonydd Cymru<\/a><\/p>\n\n\n\n<p><a href=\"https:\/\/www.wyeuskfoundation.org\/\" target=\"_blank\" rel=\"noreferrer noopener\">Sefydliad Gwy a Brynbuga (wyeuskfoundation.org)<\/a>&nbsp;<\/p>\n\n\n\n<p><a href=\"https:\/\/naturalresources.wales\/about-us\/what-we-do\/our-roles-and-responsibilities\/water\/river-water-quality-our-responses-to-your-questions\/?lang=cy\" target=\"_blank\" rel=\"noreferrer noopener\">Cyfoeth Naturiol Cymru \/ Ansawdd d\u0175r afonydd: ein hymatebion i&#8217;ch cwestiynau<\/a>&nbsp;<\/p>\n\n\n\n<p><a href=\"https:\/\/corporate.dwrcymru.com\/cy-gb\/community\/investment-projects\/usk-community-project\" target=\"_blank\" rel=\"noreferrer noopener\">Prosiect Cymunedol Brynbuga | D\u0175r Cymru Welsh Water (dwrcymru.com)<\/a>&nbsp;<\/p>\n\n\n\n<p><a href=\"https:\/\/www.avarafoods.co.uk\/for-good\/our-planet\/the-river-wye\/\" target=\"_blank\" rel=\"noreferrer noopener\">Cynaliadwyedd: Tyfu dyfodol mwy gwyrdd&nbsp; \u2014 Avara Foods<\/a>&nbsp;<\/p>\n\n\n\n<p><a href=\"https:\/\/www.wildtrout.org\/assets\/reports\/The-State-of-the-River-UskFinal.pdf\" target=\"_blank\" rel=\"noreferrer noopener\">The-State-of-the-River-UskFinal.pdf (wildtrout.org)<\/a>&nbsp;<\/p>\n\n\n\n<p><a href=\"https:\/\/savethewye.org\/\">Save the Wye | A coalition of concerned groups and individuals across the catchment who are fighting to save the river Wye<\/a><\/p>\n\n\n\n<p><a href=\"https:\/\/friendsoftheriverwye.org.uk\/\">https:\/\/friendsoftheriverwye.org.uk\/<\/a><\/p>\n\n\n\n<p><a href=\"https:\/\/dyfodol.bannau.cymru\/usk-catchment-partnership\/\">Partneriaeth Dalgylch Afon Wysg &#8211; Dyfodol y Bannau<\/a><\/p>\n\n\n\n<p><a href=\"https:\/\/wyecatchmentpartnership.org\/\" target=\"_blank\" rel=\"noreferrer noopener\">Hafan &#8211; Partneriaeth Dalgylch Gwy<\/a>&nbsp;<\/p>\n\n\n\n<p><a href=\"https:\/\/www.wyevalley-nl.org.uk\/water-catchment-management\/\" target=\"_blank\" rel=\"noreferrer noopener\">Gwella dalgylch d\u0175r drwy reoli tir arloesol.&nbsp; &#8211; AHNE Dyffryn Gwy (wyevalley-nl.org.uk)<\/a>&nbsp; &nbsp;<\/p>\n\n\n\n<p><a href=\"https:\/\/www.nfuonline.com\/updates-and-information\/a-working-landscape-food-farming-and-the-river-wye\/\">https:\/\/www.nfuonline.com\/updates-and-information\/a-working-landscape-food-farming-and-the-river-wye\/<\/a><\/p>\n\n\n\n<h3 class=\"wp-block-heading\"><strong>Dod yn Ddinesydd Gwyddonydd!<\/strong> &nbsp;<\/h3>\n\n\n\n<p><strong>Mae llawer o sefydliadau yn chwilio am help i brofi pa mor fyw yw ein hafonydd.&nbsp; Gwirfoddolwch gyda&#8217;r sefydliadau canlynol: &nbsp;<\/strong><\/p>\n\n\n\n<p><a href=\"https:\/\/savethewye.org\/\">Save the Wye | A coalition of concerned groups and individuals across the catchment who are fighting to save the river Wye<\/a><\/p>\n\n\n\n<p><a href=\"https:\/\/friendsoftheriverwye.org.uk\/\">https:\/\/friendsoftheriverwye.org.uk\/<\/a><\/p>\n\n\n\n<p><a href=\"https:\/\/www.wyeuskfoundation.org\/\" target=\"_blank\" rel=\"noreferrer noopener\">Sefydliad Gwy a Brynbuga (wyeuskfoundation.org)<\/a>&nbsp;<\/p>\n\n\n\n<p><a href=\"https:\/\/www.gwentwildlife.org\/volunteering-opportunities\/water-quality-monitoring-citizen-scientist-volunteer-river-usk\" target=\"_blank\" rel=\"noreferrer noopener\">Gwirfoddolwr Gwyddonydd Dinasyddion Monitro Ansawdd D\u0175r &#8211; Afon Wysg | Ymddiriedolaeth Bywyd Gwyllt Gwent<\/a>&nbsp;<\/p>\n\n\n\n<p><a href=\"https:\/\/www.wyeuskfoundation.org\/join-a-citizen-science-group\/\" target=\"_blank\" rel=\"noreferrer noopener\">Grwpiau Gwyddoniaeth Dinasyddion | Sefydliad Gwy a Brynbuga (wyeuskfoundation.org)<\/a>&nbsp;<\/p>\n\n\n\n<p><a href=\"https:\/\/friendsofcastlemeadows.wordpress.com\/\" target=\"_blank\" rel=\"noreferrer noopener\">Cyfeillion Dolydd y Castell | Dolydd y Castell, Y Fenni (wordpress.com)<\/a>&nbsp;<\/p>\n\n\n\n<p><a href=\"https:\/\/keepwalestidy.cymru\/cy\/events\/\" target=\"_blank\" rel=\"noreferrer noopener\">Digwyddiadau &#8211; Cadwch Gymru&#8217;n Daclus<\/a>&nbsp;<\/p>\n\n\n\n<p><a href=\"https:\/\/www.gwentwildlife.org\/cy\/get-involved\" target=\"_blank\" rel=\"noreferrer noopener\">Cymryd rhan | Ymddiriedolaeth Bywyd Gwyllt Gwent<\/a>&nbsp;<\/p>\n\n\n\n<p><strong>Mae&#8217;r grwpiau hyn yn aml yn cynnal digwyddiadau.&nbsp; Cadwch lygad allan am eu cysylltiadau cyfryngau cymdeithasol i gael y wybodaeth ddiweddaraf am ddyddiau, teithiau cerdded a sgyrsiau gwyddoniaeth dinasyddion. &nbsp;<\/strong><\/p>\n\n\n\n<p><\/p>\n","protected":false},"excerpt":{"rendered":"<p>Diolch am ymweld \u00e2&#8217;n harddangosfa! &nbsp; Diolch i chi hefyd am fod eisiau dysgu mwy.&nbsp; Ar y dudalen hon, ein nod yw rhoi ychydig mwy o wybodaeth i chi nag [&hellip;]<\/p>\n","protected":false},"author":9,"featured_media":0,"parent":0,"menu_order":10,"comment_status":"closed","ping_status":"closed","template":"","meta":{"_acf_changed":false,"footnotes":""},"class_list":["post-27558","page","type-page","status-publish","hentry"],"acf":[],"_links":{"self":[{"href":"https:\/\/www.monlife.co.uk\/cy\/wp-json\/wp\/v2\/pages\/27558","targetHints":{"allow":["GET"]}}],"collection":[{"href":"https:\/\/www.monlife.co.uk\/cy\/wp-json\/wp\/v2\/pages"}],"about":[{"href":"https:\/\/www.monlife.co.uk\/cy\/wp-json\/wp\/v2\/types\/page"}],"author":[{"embeddable":true,"href":"https:\/\/www.monlife.co.uk\/cy\/wp-json\/wp\/v2\/users\/9"}],"replies":[{"embeddable":true,"href":"https:\/\/www.monlife.co.uk\/cy\/wp-json\/wp\/v2\/comments?post=27558"}],"version-history":[{"count":0,"href":"https:\/\/www.monlife.co.uk\/cy\/wp-json\/wp\/v2\/pages\/27558\/revisions"}],"wp:attachment":[{"href":"https:\/\/www.monlife.co.uk\/cy\/wp-json\/wp\/v2\/media?parent=27558"}],"curies":[{"name":"wp","href":"https:\/\/api.w.org\/{rel}","templated":true}]}}