{"id":2600,"date":"2023-01-23T10:23:50","date_gmt":"2023-01-23T10:23:50","guid":{"rendered":"https:\/\/www.monlife.co.uk\/?page_id=2600"},"modified":"2025-04-30T13:42:02","modified_gmt":"2025-04-30T12:42:02","slug":"activities","status":"publish","type":"page","link":"https:\/\/www.monlife.co.uk\/cy\/monactive\/activities\/","title":{"rendered":"Activities"},"content":{"rendered":"\n\n\n\n<h2 class=\"wp-block-heading\"><strong>Gweithgareddau<\/strong><\/h2>\n\n\n\n<p>Mae ein holl gyfleusterau hamdden yn cynnig ystod eang o offer mynediad i\u2019r anabl, dosbarthiadau a th\u00eem datblygu chwaraeon, sy\u2019n gweithredu nifer o raglenni a gweithdai. <br>I archebu gweithgaredd yn eich canolfan hamdden leol, bydd angen cyfrif BywydMonwy neu &#8216;<a href=\"https:\/\/monlife.legendonlineservices.co.uk\/enterprise\/account\/login\" target=\"_blank\" rel=\"noopener\" title=\"\"><strong>Sign Up<\/strong><\/a>&#8216; am ddim ar-lein. Cliciwch ar y ddolen ganlynol neu ffoniwch ni ar <a href=\"tel:01633 644800\"><strong>01633 644800<\/strong><\/a> i archebu.<\/p>\n\n\n\n<div style=\"height:20px\" aria-hidden=\"true\" class=\"wp-block-spacer\"><\/div>\n\n\n<a class=\"maxbutton-2 maxbutton maxbutton-dark-blue-button\" title=\"BOOK NOW\" href=\"https:\/\/monlife.legendonlineservices.co.uk\/enterprise\/bookingscentre\/index\"><span class='mb-text'>Archebwch nawr<\/span><\/a>\n\n\n<div class=\"oxi-addons-container   oxi-addons-flipbox-template-style5\">        <div class=\"oxilab-flip-box-wrapper\">\n                                <div class=\"oxilab-flip-box-col-2 oxilab-flip-box-padding-8\"\n                        sa-data-animation=\"\"\n                        sa-data-animation-offset=\"100%\"\r\n                        sa-data-animation-delay=\"0ms\"\r\n                        sa-data-animation-duration=\" 2000ms\"\n                        >\r\n                        <div class=\" oxilab-flip-box-body-8 oxilab-flip-box-body-8-80\">\n                                                        <div class=\"oxilab-flip-box-body-absulote\">\n                                <div class=\"oxilab-flip-box-flip oxilab-flip-box-flip-left-to-right\">\n                                    <div class=\"oxilab-flip-box-style-data easing_easeInOutCirc\">\n                                        <div class=\"oxilab-flip-box-style\">\n                                            <div class=\"oxilab-flip-box-front\">\n                                                <div class=\"oxilab-flip-box-8\">\n                                                    <div class=\"oxilab-flip-box-8-data\">\n\n                                                    <\/div>\n                                                <\/div>\n                                            <\/div>\n                                            <div class=\"oxilab-flip-box-back\">\n                                                <div class=\"oxilab-flip-box-back-8\">\n                                                    <div class=\"oxilab-flip-box-back-8-data\">\n                                                        <div class=\"oxilab-heading\">\n                                                            Maes Chwarae 3G (55 munud fesul archeb)                                                        <\/div>\n                                                        <div class=\"oxilab-info\">\n                                                            Mae ein Meysydd Chwarae 3G yn barod pan fyddwch chi, er mwyn i chi gael g\u00eam o b\u00eal-droed, rygbi neu dim ond cicio p\u00eal gyda ffrindiau. Eisiau archebu ar gyfer eich t\u00eem, rydym hefyd yn cynnig archebion bloc. Siaradwch \u00e2&apos;n t\u00eem cyfeillgar yn eich dewis ganolfan hamdden a fydd yn gallu rhoi cyngor ar argaeledd. Cae llawn \u2013 \u00a375.30 \/ \u00bd Cae - \u00a337.65.                                                        <\/div>\n                                                                                                            <\/div>\n                                                <\/div>\n                                            <\/div>\n                                        <\/div>\n                                    <\/div>\n                                <\/div>\n                            <\/div>\n                                                    <\/div>\n\n\n                        \n                    <\/div>\n                                        <div class=\"oxilab-flip-box-col-2 oxilab-flip-box-padding-8\"\n                        sa-data-animation=\"\"\n                        sa-data-animation-offset=\"100%\"\r\n                        sa-data-animation-delay=\"0ms\"\r\n                        sa-data-animation-duration=\" 2000ms\"\n                        >\r\n                        <div class=\" oxilab-flip-box-body-8 oxilab-flip-box-body-8-81\">\n                                                        <div class=\"oxilab-flip-box-body-absulote\">\n                                <div class=\"oxilab-flip-box-flip oxilab-flip-box-flip-left-to-right\">\n                                    <div class=\"oxilab-flip-box-style-data easing_easeInOutCirc\">\n                                        <div class=\"oxilab-flip-box-style\">\n                                            <div class=\"oxilab-flip-box-front\">\n                                                <div class=\"oxilab-flip-box-8\">\n                                                    <div class=\"oxilab-flip-box-8-data\">\n\n                                                    <\/div>\n                                                <\/div>\n                                            <\/div>\n                                            <div class=\"oxilab-flip-box-back\">\n                                                <div class=\"oxilab-flip-box-back-8\">\n                                                    <div class=\"oxilab-flip-box-back-8-data\">\n                                                        <div class=\"oxilab-heading\">\n                                                            Caeau Glaswellt Ffug (55 munud fesul archeb)                                                        <\/div>\n                                                        <div class=\"oxilab-info\">\n                                                            Mae ein Caeau Glaswellt Ffug yn barod pan fyddwch chi, er mwyn i chi gael g\u00eam o b\u00eal-droed, hoci neu dim ond ar gyfer ymarfer t\u00eem. Argymhellir archebu o flaen llaw! Am archebu ar gyfer eich t\u00eem, rydym hefyd yn cynnig archebion bloc. Siaradwch \u00e2&apos;n t\u00eem cyfeillgar yn eich canolfan hamdden ddewisol a fydd yn gallu rhoi cyngor ar argaeledd. Cae Llawn - \u00a359.40 \/ \u00bd Cae - \u00a327.45.                                                        <\/div>\n                                                                                                            <\/div>\n                                                <\/div>\n                                            <\/div>\n                                        <\/div>\n                                    <\/div>\n                                <\/div>\n                            <\/div>\n                                                    <\/div>\n\n\n                        \n                    <\/div>\n                                        <div class=\"oxilab-flip-box-col-2 oxilab-flip-box-padding-8\"\n                        sa-data-animation=\"\"\n                        sa-data-animation-offset=\"100%\"\r\n                        sa-data-animation-delay=\"0ms\"\r\n                        sa-data-animation-duration=\" 2000ms\"\n                        >\r\n                        <div class=\" oxilab-flip-box-body-8 oxilab-flip-box-body-8-82\">\n                                                        <div class=\"oxilab-flip-box-body-absulote\">\n                                <div class=\"oxilab-flip-box-flip oxilab-flip-box-flip-left-to-right\">\n                                    <div class=\"oxilab-flip-box-style-data easing_easeInOutCirc\">\n                                        <div class=\"oxilab-flip-box-style\">\n                                            <div class=\"oxilab-flip-box-front\">\n                                                <div class=\"oxilab-flip-box-8\">\n                                                    <div class=\"oxilab-flip-box-8-data\">\n\n                                                    <\/div>\n                                                <\/div>\n                                            <\/div>\n                                            <div class=\"oxilab-flip-box-back\">\n                                                <div class=\"oxilab-flip-box-back-8\">\n                                                    <div class=\"oxilab-flip-box-back-8-data\">\n                                                        <div class=\"oxilab-heading\">\n                                                            Badminton (55 munud fesul archeb - \u00a310.75)                                                        <\/div>\n                                                        <div class=\"oxilab-info\">\n                                                            Mae badminton yn gamp raced gyflym a hwyliog y gall dau neu bedwar chwaraewr ei chwarae. Bachwch eich ffrindiau, teulu neu wrthwynebydd i gael ychydig o hwyl! Argymhellir archebu o flaen llaw.                                                        <\/div>\n                                                                                                            <\/div>\n                                                <\/div>\n                                            <\/div>\n                                        <\/div>\n                                    <\/div>\n                                <\/div>\n                            <\/div>\n                                                    <\/div>\n\n\n                        \n                    <\/div>\n                                        <div class=\"oxilab-flip-box-col-2 oxilab-flip-box-padding-8\"\n                        sa-data-animation=\"\"\n                        sa-data-animation-offset=\"100%\"\r\n                        sa-data-animation-delay=\"0ms\"\r\n                        sa-data-animation-duration=\" 2000ms\"\n                        >\r\n                        <div class=\" oxilab-flip-box-body-8 oxilab-flip-box-body-8-83\">\n                                                        <div class=\"oxilab-flip-box-body-absulote\">\n                                <div class=\"oxilab-flip-box-flip oxilab-flip-box-flip-left-to-right\">\n                                    <div class=\"oxilab-flip-box-style-data easing_easeInOutCirc\">\n                                        <div class=\"oxilab-flip-box-style\">\n                                            <div class=\"oxilab-flip-box-front\">\n                                                <div class=\"oxilab-flip-box-8\">\n                                                    <div class=\"oxilab-flip-box-8-data\">\n\n                                                    <\/div>\n                                                <\/div>\n                                            <\/div>\n                                            <div class=\"oxilab-flip-box-back\">\n                                                <div class=\"oxilab-flip-box-back-8\">\n                                                    <div class=\"oxilab-flip-box-back-8-data\">\n                                                        <div class=\"oxilab-heading\">\n                                                            Ardal Gemau Aml-ddefnydd, (55 munud fesul archeb)                                                        <\/div>\n                                                        <div class=\"oxilab-info\">\n                                                            P\u00eal-fasged, P\u00eal-droed, P\u00eal-rwyd, Ardal Ymarfer (cwrt dwbl) - \u00a321.50                                                        <\/div>\n                                                                                                            <\/div>\n                                                <\/div>\n                                            <\/div>\n                                        <\/div>\n                                    <\/div>\n                                <\/div>\n                            <\/div>\n                                                    <\/div>\n\n\n                        \n                    <\/div>\n                                        <div class=\"oxilab-flip-box-col-2 oxilab-flip-box-padding-8\"\n                        sa-data-animation=\"\"\n                        sa-data-animation-offset=\"100%\"\r\n                        sa-data-animation-delay=\"0ms\"\r\n                        sa-data-animation-duration=\" 2000ms\"\n                        >\r\n                        <div class=\" oxilab-flip-box-body-8 oxilab-flip-box-body-8-84\">\n                                                        <div class=\"oxilab-flip-box-body-absulote\">\n                                <div class=\"oxilab-flip-box-flip oxilab-flip-box-flip-left-to-right\">\n                                    <div class=\"oxilab-flip-box-style-data easing_easeInOutCirc\">\n                                        <div class=\"oxilab-flip-box-style\">\n                                            <div class=\"oxilab-flip-box-front\">\n                                                <div class=\"oxilab-flip-box-8\">\n                                                    <div class=\"oxilab-flip-box-8-data\">\n\n                                                    <\/div>\n                                                <\/div>\n                                            <\/div>\n                                            <div class=\"oxilab-flip-box-back\">\n                                                <div class=\"oxilab-flip-box-back-8\">\n                                                    <div class=\"oxilab-flip-box-back-8-data\">\n                                                        <div class=\"oxilab-heading\">\n                                                            Neuadd Chwaraeon (55 munud fesul archeb)                                                        <\/div>\n                                                        <div class=\"oxilab-info\">\n                                                            P\u00eal-fasged, P\u00eal-droed, P\u00eal-rwyd, Ardal Ymarfer Neuadd Chwaraeon - \u00a343.00 \/ 1\/2 Neuadd Chwaraeon - \u00a321.50.                                                        <\/div>\n                                                                                                            <\/div>\n                                                <\/div>\n                                            <\/div>\n                                        <\/div>\n                                    <\/div>\n                                <\/div>\n                            <\/div>\n                                                    <\/div>\n\n\n                        \n                    <\/div>\n                                        <div class=\"oxilab-flip-box-col-2 oxilab-flip-box-padding-8\"\n                        sa-data-animation=\"\"\n                        sa-data-animation-offset=\"100%\"\r\n                        sa-data-animation-delay=\"0ms\"\r\n                        sa-data-animation-duration=\" 2000ms\"\n                        >\r\n                        <div class=\" oxilab-flip-box-body-8 oxilab-flip-box-body-8-85\">\n                                                        <div class=\"oxilab-flip-box-body-absulote\">\n                                <div class=\"oxilab-flip-box-flip oxilab-flip-box-flip-left-to-right\">\n                                    <div class=\"oxilab-flip-box-style-data easing_easeInOutCirc\">\n                                        <div class=\"oxilab-flip-box-style\">\n                                            <div class=\"oxilab-flip-box-front\">\n                                                <div class=\"oxilab-flip-box-8\">\n                                                    <div class=\"oxilab-flip-box-8-data\">\n\n                                                    <\/div>\n                                                <\/div>\n                                            <\/div>\n                                            <div class=\"oxilab-flip-box-back\">\n                                                <div class=\"oxilab-flip-box-back-8\">\n                                                    <div class=\"oxilab-flip-box-back-8-data\">\n                                                        <div class=\"oxilab-heading\">\n                                                            Sboncen (55 munud fesul archeb) \u2013 \u00a38.00)                                                        <\/div>\n                                                        <div class=\"oxilab-info\">\n                                                            Ewch amdani gyda g\u00eam gyflym o Sboncen. Gallwch chwarae senglau neu ddyblau yn un o&apos;n canolfannau a chael hwyl wrth chwysu! Argymhellir archebu o flaen llaw.                                                        <\/div>\n                                                                                                            <\/div>\n                                                <\/div>\n                                            <\/div>\n                                        <\/div>\n                                    <\/div>\n                                <\/div>\n                            <\/div>\n                                                    <\/div>\n\n\n                        \n                    <\/div>\n                                        <div class=\"oxilab-flip-box-col-2 oxilab-flip-box-padding-8\"\n                        sa-data-animation=\"\"\n                        sa-data-animation-offset=\"100%\"\r\n                        sa-data-animation-delay=\"0ms\"\r\n                        sa-data-animation-duration=\" 2000ms\"\n                        >\r\n                        <div class=\" oxilab-flip-box-body-8 oxilab-flip-box-body-8-86\">\n                                                        <div class=\"oxilab-flip-box-body-absulote\">\n                                <div class=\"oxilab-flip-box-flip oxilab-flip-box-flip-left-to-right\">\n                                    <div class=\"oxilab-flip-box-style-data easing_easeInOutCirc\">\n                                        <div class=\"oxilab-flip-box-style\">\n                                            <div class=\"oxilab-flip-box-front\">\n                                                <div class=\"oxilab-flip-box-8\">\n                                                    <div class=\"oxilab-flip-box-8-data\">\n\n                                                    <\/div>\n                                                <\/div>\n                                            <\/div>\n                                            <div class=\"oxilab-flip-box-back\">\n                                                <div class=\"oxilab-flip-box-back-8\">\n                                                    <div class=\"oxilab-flip-box-back-8-data\">\n                                                        <div class=\"oxilab-heading\">\n                                                            Tennis Bwrdd (55 munud fesul archeb - \u00a38.00)                                                        <\/div>\n                                                        <div class=\"oxilab-info\">\n                                                            Mae tennis bwrdd neu ping pong yn g\u00eam pen bwrdd wych ar gyfer campau hwyliog a chyfeillgar a all fod yn g\u00eam ymlaciol neu\u2019n gystadleuol. Ar gyfer 2 i 4 chwaraewr fesul cwrt, argymhellir archebu o flaen llaw.                                                        <\/div>\n                                                                                                            <\/div>\n                                                <\/div>\n                                            <\/div>\n                                        <\/div>\n                                    <\/div>\n                                <\/div>\n                            <\/div>\n                                                    <\/div>\n\n\n                        \n                    <\/div>\n                                        <div class=\"oxilab-flip-box-col-2 oxilab-flip-box-padding-8\"\n                        sa-data-animation=\"\"\n                        sa-data-animation-offset=\"100%\"\r\n                        sa-data-animation-delay=\"0ms\"\r\n                        sa-data-animation-duration=\" 2000ms\"\n                        >\r\n                        <div class=\" oxilab-flip-box-body-8 oxilab-flip-box-body-8-87\">\n                                                        <div class=\"oxilab-flip-box-body-absulote\">\n                                <div class=\"oxilab-flip-box-flip oxilab-flip-box-flip-left-to-right\">\n                                    <div class=\"oxilab-flip-box-style-data easing_easeInOutCirc\">\n                                        <div class=\"oxilab-flip-box-style\">\n                                            <div class=\"oxilab-flip-box-front\">\n                                                <div class=\"oxilab-flip-box-8\">\n                                                    <div class=\"oxilab-flip-box-8-data\">\n\n                                                    <\/div>\n                                                <\/div>\n                                            <\/div>\n                                            <div class=\"oxilab-flip-box-back\">\n                                                <div class=\"oxilab-flip-box-back-8\">\n                                                    <div class=\"oxilab-flip-box-back-8-data\">\n                                                        <div class=\"oxilab-heading\">\n                                                            Tennis (55 munud fesul archeb - \u00a36.40)                                                        <\/div>\n                                                        <div class=\"oxilab-info\">\n                                                            Chwaraewch senglau neu ddyblau ar ein cyrtiau Gemau Aml-ddefnydd allanol a mwynhewch yr awyr iach wrth chwarae g\u00eam tennis gyfeillgar (neu gystadleuol). Argymhellir archebu o flaen llaw!                                                        <\/div>\n                                                                                                            <\/div>\n                                                <\/div>\n                                            <\/div>\n                                        <\/div>\n                                    <\/div>\n                                <\/div>\n                            <\/div>\n                                                    <\/div>\n\n\n                        \n                    <\/div>\n                    \n\n        <\/div>\n        <\/div>\n\n\n\n<div style=\"height:5px\" aria-hidden=\"true\" class=\"wp-block-spacer\"><\/div>\n","protected":false},"excerpt":{"rendered":"<p>Gweithgareddau Mae ein holl gyfleusterau hamdden yn cynnig ystod eang o offer mynediad i\u2019r anabl, dosbarthiadau a th\u00eem datblygu chwaraeon, sy\u2019n gweithredu nifer o raglenni a gweithdai. I archebu gweithgaredd [&hellip;]<\/p>\n","protected":false},"author":6,"featured_media":0,"parent":8934,"menu_order":10,"comment_status":"closed","ping_status":"closed","template":"","meta":{"_acf_changed":false,"footnotes":""},"class_list":["post-2600","page","type-page","status-publish","hentry"],"acf":[],"_links":{"self":[{"href":"https:\/\/www.monlife.co.uk\/cy\/wp-json\/wp\/v2\/pages\/2600","targetHints":{"allow":["GET"]}}],"collection":[{"href":"https:\/\/www.monlife.co.uk\/cy\/wp-json\/wp\/v2\/pages"}],"about":[{"href":"https:\/\/www.monlife.co.uk\/cy\/wp-json\/wp\/v2\/types\/page"}],"author":[{"embeddable":true,"href":"https:\/\/www.monlife.co.uk\/cy\/wp-json\/wp\/v2\/users\/6"}],"replies":[{"embeddable":true,"href":"https:\/\/www.monlife.co.uk\/cy\/wp-json\/wp\/v2\/comments?post=2600"}],"version-history":[{"count":0,"href":"https:\/\/www.monlife.co.uk\/cy\/wp-json\/wp\/v2\/pages\/2600\/revisions"}],"up":[{"embeddable":true,"href":"https:\/\/www.monlife.co.uk\/cy\/wp-json\/wp\/v2\/pages\/8934"}],"wp:attachment":[{"href":"https:\/\/www.monlife.co.uk\/cy\/wp-json\/wp\/v2\/media?parent=2600"}],"curies":[{"name":"wp","href":"https:\/\/api.w.org\/{rel}","templated":true}]}}