{"id":24817,"date":"2023-10-12T17:22:33","date_gmt":"2023-10-12T16:22:33","guid":{"rendered":"https:\/\/www.monlife.co.uk\/outdoor\/green-infrastructure\/gwent-green-grid-partnership\/wellbeing-green-skills-training\/"},"modified":"2025-10-01T11:52:13","modified_gmt":"2025-10-01T10:52:13","slug":"wellbeing-green-skills-training","status":"publish","type":"page","link":"https:\/\/www.monlife.co.uk\/cy\/outdoor\/green-infrastructure\/gwent-green-grid-partnership\/wellbeing-green-skills-training\/","title":{"rendered":"Wellbeing, Green Skills &amp; Training"},"content":{"rendered":"\n<h2 class=\"wp-block-heading\"><strong>Lles, Sgiliau Gwyrdd a Hyfforddiant<\/strong><\/h2>\n\n\n\n<p><strong>Mae bod y tu allan yn gwneud i ni deimlo&#8217;n dda!<\/strong><\/p>\n\n\n\n<p>Mae manteision cysylltu ystyrlon \u00e2 natur yn niferus, ac amrywiol.&nbsp; Mae Cydlynydd Iechyd a Lles Rhanbarthol PGGG yn arwain y gwaith hwn i wella lles, cynyddu cyfleoedd i grwpiau ac unigolion gael mynediad i fannau gwyrdd, a gwella ansawdd mannau gwyrdd, yn enwedig o amgylch ardaloedd difreintiedig.<\/p>\n\n\n\n<p>Mae penodi &#8216;Swyddog Sgiliau a Hyfforddiant Gwyrdd&#8217; ym mis Mai 2023 wedi cryfhau&#8217;r T\u00eem PGGG ac wedi paratoi&#8217;r ffordd ar gyfer dull mwy cyfannol o ymdrin \u00e2&#8217;r maes gwaith hwn. Trwy weithio ar y cyd \u00e2&#8217;r Cydlynydd Iechyd a Lles, rydym wedi gallu nodi a darparu ystod o gyfleoedd hyfforddiant a datblygu mewn ymateb i anghenion gwirfoddolwyr.&nbsp; Enghraifft o ble mae&#8217;r dull cydweithredol hwn wedi bod yn llwyddiannus yw comisiynu Coed Lleol i ddarparu Rhaglen Dysgu Awyr Agored Lefel 2, achrededig Agored Cymru, ar gyfer cyn-filwyr y gwasanaethau arfog, sy&#8217;n derbyn triniaeth yn Ysbyty Maindiff Court.<\/p>\n\n\n\n<p>Arweiniodd y cysylltiadau cryf ag ystod eang o grwpiau cymunedol, a sefydlwyd yn ystod &#8216;Cam 1&#8217; y rhaglen, at lawer o Brosiectau Iechyd a Lles arloesol ac effeithiol. Cipiwyd enghreifftiau o&#8217;r prosiectau hynny yn fideos Prosiect Iechyd a Lles PGGG, a gomisiynwyd gennym gan Yogi Communications:<\/p>\n\n\n\n<ul class=\"wp-block-list\">\n<li><strong><strong>Ffordd i Natur (Casnewydd)<\/strong>&nbsp;<a href=\"https:\/\/youtu.be\/XoZg8H058LE\">https:\/\/youtu.be\/XoZg8H058LE<\/a><\/strong><\/li>\n\n\n\n<li><strong><strong>Basecamp Cas-gwent (Trefynwy)<\/strong>&nbsp;<\/strong><a href=\"https:\/\/youtu.be\/8wSzgYO2fq4 \">https:\/\/youtu.be\/8wSzgYO2fq4<\/a><\/li>\n\n\n\n<li><strong>Pentref Tyleri (Blaenau-Gwent)&nbsp;<a href=\"https:\/\/youtu.be\/5MsAXzsrUrg\">https:\/\/youtu.be\/5MsAXzsrUrg<\/a><\/strong><\/li>\n\n\n\n<li><strong><strong><strong>Gerddi Addysgol Taraggan (Caerffili)<\/strong><\/strong>&nbsp;<\/strong> <strong><a href=\"https:\/\/youtu.be\/3PaSK7Qle5s\">https:\/\/youtu.be\/3PaSK7Qle5s<\/a><\/strong><\/li>\n\n\n\n<li><strong>Able Radio (Torfaen)&nbsp;<a href=\"https:\/\/youtu.be\/MxeAouewu2A\">https:\/\/youtu.be\/MxeAouewu2A<\/a><\/strong><\/li>\n<\/ul>\n\n\n\n<p>Defnyddiwyd y fideos hynny i lywio ac ysbrydoli llawer o grwpiau cymunedol eraill ar draws rhanbarth Gwent.<\/p>\n\n\n\n<p>Un o&#8217;r heriau allweddol yn &#8216;Cam 2&#8217; PGGG yw sut rydym yn parhau i gefnogi&#8217;r grwpiau cymunedol a ariannwyd gennym yng ngham 1, wrth greu cysylltiadau gyda, wrth gefnogi ac ariannu carfan newydd o grwpiau cymunedol.<\/p>\n\n\n\n<p>Un o&#8217;r ffyrdd yr ydym wedi cyflawni hyn yw drwy greu rhwydweithiau cymorth sy&#8217;n caniat\u00e1u i grwpiau cymunedol rannu gwybodaeth a Deallusrwydd mewn perthynas \u00e2 llesiant, natur, cynhyrchu bwyd cynaliadwy a mannau gwyrdd.<\/p>\n\n\n\n<p>Roedd y Digwyddiad Rhwydwaith Lles a gynhaliwyd yn Neuadd Goffa Trecelyn ym mis Tachwedd yn un cyfle rhwydweithio o&#8217;r fath. Mynychodd grwpiau Cymunedol o Flaenau Gwent a Chaerffili a denwyd 43 o gynrychiolwyr a 6 chyflwyniad yn cynnwys 10 cyflwynydd.<\/p>\n\n\n\n<p>Roedd yr adborth yn gadarnhaol dros ben, gyda&#8217;r mwyafrif o&#8217;r rhai a wnaeth gwblhau ffurflenni gwerthuso yn gofyn am ddigwyddiadau rhwydweithio ddwywaith y flwyddyn.<\/p>\n\n\n\n<div style=\"height:10px\" aria-hidden=\"true\" class=\"wp-block-spacer\"><\/div>\n\n\n\n<figure class=\"wp-block-gallery has-nested-images columns-default is-cropped wp-block-gallery-1 is-layout-flex wp-block-gallery-is-layout-flex\">\n<figure class=\"wp-block-image size-large\"><img fetchpriority=\"high\" decoding=\"async\" width=\"671\" height=\"503\" data-id=\"27116\" src=\"https:\/\/www.monlife.co.uk\/wp-content\/uploads\/2024\/02\/Network-Event2.jpg\" alt=\"\" class=\"wp-image-27116\" srcset=\"https:\/\/www.monlife.co.uk\/wp-content\/uploads\/2024\/02\/Network-Event2.jpg 671w, https:\/\/www.monlife.co.uk\/wp-content\/uploads\/2024\/02\/Network-Event2-300x225.jpg 300w\" sizes=\"(max-width: 671px) 100vw, 671px\" \/><\/figure>\n\n\n\n<figure class=\"wp-block-image size-large\"><img decoding=\"async\" width=\"669\" height=\"502\" data-id=\"27118\" src=\"https:\/\/www.monlife.co.uk\/wp-content\/uploads\/2024\/02\/Network-Event1.jpg\" alt=\"\" class=\"wp-image-27118\" srcset=\"https:\/\/www.monlife.co.uk\/wp-content\/uploads\/2024\/02\/Network-Event1.jpg 669w, https:\/\/www.monlife.co.uk\/wp-content\/uploads\/2024\/02\/Network-Event1-300x225.jpg 300w\" sizes=\"(max-width: 669px) 100vw, 669px\" \/><\/figure>\n<\/figure>\n\n\n\n<p>Ers dechrau &#8216;Cam 2&#8217; ym mis Ebrill 2023, mae&#8217;r Cydlynydd Iechyd a Lles wedi sefydlu cysylltiadau \u00e2 26 o grwpiau cymunedol &#8216;newydd&#8217;.&nbsp; Mae llawer o&#8217;r grwpiau hyn wedi cychwyn prosiectau newydd a\/neu meysydd gwaith.&nbsp;<\/p>\n\n\n\n<p>Er ein bod wedi ymdrechu i sicrhau bod dull teg o gefnogi a darparu ar draws pob un o&#8217;r 5 awdurdod lleol sy&#8217;n cymryd rhan, mae gwahaniaethau yn y dyraniad cyllid trwy&#8217;r Gronfa Ffyniant Gyffredin wedi arwain at lawer mwy o gyllid ar gael mewn rhai awdurdodau lleol nag eraill.<\/p>\n\n\n\n<p>Fodd bynnag, mae llawer o brosiectau da yn digwydd ar draws y rhanbarth:<\/p>\n\n\n\n<div style=\"height:10px\" aria-hidden=\"true\" class=\"wp-block-spacer\"><\/div>\n\n\n<div class=\"wp-block-image\">\n<figure class=\"aligncenter size-full\"><img decoding=\"async\" width=\"381\" height=\"214\" src=\"https:\/\/www.monlife.co.uk\/wp-content\/uploads\/2024\/02\/Special-Movers.jpg\" alt=\"\" class=\"wp-image-27120\" srcset=\"https:\/\/www.monlife.co.uk\/wp-content\/uploads\/2024\/02\/Special-Movers.jpg 381w, https:\/\/www.monlife.co.uk\/wp-content\/uploads\/2024\/02\/Special-Movers-300x169.jpg 300w\" sizes=\"(max-width: 381px) 100vw, 381px\" \/><\/figure>\n<\/div>\n\n\n<p>Ym Mlaenau Gwent rydym wedi bod yn gweithio gyda \u2018Special Movers\u2019 sydd wedi&#8217;u lleoli yng Nghanolfan Gymunedol Rassau. Maent yn gweithio gyda phlant a phobl ifanc sydd ag anawsterau corfforol a dysgu sylweddol.&nbsp; Rydym yn eu hariannu a&#8217;u cefnogi i ddatblygu&#8217;r gofod allanol y tu \u00f4l i&#8217;r adeilad i greu gardd fwytadwy \/ bywyd gwyllt.<\/p>\n\n\n\n<div style=\"height:10px\" aria-hidden=\"true\" class=\"wp-block-spacer\"><\/div>\n\n\n\n<figure class=\"wp-block-gallery has-nested-images columns-default is-cropped wp-block-gallery-2 is-layout-flex wp-block-gallery-is-layout-flex\">\n<figure class=\"wp-block-image size-large\"><img loading=\"lazy\" decoding=\"async\" width=\"291\" height=\"218\" data-id=\"27122\" src=\"https:\/\/www.monlife.co.uk\/wp-content\/uploads\/2024\/02\/Ty-Siriol-1.jpg\" alt=\"\" class=\"wp-image-27122\"\/><\/figure>\n\n\n\n<figure class=\"wp-block-image size-large\"><img loading=\"lazy\" decoding=\"async\" width=\"300\" height=\"221\" data-id=\"27124\" src=\"https:\/\/www.monlife.co.uk\/wp-content\/uploads\/2024\/02\/Ty-Siriol-2.jpg\" alt=\"\" class=\"wp-image-27124\"\/><\/figure>\n<\/figure>\n\n\n\n<p>Yng Nghaerffili, rydym yn gweithio gyda Growing Space ar safle T\u0177 Siriol yn Sant Martin. Maen nhw&#8217;n creu rhan dawel o&#8217;r ardd a fydd yn cael ei defnyddio ar gyfer myfyrio, ymwybyddiaeth ofalgar a chwnsela.<\/p>\n\n\n\n<p>Yn Sir Fynwy, rydym yn gweithio gyda Chyfeillion Dolydd y Castell. Rydym yn ariannu &#8216;panel dehongli&#8217; dwyieithog ger y pwll. Bydd hyn o fudd i lawer o ddefnyddwyr y safle mynediad agored, ond bydd o fudd arbennig i blant o ysgolion cynradd lleol, sy&#8217;n defnyddio&#8217;r ardal ar gyfer trochi pyllau a theithiau cerdded natur.<\/p>\n\n\n\n<p>Yng Nghasnewydd, rydym yn parhau i weithio gyda &#8216;Twmps Nature Group&#8217; a \u2018Friends of Road to Nature\u2019. Ar hyn o bryd rwy&#8217;n gweithio gyda&#8217;n Swyddog Sgiliau a Hyfforddiant Gwyrdd i gynnig amrywiaeth o hyfforddiant sgiliau gwledig i&#8217;w gwirfoddolwyr.&nbsp; Yn ogystal, rydym wedi ariannu Ymddiriedolaeth Pill i ddatblygu gardd bywyd gwyllt yn y ganolfan gymunedol sydd wedi&#8217;i lleoli yn Eglwys Sant Stephen, Pilgwenlli.<\/p>\n\n\n\n<p>Yn Nhorfaen, rydym yn parhau i weithio gydag &#8216;Able Wales&#8217; ac yn cefnogi eu cysylltiadau \u00e2 Choetir Cymunedol Blaen Br\u00e2n. Drwy ariannu Blaen Br\u00e2n i brynu a gosod toiledau compostio, rydym yn gobeithio cynyddu cyfleoedd i fwy o drigolion a grwpiau cymunedol gymryd rhan mewn gweithgareddau llesiant ar y safle.<\/p>\n\n\n\n<div style=\"height:15px\" aria-hidden=\"true\" class=\"wp-block-spacer\"><\/div>\n\n\n\n<hr class=\"wp-block-separator has-alpha-channel-opacity\"\/>\n\n\n\n<h2 class=\"wp-block-heading\"><strong>Cyfleoedd Hyfforddiant<\/strong><\/h2>\n\n\n\n<p>Bydd PGGG yn gweithio gydag ysgolion, gwirfoddolwyr a grwpiau cymunedol ledled Gwent, gan gynnig cyfleoedd hyfforddi sy&#8217;n ymwneud \u00e2 natur, hinsawdd a lles. Bydd ein Cydlynydd Sgiliau Gwyrdd Tirwedd a Chefn Gwlad Rhanbarthol yn arwain y gwaith hwn. Bydd cyfleoedd ar gyfer hyfforddiant yn cael eu postio yma, felly cadwch lygad ar y dudalen hon.<\/p>\n\n\n\n<h4 class=\"wp-block-heading\"><strong>Adnoddau<\/strong><\/h4>\n\n\n<div class=\"wp-block-image is-resized\">\n<figure class=\"aligncenter size-large\"><img loading=\"lazy\" decoding=\"async\" width=\"1024\" height=\"576\" src=\"https:\/\/www.monlife.co.uk\/wp-content\/uploads\/2023\/08\/Screenshot-2023-08-24-143732-e1692884823547-1024x576.png\" alt=\"\" class=\"wp-image-24007\" style=\"aspect-ratio:1.7777777777777777;width:612px;height:auto\" srcset=\"https:\/\/www.monlife.co.uk\/wp-content\/uploads\/2023\/08\/Screenshot-2023-08-24-143732-e1692884823547-1024x576.png 1024w, https:\/\/www.monlife.co.uk\/wp-content\/uploads\/2023\/08\/Screenshot-2023-08-24-143732-e1692884823547-300x169.png 300w, https:\/\/www.monlife.co.uk\/wp-content\/uploads\/2023\/08\/Screenshot-2023-08-24-143732-e1692884823547-768x432.png 768w, https:\/\/www.monlife.co.uk\/wp-content\/uploads\/2023\/08\/Screenshot-2023-08-24-143732-e1692884823547-1536x864.png 1536w, https:\/\/www.monlife.co.uk\/wp-content\/uploads\/2023\/08\/Screenshot-2023-08-24-143732-e1692884823547-2048x1152.png 2048w, https:\/\/www.monlife.co.uk\/wp-content\/uploads\/2023\/08\/Screenshot-2023-08-24-143732-e1692884823547-1568x882.png 1568w\" sizes=\"(max-width: 1024px) 100vw, 1024px\" \/><\/figure>\n<\/div>\n\n\n<div class=\"wp-block-file aligncenter\"><a id=\"wp-block-file--media-937f31cf-5162-4c7b-b7ca-bc2a21896b9f\" href=\"https:\/\/www.monlife.co.uk\/wp-content\/uploads\/2023\/08\/Digital-Resource-Cym-01-06-23-.pptx\"><strong>Adnodd Dysgu<\/strong><\/a><a href=\"https:\/\/www.monlife.co.uk\/wp-content\/uploads\/2023\/08\/Digital-Resource-Cym-01-06-23-.pptx\" class=\"wp-block-file__button wp-element-button\" download aria-describedby=\"wp-block-file--media-937f31cf-5162-4c7b-b7ca-bc2a21896b9f\">Download<\/a><\/div>\n\n\n\n<p>Mae adnodd dysgu wedi&#8217;i gynllunio i helpu athrawon a dysgwyr i brofi, archwilio ac arsylwi rhyfeddodau&#8217;r byd naturiol trwy 5 Disgyblaeth y Celfyddydau Mynegiannol. Mae&#8217;r adnodd yn defnyddio addasiadau anhygoel y blodau, adar, gwenyn, pili-palod, chwilod a choed o&#8217;n cwmpas, i ddarparu cyfleoedd arloesol i ddysgwyr ddatblygu eu gwybodaeth am yr amgylchedd a&#8217;u sgiliau creadigol.<\/p>\n\n\n\n<p><strong>Archwilio&#8217;r amgylchedd naturiol drwy&#8217;r celfyddydau mynegiannol. Ar gael i&#8217;w lawrlwytho nawr<\/strong><\/p>\n\n\n\n<p>Mae&#8217;r amgylchedd a&#8217;i amrywiaeth o bethau byw, ei fioamrywiaeth, yn darparu&#8217;r ysbrydoliaeth a&#8217;r ffocws ar gyfer y gweithgareddau trawsgwricwlaidd amrywiol, diddorol a phleserus yn yr adnodd hwn.<\/p>\n\n\n\n<p>Fe&#8217;i cynlluniwyd i helpu athrawon a dysgwyr i brofi, archwilio ac arsylwi rhyfeddodau&#8217;r byd naturiol trwy 5 Disgyblaeth y Celfyddydau Mynegiannol.&nbsp; Mae&#8217;r adnodd yn defnyddio addasiadau anhygoel y blodau, adar, gwenyn, pili-palod, chwilod a choed o&#8217;n cwmpas, i ddarparu cyfleoedd arloesol i ddysgwyr ddatblygu eu gwybodaeth am yr amgylchedd a&#8217;u sgiliau creadigol trwy\u2019r canlynol:<\/p>\n\n\n\n<ul class=\"wp-block-list\">\n<li>darlunio gofalgar<\/li>\n\n\n\n<li>creu mygydau peillwyr perffaith<\/li>\n\n\n\n<li>drama fyrfyfyr ac \u00e2 sgript<\/li>\n\n\n\n<li>creu coreograffi a dyfeisio dawns\/symudiad<\/li>\n\n\n\n<li>cyfansoddi cerddoriaeth syml<\/li>\n\n\n\n<li>gwneud ffilmiau<\/li>\n<\/ul>\n\n\n\n<p>Gobeithio ein bod wedi ei gwneud hi&#8217;n hawdd i bawb gael mynediad ati, does dim rhaid i chi fod yn arbenigwr celfyddydau mynegiannol nac amgylcheddol!<\/p>\n\n\n\n<p>Mae&#8217;r cyfan yno i chi, cynlluniau sesiwn, gwybodaeth ddefnyddiol, (cyfeirio ystyriaethau penodol i&#8217;r ddisgyblaeth), nodau ac amcanion (sy&#8217;n gysylltiedig \u00e2 chamau dilyniant) ynghyd ag awgrymiadau ar gyfer gweithgareddau estyn.&nbsp; Fe wnaethom fwynhau treialu&#8217;r sesiynau hyn a chawsom adborth hyfryd, gobeithio y byddwch yn mwynhau defnyddio&#8217;r adnodd hefyd.&nbsp;<\/p>\n\n\n\n<p>Hyfforddiant Sgiliau Gwyrdd<\/p>\n\n\n\n<p>Mae ein rhaglen hyfforddi sgiliau gwyrdd yn helpu i feithrin gallu a hyder mewn sgiliau sy&#8217;n seiliedig ar natur ledled Gwent.<\/p>\n\n\n\n<h3 class=\"wp-block-heading\"><strong>Hyfforddiant Defnyddio Llif Gadwyn<\/strong><\/h3>\n\n\n\n<p>Ym mis Mawrth ac Ebrill 2025, llwyddodd gwirfoddolwr o Gyngor Bwrdeistref Sirol Caerffili (CCBC) i gyflawni Tystysgrif Cymhwysedd Lefel 2 City &amp; Guilds mewn Cynnal a Chadw Llifiau Cadwyn, Torri Traws, a Thorri Coed Bach (hyd at 380mm). Mae&#8217;r unigolyn hwn yn dilyn newid gyrfa i reoli cefn gwlad neu goetiroedd, a bydd yr hyfforddiant a ddarperir yn gwella ei rhagolygon cyflogaeth yn y dyfodol yn sylweddol.<\/p>\n\n\n\n<p><strong>Cwrs chwilota bwyd yng Nghas-gwent<\/strong><\/p>\n\n\n\n<p>Cymerodd gr\u0175p o 18 o gerddwyr o grwpiau cerdded New Tredegar Strollers a Dicky Tickers ran mewn antur chwilota bwyd ar hyd aber Cas-gwent, o fewn safle gwarchodedig Gwastadeddau Gwent. Cynhaliwyd y sesiwn gan Chloe o Gourmet Gatherings a pharhaodd am dair awr, lle nododd y cyfranogwyr ystod eang o blanhigion bwytadwy gan gynnwys danadl poethion, llarwydd, llau&#8217;r offeiriad, ffacbys, briallu gwair, danadl poethion marw gwyn a choch\/porffor, eiddew daear, ffenigl, perlysiau robert , suran y defaid, dant y llew, prysgwydd, alexander, sbigoglys y m\u00f4r, glaswellt saeth, a serenllys y m\u00f4r.<\/p>\n\n\n\n<p>Mwynhaodd y gr\u0175p hefyd fwyd a diodydd a baratowyd gan Chloe gan ddefnyddio cynhwysion a gasglwyd yn lleol. Helpodd y gweithgaredd hwn i feithrin gwerthfawrogiad a dealltwriaeth ddyfnach o rwydweithiau natur mewn ardal sy&#8217;n gyfoethog o ran treftadaeth naturiol a diwylliannol.<\/p>\n\n\n\n<div style=\"height:30px\" aria-hidden=\"true\" class=\"wp-block-spacer\"><\/div>\n\n\n\n<p class=\"has-text-align-right has-medium-font-size\"><strong><a href=\"https:\/\/www.monlife.co.uk\/cy\/outdoor\/green-infrastructure\/gwent-green-grid-partnership\/\">&lt; Yn \u00f4l i Grid Gwyrdd Gwent<\/a><\/strong><\/p>\n\n\n\n<div style=\"height:60px\" aria-hidden=\"true\" class=\"wp-block-spacer\"><\/div>\n\n\n\n<div class=\"wp-block-columns is-layout-flex wp-container-core-columns-is-layout-9d6595d7 wp-block-columns-is-layout-flex\">\n<div class=\"wp-block-column is-layout-flow wp-block-column-is-layout-flow\"><div class=\"wp-block-image\">\n<figure class=\"aligncenter size-large\"><img loading=\"lazy\" decoding=\"async\" width=\"1024\" height=\"184\" src=\"https:\/\/www.monlife.co.uk\/wp-content\/uploads\/2023\/10\/39.-Heritage-WG-Logo-1-1024x184.png\" alt=\"\" class=\"wp-image-24593\" style=\"aspect-ratio:5.571428571428571\" srcset=\"https:\/\/www.monlife.co.uk\/wp-content\/uploads\/2023\/10\/39.-Heritage-WG-Logo-1-1024x184.png 1024w, https:\/\/www.monlife.co.uk\/wp-content\/uploads\/2023\/10\/39.-Heritage-WG-Logo-1-300x54.png 300w, https:\/\/www.monlife.co.uk\/wp-content\/uploads\/2023\/10\/39.-Heritage-WG-Logo-1-768x138.png 768w, https:\/\/www.monlife.co.uk\/wp-content\/uploads\/2023\/10\/39.-Heritage-WG-Logo-1-1536x277.png 1536w, https:\/\/www.monlife.co.uk\/wp-content\/uploads\/2023\/10\/39.-Heritage-WG-Logo-1-1568x282.png 1568w, https:\/\/www.monlife.co.uk\/wp-content\/uploads\/2023\/10\/39.-Heritage-WG-Logo-1.png 1683w\" sizes=\"(max-width: 1024px) 100vw, 1024px\" \/><\/figure>\n<\/div><\/div>\n\n\n\n<div class=\"wp-block-column is-layout-flow wp-block-column-is-layout-flow\"><div class=\"wp-block-image\">\n<figure class=\"aligncenter size-full is-resized\"><img loading=\"lazy\" decoding=\"async\" width=\"1024\" height=\"183\" src=\"https:\/\/www.monlife.co.uk\/wp-content\/uploads\/2025\/10\/funded-by-UK-government-logo-1024x183-1.png\" alt=\"\" class=\"wp-image-34655\" style=\"width:229px;height:auto\"\/><\/figure>\n<\/div><\/div>\n<\/div>\n\n\n\n<p><\/p>\n","protected":false},"excerpt":{"rendered":"<p>Lles, Sgiliau Gwyrdd a Hyfforddiant Mae bod y tu allan yn gwneud i ni deimlo&#8217;n dda! Mae manteision cysylltu ystyrlon \u00e2 natur yn niferus, ac amrywiol.&nbsp; Mae Cydlynydd Iechyd a [&hellip;]<\/p>\n","protected":false},"author":6,"featured_media":0,"parent":8870,"menu_order":4,"comment_status":"closed","ping_status":"closed","template":"","meta":{"_acf_changed":false,"footnotes":""},"class_list":["post-24817","page","type-page","status-publish","hentry"],"acf":[],"_links":{"self":[{"href":"https:\/\/www.monlife.co.uk\/cy\/wp-json\/wp\/v2\/pages\/24817","targetHints":{"allow":["GET"]}}],"collection":[{"href":"https:\/\/www.monlife.co.uk\/cy\/wp-json\/wp\/v2\/pages"}],"about":[{"href":"https:\/\/www.monlife.co.uk\/cy\/wp-json\/wp\/v2\/types\/page"}],"author":[{"embeddable":true,"href":"https:\/\/www.monlife.co.uk\/cy\/wp-json\/wp\/v2\/users\/6"}],"replies":[{"embeddable":true,"href":"https:\/\/www.monlife.co.uk\/cy\/wp-json\/wp\/v2\/comments?post=24817"}],"version-history":[{"count":0,"href":"https:\/\/www.monlife.co.uk\/cy\/wp-json\/wp\/v2\/pages\/24817\/revisions"}],"up":[{"embeddable":true,"href":"https:\/\/www.monlife.co.uk\/cy\/wp-json\/wp\/v2\/pages\/8870"}],"wp:attachment":[{"href":"https:\/\/www.monlife.co.uk\/cy\/wp-json\/wp\/v2\/media?parent=24817"}],"curies":[{"name":"wp","href":"https:\/\/api.w.org\/{rel}","templated":true}]}}