{"id":22564,"date":"2022-06-13T12:30:24","date_gmt":"2022-06-13T11:30:24","guid":{"rendered":"https:\/\/www.monlife.co.uk\/outdoor\/green-infrastructure\/partneriaethau-seilwaith-gwyrdd\/gwent-green-grid-partnership\/itree-eco-study\/"},"modified":"2023-10-13T14:07:49","modified_gmt":"2023-10-13T13:07:49","slug":"itree-eco-study","status":"publish","type":"page","link":"https:\/\/www.monlife.co.uk\/cy\/outdoor\/green-infrastructure\/gwent-green-grid-partnership\/gi-strategies\/itree-eco-study\/","title":{"rendered":"iTree Eco Study"},"content":{"rendered":"\n<div style=\"height:10px\" aria-hidden=\"true\" class=\"wp-block-spacer\"><\/div>\n\n\n\n<h2 class=\"wp-block-heading\"><strong>Astudiaeth iTree Eco<\/strong><\/h2>\n\n\n\n<p>Mae&#8217;r PGGG wedi defnyddio dull i-Tree Eco mewn dwy ardal astudio achos yng Ngwent: y cyntaf yng Nghasnewydd a&#8217;r ail yng Nghas-gwent a Glannau Hafren yn Sir Fynwy. Mae i-Tree Eco yn feddalwedd a ddefnyddir i fesur strwythur ac effeithiau amgylcheddol coed trefol a chyfrifo\u2019u gwerth i gymdeithas mewn perthynas \u00e2: gwytnwch stociau coed trefol cyfredol a chynlluniedig i newid yn yr hinsawdd, eu r\u00f4l wrth reoleiddio tymheredd, a rheoli d\u0175r. Gellir defnyddio data o arolwg i-Tree Eco i helpu&#8217;r rhai sy&#8217;n gofalu am y coed hyn i wneud penderfyniadau rheoli mwy gwybodus. <\/p>\n\n\n\n<p>Yng ngham casglu data&#8217;r prosiect, hyfforddwyd gr\u0175p o wirfoddolwyr i ymgymryd \u00e2 cham casglu data&#8217;r prosiect, gan gynrychioli cyfraniad gwych i&#8217;r prosiect yn ei gyfanrwydd yn ogystal \u00e2 rhoi cyfle uniongyrchol iddynt ddysgu mwy am goed.&nbsp; Mae ymchwil i goedwigoedd bellach yn mynd rhagddo&#8217;n gyflym gydag adroddiad technegol ar gyfer T\u00eem Cyflawni&#8217;r GGG, gan gynnwys crynodeb ar gyfer darllenwyr nad ydynt yn arbenigwyr, a bydd hyn yn barod ddechrau haf 2022.&nbsp; Mae &#8220;Canllaw i redeg eich prosiect i-Tree Eco eich hun&#8221; hefyd wedi&#8217;i baratoi, sy&#8217;n dwyn ynghyd yr hanfodion i helpu gr\u0175p prosiect i wneud penderfyniadau i roi prosiect Eco ar waith.<\/p>\n\n\n\n<div style=\"height:20px\" aria-hidden=\"true\" class=\"wp-block-spacer\"><\/div>\n\n\n<div class=\"wp-block-image\">\n<figure class=\"aligncenter size-large\"><img decoding=\"async\" width=\"296\" height=\"84\" src=\"https:\/\/www.monlife.co.uk\/wp-content\/uploads\/2022\/06\/FR.png\" alt=\"\" class=\"wp-image-11274\"\/><\/figure>\n<\/div>\n\n\n<h2 class=\"wp-block-heading has-text-align-center\"><a href=\"https:\/\/www.monlife.co.uk\/wp-content\/uploads\/2023\/05\/i-Tree-Eco_Monmouthshire_Final_cy-GB.docx\">Adroddiad terfynol i-Tree Eco Sir Fynwy<\/a><\/h2>\n\n\n\n<div style=\"height:20px\" aria-hidden=\"true\" class=\"wp-block-spacer\"><\/div>\n\n\n\n<div class=\"wp-block-file\"><a id=\"wp-block-file--media-6cecd917-eae3-4610-ad87-1191d662ce02\" href=\"https:\/\/www.monlife.co.uk\/wp-content\/uploads\/2023\/05\/Monmouthshire_iTree-Eco_-2-pg-summary_Final_cy-GB.docx\">Crynodeb iTree Eco<\/a><a href=\"https:\/\/www.monlife.co.uk\/wp-content\/uploads\/2023\/05\/Monmouthshire_iTree-Eco_-2-pg-summary_Final_cy-GB.docx\" class=\"wp-block-file__button wp-element-button\" download aria-describedby=\"wp-block-file--media-6cecd917-eae3-4610-ad87-1191d662ce02\">Download<\/a><\/div>\n","protected":false},"excerpt":{"rendered":"<p>Astudiaeth iTree Eco Mae&#8217;r PGGG wedi defnyddio dull i-Tree Eco mewn dwy ardal astudio achos yng Ngwent: y cyntaf yng Nghasnewydd a&#8217;r ail yng Nghas-gwent a Glannau Hafren yn Sir [&hellip;]<\/p>\n","protected":false},"author":6,"featured_media":0,"parent":23086,"menu_order":0,"comment_status":"closed","ping_status":"closed","template":"","meta":{"_acf_changed":false,"footnotes":""},"class_list":["post-22564","page","type-page","status-publish","hentry"],"acf":[],"_links":{"self":[{"href":"https:\/\/www.monlife.co.uk\/cy\/wp-json\/wp\/v2\/pages\/22564","targetHints":{"allow":["GET"]}}],"collection":[{"href":"https:\/\/www.monlife.co.uk\/cy\/wp-json\/wp\/v2\/pages"}],"about":[{"href":"https:\/\/www.monlife.co.uk\/cy\/wp-json\/wp\/v2\/types\/page"}],"author":[{"embeddable":true,"href":"https:\/\/www.monlife.co.uk\/cy\/wp-json\/wp\/v2\/users\/6"}],"replies":[{"embeddable":true,"href":"https:\/\/www.monlife.co.uk\/cy\/wp-json\/wp\/v2\/comments?post=22564"}],"version-history":[{"count":0,"href":"https:\/\/www.monlife.co.uk\/cy\/wp-json\/wp\/v2\/pages\/22564\/revisions"}],"up":[{"embeddable":true,"href":"https:\/\/www.monlife.co.uk\/cy\/wp-json\/wp\/v2\/pages\/23086"}],"wp:attachment":[{"href":"https:\/\/www.monlife.co.uk\/cy\/wp-json\/wp\/v2\/media?parent=22564"}],"curies":[{"name":"wp","href":"https:\/\/api.w.org\/{rel}","templated":true}]}}