{"id":22268,"date":"2023-04-20T16:11:14","date_gmt":"2023-04-20T15:11:14","guid":{"rendered":"https:\/\/www.monlife.co.uk\/connect\/sports-development\/"},"modified":"2024-06-06T13:59:22","modified_gmt":"2024-06-06T12:59:22","slug":"sports-development","status":"publish","type":"page","link":"https:\/\/www.monlife.co.uk\/cy\/connect\/sports-development\/","title":{"rendered":"Sports Development"},"content":{"rendered":"\n<figure class=\"wp-block-image size-large\"><img decoding=\"async\" src=\"https:\/\/www.monlife.co.uk\/wp-content\/uploads\/2023\/02\/Untitled-1-1024x245.png\" alt=\"\" class=\"wp-image-15314\"\/><\/figure>\n\n\n\n<h2 class=\"wp-block-heading\"><strong>Datblygu Chwaraeon<\/strong><\/h2>\n\n\n\n<p>Mae t\u00eem Datblygu Chwaraeon MonLife yn ymdrechu i sicrhau bod yr holl ddarpariaethau\u2019n cael eu hategu gan yr ethos canlynol:<\/p>\n\n\n\n<p>Sail T\u00eem Datblygu Chwaraeon MonLife yw\u2019r ethos canlynol:<\/p>\n\n\n\n<p><strong><em>Pwrpas<\/em><\/strong><br>Ymgorffori, dylanwadu a hyrwyddo trigolion i fanteisio ar gyfleoedd gweithredol gydol oes&nbsp;<\/p>\n\n\n\n<p><strong><em>Gweledigaeth<\/em><\/strong><br>Gweithio gyda&#8217;n gilydd ar gyfer Sir Fynwy decach, iachach a mwy gweithgar<\/p>\n\n\n\n<p><strong><em>Cenhadaeth<\/em><\/strong> <br>Galluogi mynediad teg i bawb lle mae iechyd a hyder wrth wraidd ein cymunedau cysylltiedig&nbsp;<\/p>\n\n\n\n<div style=\"height:35px\" aria-hidden=\"true\" class=\"wp-block-spacer\"><\/div>\n\n\n\n<div class=\"wp-block-columns is-layout-flex wp-container-core-columns-is-layout-9d6595d7 wp-block-columns-is-layout-flex\">\n<div class=\"wp-block-column is-layout-flow wp-block-column-is-layout-flow\">\n<figure class=\"wp-block-image size-large\"><img fetchpriority=\"high\" decoding=\"async\" width=\"1024\" height=\"493\" src=\"https:\/\/www.monlife.co.uk\/wp-content\/uploads\/2024\/06\/Sport-Wales-Logo_Full-Colour-1024x493.png\" alt=\"\" class=\"wp-image-28774\" srcset=\"https:\/\/www.monlife.co.uk\/wp-content\/uploads\/2024\/06\/Sport-Wales-Logo_Full-Colour-1024x493.png 1024w, https:\/\/www.monlife.co.uk\/wp-content\/uploads\/2024\/06\/Sport-Wales-Logo_Full-Colour-300x145.png 300w, https:\/\/www.monlife.co.uk\/wp-content\/uploads\/2024\/06\/Sport-Wales-Logo_Full-Colour-768x370.png 768w, https:\/\/www.monlife.co.uk\/wp-content\/uploads\/2024\/06\/Sport-Wales-Logo_Full-Colour-1536x740.png 1536w, https:\/\/www.monlife.co.uk\/wp-content\/uploads\/2024\/06\/Sport-Wales-Logo_Full-Colour-1568x755.png 1568w, https:\/\/www.monlife.co.uk\/wp-content\/uploads\/2024\/06\/Sport-Wales-Logo_Full-Colour.png 1615w\" sizes=\"(max-width: 1024px) 100vw, 1024px\" \/><\/figure>\n<\/div>\n\n\n\n<div class=\"wp-block-column is-layout-flow wp-block-column-is-layout-flow\"><div class=\"wp-block-image\">\n<figure class=\"aligncenter size-large is-resized\"><img decoding=\"async\" width=\"1024\" height=\"565\" src=\"https:\/\/www.monlife.co.uk\/wp-content\/uploads\/2024\/06\/Funded-by-OPCC-plain-1024x565.jpg\" alt=\"\" class=\"wp-image-28782\" style=\"aspect-ratio:1.8123893805309734;width:218px;height:auto\" srcset=\"https:\/\/www.monlife.co.uk\/wp-content\/uploads\/2024\/06\/Funded-by-OPCC-plain-1024x565.jpg 1024w, https:\/\/www.monlife.co.uk\/wp-content\/uploads\/2024\/06\/Funded-by-OPCC-plain-300x166.jpg 300w, https:\/\/www.monlife.co.uk\/wp-content\/uploads\/2024\/06\/Funded-by-OPCC-plain-768x424.jpg 768w, https:\/\/www.monlife.co.uk\/wp-content\/uploads\/2024\/06\/Funded-by-OPCC-plain-1536x848.jpg 1536w, https:\/\/www.monlife.co.uk\/wp-content\/uploads\/2024\/06\/Funded-by-OPCC-plain-2048x1130.jpg 2048w, https:\/\/www.monlife.co.uk\/wp-content\/uploads\/2024\/06\/Funded-by-OPCC-plain-1568x865.jpg 1568w\" sizes=\"(max-width: 1024px) 100vw, 1024px\" \/><\/figure>\n<\/div>\n\n\n<figure class=\"wp-block-image size-full\"><img decoding=\"async\" width=\"775\" height=\"336\" src=\"https:\/\/www.monlife.co.uk\/wp-content\/uploads\/2024\/05\/TNL_Master_Logo_2019_RGB_Horizontal_Heritage_Blue_Text.png\" alt=\"\" class=\"wp-image-28497\" srcset=\"https:\/\/www.monlife.co.uk\/wp-content\/uploads\/2024\/05\/TNL_Master_Logo_2019_RGB_Horizontal_Heritage_Blue_Text.png 775w, https:\/\/www.monlife.co.uk\/wp-content\/uploads\/2024\/05\/TNL_Master_Logo_2019_RGB_Horizontal_Heritage_Blue_Text-300x130.png 300w, https:\/\/www.monlife.co.uk\/wp-content\/uploads\/2024\/05\/TNL_Master_Logo_2019_RGB_Horizontal_Heritage_Blue_Text-768x333.png 768w\" sizes=\"(max-width: 775px) 100vw, 775px\" \/><\/figure>\n<\/div>\n\n\n\n<div class=\"wp-block-column is-layout-flow wp-block-column-is-layout-flow\">\n<figure class=\"wp-block-image size-full\"><img loading=\"lazy\" decoding=\"async\" width=\"320\" height=\"115\" src=\"https:\/\/www.monlife.co.uk\/wp-content\/uploads\/2024\/06\/PositiveFutures-logo-e1717678517445.jpeg\" alt=\"\" class=\"wp-image-28780\" srcset=\"https:\/\/www.monlife.co.uk\/wp-content\/uploads\/2024\/06\/PositiveFutures-logo-e1717678517445.jpeg 320w, https:\/\/www.monlife.co.uk\/wp-content\/uploads\/2024\/06\/PositiveFutures-logo-e1717678517445-300x108.jpeg 300w\" sizes=\"(max-width: 320px) 100vw, 320px\" \/><\/figure>\n<\/div>\n<\/div>\n\n\n\n<div style=\"height:15px\" aria-hidden=\"true\" class=\"wp-block-spacer\"><\/div>\n\n\n\n<hr class=\"wp-block-separator has-alpha-channel-opacity\"\/>\n\n\n\n<p><strong>Mae gan Ddatblygu Chwaraeon MonLife ymrwymiad i gyflawni&#8217;r them\u00e2u canlynol:<\/strong><\/p>\n\n\n\n<p><strong>Sylfeini<\/strong> &#8211; <em>Gwreiddio profiadau blynyddoedd cynnar ar gyfer cyfranogiad gydol oes<\/em><\/p>\n\n\n\n<p>Mae&#8217;n hanfodol rhoi profiadau cynnar cadarnhaol i blant dan 5 oed, a fydd yn annog plant i dyfu i fyny yn mwynhau chwaraeon a gweithgaredd corfforol.&nbsp; Nod ein rhaglenni yw hwyluso amgylchedd sy&#8217;n galluogi plant i ddatblygu eu sgiliau mewn amgylchedd hwylus a diogel.&nbsp; Drwy ddarpariaeth y rhai dan 5 oed, mae&#8217;n darparu cyfleoedd i deuluoedd a phlant gymryd rhan mewn gweithgareddau a fydd yn adeiladu&#8217;r sgiliau sylfaenol sy&#8217;n angenrheidiol ar gyfer gweithgarwch corfforol drwy gydol eu hoes.<\/p>\n\n\n\n<p>Yn cael ei ddarparu drwy&#8217;r ddarpariaeth hamdden a thrwy cydweithio \u00e2 gwasanaethau eraill sy&#8217;n gysylltiedig \u00e2&#8217;r blynyddoedd cynnar, bydd Datblygu Chwaraeon MonLife yn cynnig detholiad o raglenni i gael effaith gadarnhaol ar y ddemograffeg hon.<\/p>\n\n\n\n<p>Mae&#8217;r t\u00eem am ysbrydoli pawb sy&#8217;n gysylltiedig ar y daith i bobl dan 5 oed trwy ddarparu hyfforddiant a mentora. Mae&#8217;r rhain yn cynnwys teuluoedd, rhieni, lleoliadau meithrin, athrawon, cymunedau a gweithwyr proffesiynol eraill.&nbsp;<\/p>\n\n\n\n<p><strong>Am wybodaeth yngl\u0177n \u00e2 sesiynau ar gyfer rhaglenni Sylfeini, cysylltwch \u00e2: <a href=\"mailto:sport@monmouthshire.gov.uk%20\">sport@monmouthshire.gov.uk<\/a><\/strong>&nbsp;&nbsp;<\/p>\n\n\n\n<p><strong>Addysg<\/strong> &#8211; <em>Darparu cyfleoedd i blant a phobl ifanc 3-18 oed<\/em> <em><\/em><\/p>\n\n\n\n<p>Mae cymryd rhan drwy addysg ac yn allgyrsiol yn hanfodol ar gyfer y gr\u0175p oedran 3-18. Gall profiadau cadarnhaol ar gyfer y categori oedran hwn ddarparu sylfaen sgiliau a phrofiadau i sefydlu mwynhad ar gyfer gweithgarwch corfforol.&nbsp;&nbsp;<\/p>\n\n\n\n<p>Mae amrywiaeth o raglenni y mae&#8217;r t\u00eem yn eu cyflawni i gefnogi cyfranogiad mewn addysg ar gyfer ysgolion cynradd ac mae&#8217;r rhain yn cynnwys ein g\u0175yl yn darparu p\u00eal-droed, p\u00eal-rwyd, traws gwlad, hoci a gwyliau pwrpasol eraill. Cymorth ac arweiniad gyda nofio mewn ysgolion, yn ogystal \u00e2 chefnogi clybiau i ysgolion uwchradd fel darpariaeth dawns a ph\u00eal-fasged.&nbsp; Cydweithio \u00e2 Chyrff Llywodraethu Cenedlaethol&nbsp;<\/p>\n\n\n\n<p>Ar gyfer cyflwyno allgyrsiol, mae&#8217;r rhaglenni cymorth t\u00eem fel GSF, gwersylloedd ychwanegol a darpariaethau canolfannau hamdden fel p\u00eal-fasged ar gyfer oedrannau 5-14 oed.<\/p>\n\n\n\n<p><strong>Am fwy o wybodaeth yngl\u0177n \u00e2 chyfleoedd addysg cysylltwch \u00e2: <a href=\"mailto:sport@monmouthshire.gov.uk%20\">sport@monmouthshire.gov.uk<\/a><\/strong><\/p>\n\n\n\n<p><strong>Arweinyddiaeth<\/strong> &#8211; <em>Mentora, hwyluso a thyfu cyfleoedd arweinyddiaeth gynhwysol <\/em><em><\/em><\/p>\n\n\n\n<p>Yr uchelgais yw cefnogi pobl ifanc i gyflawni eu llawn botensial fel dinasyddion yn Sir Fynwy a&#8217;r cymunedau ehangach.&nbsp; Yn ogystal, eu galluogi i ddylanwadu ar eu cyfleoedd eu hunain i&#8217;w cyfoedion gan ddefnyddio chwaraeon fel y dull o wneud hynny.&nbsp;&nbsp;<\/p>\n\n\n\n<p>Mae&#8217;r daith hon yn dechrau ym mlwyddyn 5 gyda gwobr y Playmaker, mae hyn yn creu&#8217;r man cychwyn ar gyfer arweinyddiaeth. Y cam nesaf yw y gall pobl ifanc bontio i&#8217;r rhaglen Llysgenhadon Ifanc Efydd, Arian, Aur a Phlatinwm, sy&#8217;n cael ei redeg ar y cyd \u00e2&#8217;r Youth Sport Trust. Ochr yn ochr \u00e2&#8217;r rhaglen Llysgenhadon mae pedair academi Arweinyddiaeth wedi&#8217;u sefydlu yn yr ysgolion cyfun.&nbsp; Mae&#8217;r llwyfan hwn yn darparu cyfle i bobl ifanc i wella eu gwybodaeth drwy gyfleoedd gwirfoddoli sy&#8217;n cael eu rheoli a&#8217;u mentora gan y t\u00eem datblygu Chwaraeon. O fewn y rhaglenni hyn bydd ganddynt fynediad at amrywiaeth gynhwysol ac eang o gyrsiau.&nbsp;&nbsp; Gall y rhain gynnwys cyrsiau a gydnabyddir yn genedlaethol megis NPLQ a chymwysterau addysgu nofio lefel 1.&nbsp; Yn ogystal \u00e2 hynny, mae cyrsiau pwrpasol a lleol fel diogelu, herio ymddygiad a chynhwysiant anabledd.<\/p>\n\n\n\n<p><strong>Am wybodaeth yngl\u0177n \u00e2 chyfleoedd Arweinyddiaeth cysylltwch \u00e2: <a href=\"mailto:sport@monmouthshire.gov.uk%20\">sport@monmouthshire.gov.uk<\/a>&nbsp;&nbsp;<\/strong><\/p>\n\n\n\n<p><strong>Iechyd a Lles<\/strong> &#8211; <em>Darparu ystod amrywiol o brofiadau i hyrwyddo dewis bywyd iach<\/em> <em><\/em><\/p>\n\n\n\n<p>Darparu rhaglenni fel Active 60 sy&#8217;n <em>aelodaeth ragnodedig ar gyfer demograffeg 60 mlynedd a mwy.<\/em>&nbsp; Bydd MonLife yn ymuno \u00e2 darparwyr hamdden Cymreig eraill i gyflawni ei fenter 60 Plus Fit4Life, a wnaed yn bosibl diolch i gyllid gan Chwaraeon Cymru.&nbsp; Mae rhaglen 60 Plus MonLife yn cynnig cefnogaeth i bobl 60 oed a throsodd i ddod yn fwy egn\u00efol yn gorfforol trwy ddosbarthiadau wyneb yn wyneb neu ar-lein: gan gynnwys ioga, pilates, tai-chi, ymarfer corff ysgafn a hyd yn oed sesiynau rhithwir dal lan \u00e2 choffi.<\/p>\n\n\n\n<p>Y nod o dan Iechyd a Lles yw cefnogi a darparu ystod o gyfleoedd i bobl gael mynediad at weithgaredd corfforol.&nbsp; Mae&#8217;r rhain yn cynnwys atgyfeiriadau drwy lwybrau sy&#8217;n gysylltiedig ag iechyd, cyfeirio at raglenni lleol am ddim a gweithredu mentrau cenedlaethol.&nbsp;<\/p>\n\n\n\n<p><strong>Am wybodaeth ynghylch cyfleoedd Iechyd a Lles, cysylltwch \u00e2: <a href=\"mailto:sport@monmouthshire.gov.uk%20\">sport@monmouthshire.gov.uk<\/a>&nbsp;<\/strong>&nbsp;<\/p>\n\n\n\n<p><strong>Menywod a Merched<\/strong> &#8211; <em>Darparu cyfleoedd lles i fenywod a merched gymryd rhan mewn ffordd o fyw sy&#8217;n gorfforol weithgar <\/em><em><\/em><\/p>\n\n\n\n<p>Mae astudiaethau ac ymgynghoriad amrywiol wedi nodi bod menywod yn llai tebygol o gymryd rhan mewn chwaraeon a gweithgarwch corfforol o gymharu \u00e2 dynion. Mae angen annog menywod i gymryd rhan a phontio&#8217;r bwlch.<\/p>\n\n\n\n<p>Mae&#8217;r t\u00eem wedi ymrwymo i ddatblygu cyfleoedd i fenywod a merched gymryd rhan mewn chwaraeon a gweithgarwch corfforol.&nbsp; Mae&#8217;r rhain yn cynnwys Dawns, p\u00eal-rwyd cerdded, gymnasteg, rygbi, criced, hoci, dysgu i godi, menywod a merched yn gryfach.<\/p>\n\n\n\n<p><strong>Am fwy o wybodaeth am gyfleoedd Menywod a Merched, cysylltwch \u00e2: <a href=\"mailto:sport@monmouthshire.gov.uk%20\">sport@monmouthshire.gov.uk<\/a>&nbsp;<\/strong><\/p>\n\n\n\n<p><strong>Cymuned<\/strong> &#8211; <em>Ymgysylltu, cefnogi, meithrin a gwella gallu&#8217;r gymuned<\/em><strong>&nbsp; <\/strong>&nbsp;<strong><\/strong><\/p>\n\n\n\n<p>Mae Clybiau Cymunedol yn elfen hynod bwysig i lefelau cyfranogiad yn yr awdurdod.&nbsp; Bydd y t\u00eem yn creu, cynnal a thyfu perthynas gyda chlybiau cymunedol ar draws pob disgyblaeth chwaraeon.&nbsp; Er mwyn gwella&#8217;r clybiau cymunedol o fewn yr awdurdod, bydd y t\u00eem yn cynorthwyo gyda cheisiadau ariannu a rhwydweithio gyda gwasanaethau eraill.<\/p>\n\n\n\n<p>Gweithio ar y cyd \u00e2 phartneriaid a rhanddeiliaid i ddarparu cyfleoedd dargyfeiriol a chynhwysol.&nbsp; Bydd y t\u00eem yn gweithio&#8217;n agos i gynnal achrediadau, cynnal sesiynau galw heibio a rhwydwaith i greu&#8217;r cyfleoedd gorau.&nbsp;<\/p>\n\n\n\n<p><strong>Am wybodaeth yngl\u0177n \u00e2 rhaglenni Cymunedol cysylltwch \u00e2: <a href=\"mailto:sport@monmouthshire.gov.uk%20\">sport@monmouthshire.gov.uk<\/a>&nbsp;&nbsp;<\/strong><\/p>\n","protected":false},"excerpt":{"rendered":"<p>Datblygu Chwaraeon Mae t\u00eem Datblygu Chwaraeon MonLife yn ymdrechu i sicrhau bod yr holl ddarpariaethau\u2019n cael eu hategu gan yr ethos canlynol: Sail T\u00eem Datblygu Chwaraeon MonLife yw\u2019r ethos canlynol: [&hellip;]<\/p>\n","protected":false},"author":6,"featured_media":0,"parent":13021,"menu_order":0,"comment_status":"closed","ping_status":"closed","template":"","meta":{"_acf_changed":false,"footnotes":""},"class_list":["post-22268","page","type-page","status-publish","hentry"],"acf":[],"_links":{"self":[{"href":"https:\/\/www.monlife.co.uk\/cy\/wp-json\/wp\/v2\/pages\/22268","targetHints":{"allow":["GET"]}}],"collection":[{"href":"https:\/\/www.monlife.co.uk\/cy\/wp-json\/wp\/v2\/pages"}],"about":[{"href":"https:\/\/www.monlife.co.uk\/cy\/wp-json\/wp\/v2\/types\/page"}],"author":[{"embeddable":true,"href":"https:\/\/www.monlife.co.uk\/cy\/wp-json\/wp\/v2\/users\/6"}],"replies":[{"embeddable":true,"href":"https:\/\/www.monlife.co.uk\/cy\/wp-json\/wp\/v2\/comments?post=22268"}],"version-history":[{"count":0,"href":"https:\/\/www.monlife.co.uk\/cy\/wp-json\/wp\/v2\/pages\/22268\/revisions"}],"up":[{"embeddable":true,"href":"https:\/\/www.monlife.co.uk\/cy\/wp-json\/wp\/v2\/pages\/13021"}],"wp:attachment":[{"href":"https:\/\/www.monlife.co.uk\/cy\/wp-json\/wp\/v2\/media?parent=22268"}],"curies":[{"name":"wp","href":"https:\/\/api.w.org\/{rel}","templated":true}]}}