{"id":21563,"date":"2020-01-31T15:54:22","date_gmt":"2020-01-31T15:54:22","guid":{"rendered":"https:\/\/www.monlife.co.uk\/monactive\/childrens-activities\/the-monmouthshire-games\/faqs\/"},"modified":"2024-06-24T11:50:04","modified_gmt":"2024-06-24T10:50:04","slug":"faqs","status":"publish","type":"page","link":"https:\/\/www.monlife.co.uk\/cy\/monactive\/childrens-activities\/the-monmouthshire-games\/faqs\/","title":{"rendered":"TMG FAQ&#8217;s"},"content":{"rendered":"\n<figure class=\"wp-block-image size-large\"><img decoding=\"async\" src=\"https:\/\/www.monlife.co.uk\/wp-content\/uploads\/2019\/10\/MonActive-Web-Header-1024x400.jpg\" alt=\"Girl in swimming pool during swimming lessons looking at camera smiling holding hand in the air\" class=\"wp-image-343\"\/><\/figure>\n\n\n\n<h2 class=\"wp-block-heading\"><strong>Cwestiynau Cyffredin Gemau Sir Fynwy (GSF)<\/strong><\/h2>\n\n\n\n<h3 class=\"wp-block-heading\"><strong>Beth yw amserau Gemau Sir Fynwy?<\/strong><\/h3>\n\n\n\n<p>Bydd Gemau Sir Fynwy&#8217;n rhedeg o 8:30am &#8211; 4:30pm.<\/p>\n\n\n\n<h3 class=\"wp-block-heading\"><strong>I ba oedrannau yw GSF?<\/strong><\/h3>\n\n\n\n<p>Mae ar gyfer plant a phobl ifanc rhwng 5 ac 11 oed<\/p>\n\n\n\n<h3 class=\"wp-block-heading\"><strong>Faint fydd y gost?<\/strong><\/h3>\n\n\n\n<p>Safonol \u2013 \u00a321.00 y dydd<br>Brodyr a Chwiorydd \u2013 \u00a315.75 y diwrnod<br>Plant sy\u2019n derbyn Prydau Ysgol am Ddim \u2013 \u00a315.75 y diwrnod<br><br><strong>Gemau Sir Fynwy sy&#8217;n cael eu talu o flaen llaw (disgownt o 25%)<\/strong><br>\u00a315.75<br>I dderbyn eich disgownt RHAID i chi dalu am 10 diwrnod yn llawn ar gost o \u00a3157.50. Bydd y dyddiau&#8217;n cael eu hychwanegu at Gerdyn MonLife eich plentyn\/plant. Bydd yn rhaid bwcio&#8217;r diwrnodau unigol o hyd i sicrhau eich lle ar Gemau Sir Fynwy.<\/p>\n\n\n\n<p><strong>Dwedwch fwy wrthyf am yr opsiwn talu o flaen llaw a\u2019r gostyngiad o 25% ar gyfer Gemau Sir Fynwy<\/strong><\/p>\n\n\n\n<p>O ganlyniad i&#8217;r adborth cadarnhaol a gafwyd gan y rhieni a&#8217;r bobl ifanc, rydym wedi penderfynu ymestyn Gemau Sir Fynwy i gynnwys yr un fformat ar gyfer pob hanner tymor ysgol a gwyliau&#8217;r haf. Felly, hoffem gynnig gostyngiad o 25% i rieni a gofalwyr a hoffai &#8216;brynu\u2019n swp&#8217; ddyddiau ar gyfer Gemau Sir Fynwy. Yn dilyn adborth, rydym wedi gwneud y cynllun disgownt newydd yn fwy hyblyg;<\/p>\n\n\n\n<ul class=\"wp-block-list\">\n<li>Gemau Sir Fynwy sy&#8217;n cael eu talu amdanynt o flaen llaw &#8211; talwch am 10 diwrnod yn llawn (\u00a3157.50) a byddwch yn derbyn gostyngiad o 25% (felly \u00a315.75 y diwrnod yn hytrach na \u00a321.00 y diwrnod).<\/li>\n\n\n\n<li>Does dim angen archebu pob un o&#8217;r 10 diwrnod ar unwaith. Bydd y &#8216;diwrnodau&#8217; yn cael eu hychwanegu at gerdyn MonLife unigol eich plentyn\/plant a byddwch yn gallu eu hawlio wrth i chi archebu.<\/li>\n\n\n\n<li>Nid yw&#8217;r cerdyn MonLife wedi talu o flaen llaw yn gwarantu lle i chi o ran Gemau Sir Fynwy, bydd dal angen archebu lle o flaen llaw gyda chanolfan hamdden eich dewis.<\/li>\n\n\n\n<li>Mae&#8217;r &#8216;diwrnodau&#8217; ar gerdyn MonLife yn ddilys am flwyddyn ar \u00f4l eu prynu.<\/li>\n<\/ul>\n\n\n\n<p>Os ydw i&#8217;n prynu cerdyn disgownt, ydw i&#8217;n gallu defnyddio&#8217;r diwrnodau ar y cerdyn yn erbyn mwy nag un plentyn i gael mynediad i Gemau Sir Fynwy? Na. Mae angen prynu unrhyw gardiau, sydd wedi\u2019u talu amdanynt o flaen llaw, yn erbyn pob plentyn unigol ar ei gerdyn ei hun. Ni ellir defnyddio un cerdyn ar gyfer nifer o blant.&nbsp; Ond bydd unrhyw frodyr a chwiorydd ychwanegol sy&#8217;n mynychu Gemau Sir Fynwy yn derbyn y gyfradd ostyngol o 25% beth bynnag.<\/p>\n\n\n\n<h3 class=\"wp-block-heading\"><strong>Mae gen i dalebau gofal plant.&nbsp; A fyddaf yn gallu defnyddio fy nhalebau gofal plant ar gyfer Gemau Sir Fynwy?<\/strong><\/h3>\n\n\n\n<p>Nid yw Gemau Sir Fynwy yn ddarpariaeth gofal plant ac ni fydd wedi cofrestru gyda&#8217;r AGGCC (Arolygiaeth Gofal a Gwasanaethau Cymdeithasol Cymru).&nbsp; Fodd bynnag, mae&#8217;r holl staff yn gymwysedig ac wedi&#8217;u hyfforddi i gyflwyno sesiynau chwaraeon a gweithgarwch corfforol a byddant yn ymgymryd \u00e2 gwiriadau cyn cyflogi Cyngor Sir Fynwy, gan gynnwys gwiriadau manylach gan y Gwasanaeth Datgelu a Gwahardd.<\/p>\n\n\n\n<h3 class=\"wp-block-heading\"><strong>Ble alla i weld Polisi Diogelu Plant ac Amddiffyn Plant y ganolfan hamdden?<\/strong><\/h3>\n\n\n\n<p>Mae&#8217;r canolfannau hamdden yn mabwysiadu&#8217;r un polisi a gweithdrefnau gan fod holl sefydliadau a staff Cyngor Sir Fynwy wedi&#8217;u hyfforddi i&#8217;r lefelau priodol.&nbsp; Mae datganiad o&#8217;r trefniadau i&#8217;w gweld yn glir ym mhob canolfan hamdden, felly cymerwch yr amser i&#8217;w ddarllen os gwelwch yn dda, mae&#8217;r rheolwr dyletswydd bob amser wrth law i roi unrhyw wybodaeth bellach i chi, neu i ateb unrhyw ymholiadau.<\/p>\n\n\n\n<h3 class=\"wp-block-heading\"><strong>A fydd fy mhlant yn nofio?<\/strong><\/h3>\n\n\n\n<p>Byddant, sicrhewch fod eich plentyn yn dod \u00e2&#8217;r wisg nofio a&#8217;r tywel cywir.<\/p>\n\n\n\n<h3 class=\"wp-block-heading\"><strong>Beth arall fydd fy mhlant yn ei wneud?<\/strong><\/h3>\n\n\n\n<p>Rydym wedi cynnwys llawer o weithgareddau, chwaraeon a gemau hwyliog yn y rhaglen. Drwy gydol Gemau Sir Fynwy, bydd plant yn gallu rhoi cynnig ar wahanol chwaraeon a gweithgareddau (Osgoi\u2019r B\u00eal, Gemau Parasiwt, P\u00eal-foli wrth Eistedd, Golff Gwallgof, Dawns, a llawer mwy). Bydd cyfle wythnosol i blant gymryd rhan yn &#8220;Y Gemau&#8221;.&nbsp; Bydd pob canolfan hamdden yn cystadlu yn erbyn ei gilydd, felly rydyn ni&#8217;n disgwyl i chi ymarfer eich sgiliau a ddysgwyd drwy gydol yr wythnos, yn barod i gymryd rhan yn y Gemau.<\/p>\n\n\n\n<h3 class=\"wp-block-heading\"><strong>Beth fydd angen i fy mhlentyn ddod gyda nhw ar y diwrnod?<\/strong><\/h3>\n\n\n\n<p>Mae Gemau Sir Fynwy yn ddarpariaeth chwaraeon drwy&#8217;r dydd felly mae esgidiau a dillad addas er mwyn cymryd rhan mewn ymarfer corff yn hanfodol.&nbsp; Bydd angen i blant hefyd ddod ag ychwanegiadau priodol iddynt fel c\u00f4t yn y glaw neu eli haul a het gan y bydd rhai gweithgareddau&#8217;n digwydd y tu allan, os yw&#8217;r tywydd yn caniat\u00e1u.&nbsp; Fel rhan o&#8217;r rhaglen, bydd plant hefyd yn nofio bob dydd a bydd angen cit nofio. Bydd angen i blant ddod \u00e2 phecyn bwyd a byrbrydau ar gyfer y diwrnod cyfan, yn ogystal \u00e2 photel diodydd at ddefnydd personol. Mae gorsafoedd d\u0175r ar gael i blant ail-lenwi poteli diodydd drwy gydol y dydd.<\/p>\n\n\n\n<h3 class=\"wp-block-heading\"><strong>Beth sy&#8217;n digwydd os yw fy mhlentyn yn s\u00e2l ac yn methu mynychu?<\/strong><\/h3>\n\n\n\n<p>Isod ceir y canllawiau canlynol ar gyfer salwch:<br>Os yw plentyn wedi chwydu neu wedi profi\u2019r dolur rhydd rhaid iddynt beidio \u00e2 mynychu&#8217;r rhaglen tan 48 awr ar \u00f4l yr achos olaf<br>Rhaid i blant sy&#8217;n arddangos symptomau Covid-19 beidio \u00e2 dychwelyd i&#8217;r rhaglen am 14 diwrnod ar \u00f4l sylwi ar y symptomau am y tro cyntaf (tymheredd uchel, peswch parhaus, colli&#8217;ch blas ac arogl), ac ni fydd brodyr a chwiorydd yn cael mynychu chwaith.<br>&nbsp;<br>Os yw plentyn yn s\u00e2l ac yn methu mynychu&#8217;r rhaglen byddant yn cael cynnig slot ar ddiwrnod arall ac os nad yw hyn yn bosibl bydd pwynt bonws yn cael ei ychwanegu at eu cerdyn i&#8217;w ddefnyddio mewn rhaglen wyliau yn y dyfodol yn eich dewis ganolfan hamdden.&nbsp;<\/p>\n\n\n\n<h3 class=\"wp-block-heading\"><strong>A oes angen unrhyw wybodaeth benodol arnoch am fy mhlentyn sy&#8217;n mynychu&#8217;r cynllun?<\/strong><\/h3>\n\n\n\n<p>Ydych. RHAID i chi gwblhau ffurflen gydsyniad ar gyfer eich plentyn\/plant i gael mynediad i&#8217;r rhaglen. Eich cyfrifoldeb chi yw rhoi&#8217;r wybodaeth ddiweddaraf i ni a llofnodi a thicio&#8217;r blychau perthnasol ar y ffurflen gydsyniad.&nbsp; Ni allwn fod yn gyfrifol am unrhyw wybodaeth nad yw&#8217;n bresennol ar y ffurflen.&nbsp; Mae angen cwblhau ffurflenni cydsyniad newydd ar gyfer pob plentyn, waeth a ydynt wedi mynychu Gemau Sir Fynwy yn y gorffennol ai peidio. Eich cyfrifoldeb chi yw cwblhau\u2019r ffurflen gofrestru\u2019n gywir. Mae darparu rhifau ff\u00f4n cyswllt mewn argyfwng yn ogystal \u00e2 threfniadau codi a gollwng ar gyfer eich plentyn\/plant yn hollbwysig a rhaid i chi gwblhau\u2019r wybodaeth hon ar y ffurflen gydsyniad. Mae gennym flwch &#8216;optio allan&#8217; ar y ffurflen gydsyniad y mae&#8217;n rhaid i chi ei dicio os nad ydych am i&#8217;ch plentyn\/plant ymddangos mewn unrhyw negeseuon cyfryngau a pheidio \u00e2 chael eu llun wedi tynnu fel rhan o waith marchnata Gemau Sir Fynwy.<\/p>\n\n\n\n<h3 class=\"wp-block-heading\"><strong>Sut ydw i&#8217;n archebu lle i fy mhlentyn ar gyfer Gemau Sir Fynwy?<\/strong><\/h3>\n\n\n\n<p>I archebu lle ar Gemau Sir Fynwy mae angen i chi gofrestru eich diddordeb a bydd y ddolen ar gael yn fuan i wneud hyn, cadwch olwg allan ar ein sianeli cyfryngau cymdeithasol .&nbsp; Bydd y ganolfan hamdden lle\u2019r ydych wedi cofrestru eich diddordeb, yn cysylltu \u00e2 chi i drafod pa ddiwrnodau rydych chi&#8217;n bwriadu eu harchebu. Yn dilyn y cyswllt o&#8217;r ganolfan hamdden bydd angen i chi gwblhau ffurflen gydsyniad a fydd yn cael ei hanfon i&#8217;r cyfeiriad e-bost a gyflwynir ar gofrestru diddordeb. Nodwch fod rhaid i chi gwblhau\u2019r ffurflen gydsyniad er mwyn i&#8217;ch plentyn fynychu&#8217;r cynllun, ni chaniateir i blant fynychu&#8217;r cynllun oni bai bod ffurflen gydsyniad wedi&#8217;i chwblhau.<\/p>\n\n\n\n<div style=\"height:15px\" aria-hidden=\"true\" class=\"wp-block-spacer\"><\/div>\n\n\n\n<hr class=\"wp-block-separator has-text-color has-vivid-cyan-blue-color has-css-opacity has-vivid-cyan-blue-background-color has-background is-style-wide\"\/>\n\n\n\n<h3 class=\"wp-block-heading\"><strong>Gwybodaeth COVID-19<\/strong><\/h3>\n\n\n\n<p>Ni ddylid anfon plant i&#8217;r cynllun oni bai eu bod yn teimlo&#8217;n iach ac nad oes ganddynt unrhyw symptomau o\u2019r coronafeirws (COVID-19).<\/p>\n\n\n\n<p>Prif symptomau\u2019r coronafeirws yw:<br>Tymheredd uchel (twymyn) \u2013 ystyr hyn yw eich bod yn teimlo&#8217;n boeth i gyffwrdd ar eich brest neu eich cefn (nid oes angen i chi fesur eich tymheredd);<\/p>\n\n\n\n<p>Peswch newydd, parhaus \u2013 ystyr hyn yw eich bod yn peswch am fwy nag awr, neu wedi cael 3 neu fwy o gyfnodau pesychu mewn 24 awr (os oes gennych beswch fel arfer, gall fod yn waeth nag arfer);<\/p>\n\n\n\n<p>Colled neu newid i&#8217;ch ymdeimlad o arogl neu flas (anosmia) \u2013 ystyr hyn yw eich bod wedi sylwi na allwch arogli na blasu unrhyw beth, neu fod pethau&#8217;n arogli neu&#8217;n blasu&#8217;n wahanol i&#8217;r arfer.<\/p>\n\n\n\n<div style=\"height:20px\" aria-hidden=\"true\" class=\"wp-block-spacer\"><\/div>\n","protected":false},"excerpt":{"rendered":"<p>Cwestiynau Cyffredin Gemau Sir Fynwy (GSF) Beth yw amserau Gemau Sir Fynwy? Bydd Gemau Sir Fynwy&#8217;n rhedeg o 8:30am &#8211; 4:30pm. I ba oedrannau yw GSF? Mae ar gyfer plant [&hellip;]<\/p>\n","protected":false},"author":6,"featured_media":0,"parent":3070,"menu_order":0,"comment_status":"closed","ping_status":"closed","template":"","meta":{"_acf_changed":false,"footnotes":""},"class_list":["post-21563","page","type-page","status-publish","hentry"],"acf":[],"_links":{"self":[{"href":"https:\/\/www.monlife.co.uk\/cy\/wp-json\/wp\/v2\/pages\/21563","targetHints":{"allow":["GET"]}}],"collection":[{"href":"https:\/\/www.monlife.co.uk\/cy\/wp-json\/wp\/v2\/pages"}],"about":[{"href":"https:\/\/www.monlife.co.uk\/cy\/wp-json\/wp\/v2\/types\/page"}],"author":[{"embeddable":true,"href":"https:\/\/www.monlife.co.uk\/cy\/wp-json\/wp\/v2\/users\/6"}],"replies":[{"embeddable":true,"href":"https:\/\/www.monlife.co.uk\/cy\/wp-json\/wp\/v2\/comments?post=21563"}],"version-history":[{"count":0,"href":"https:\/\/www.monlife.co.uk\/cy\/wp-json\/wp\/v2\/pages\/21563\/revisions"}],"up":[{"embeddable":true,"href":"https:\/\/www.monlife.co.uk\/cy\/wp-json\/wp\/v2\/pages\/3070"}],"wp:attachment":[{"href":"https:\/\/www.monlife.co.uk\/cy\/wp-json\/wp\/v2\/media?parent=21563"}],"curies":[{"name":"wp","href":"https:\/\/api.w.org\/{rel}","templated":true}]}}