{"id":15290,"date":"2023-01-23T12:51:50","date_gmt":"2023-01-23T12:51:50","guid":{"rendered":"https:\/\/www.monlife.co.uk\/outdoor\/monmouthshire-community-nature-spaces\/"},"modified":"2023-10-18T17:22:36","modified_gmt":"2023-10-18T16:22:36","slug":"monmouthshire-community-nature-spaces","status":"publish","type":"page","link":"https:\/\/www.monlife.co.uk\/cy\/outdoor\/green-infrastructure\/gi-and-nature-projects\/monmouthshire-community-nature-spaces\/","title":{"rendered":"Monmouthshire: Community Nature Spaces"},"content":{"rendered":"\n<figure class=\"wp-block-gallery has-nested-images columns-default is-cropped wp-block-gallery-1 is-layout-flex wp-block-gallery-is-layout-flex\">\n<figure class=\"wp-block-image size-large\"><img fetchpriority=\"high\" decoding=\"async\" width=\"1024\" height=\"464\" data-id=\"15267\" src=\"https:\/\/www.monlife.co.uk\/wp-content\/uploads\/2023\/02\/food-growing-2-1024x464.jpg\" alt=\"\" class=\"wp-image-15267\" srcset=\"https:\/\/www.monlife.co.uk\/wp-content\/uploads\/2023\/02\/food-growing-2-1024x464.jpg 1024w, https:\/\/www.monlife.co.uk\/wp-content\/uploads\/2023\/02\/food-growing-2-300x136.jpg 300w, https:\/\/www.monlife.co.uk\/wp-content\/uploads\/2023\/02\/food-growing-2-768x348.jpg 768w, https:\/\/www.monlife.co.uk\/wp-content\/uploads\/2023\/02\/food-growing-2-1536x696.jpg 1536w, https:\/\/www.monlife.co.uk\/wp-content\/uploads\/2023\/02\/food-growing-2-2048x928.jpg 2048w, https:\/\/www.monlife.co.uk\/wp-content\/uploads\/2023\/02\/food-growing-2-1568x710.jpg 1568w\" sizes=\"(max-width: 1024px) 100vw, 1024px\" \/><\/figure>\n\n\n\n<figure class=\"wp-block-image size-large\"><img decoding=\"async\" width=\"1024\" height=\"683\" data-id=\"15269\" src=\"https:\/\/www.monlife.co.uk\/wp-content\/uploads\/2023\/02\/food_seedling_plants-4960823_1920-2-1024x683.jpg\" alt=\"\" class=\"wp-image-15269\" srcset=\"https:\/\/www.monlife.co.uk\/wp-content\/uploads\/2023\/02\/food_seedling_plants-4960823_1920-2-1024x683.jpg 1024w, https:\/\/www.monlife.co.uk\/wp-content\/uploads\/2023\/02\/food_seedling_plants-4960823_1920-2-300x200.jpg 300w, https:\/\/www.monlife.co.uk\/wp-content\/uploads\/2023\/02\/food_seedling_plants-4960823_1920-2-768x512.jpg 768w, https:\/\/www.monlife.co.uk\/wp-content\/uploads\/2023\/02\/food_seedling_plants-4960823_1920-2-1536x1024.jpg 1536w, https:\/\/www.monlife.co.uk\/wp-content\/uploads\/2023\/02\/food_seedling_plants-4960823_1920-2-1568x1045.jpg 1568w, https:\/\/www.monlife.co.uk\/wp-content\/uploads\/2023\/02\/food_seedling_plants-4960823_1920-2.jpg 1920w\" sizes=\"(max-width: 1024px) 100vw, 1024px\" \/><\/figure>\n\n\n\n<figure class=\"wp-block-image size-large\"><img decoding=\"async\" width=\"1024\" height=\"625\" data-id=\"15271\" src=\"https:\/\/www.monlife.co.uk\/wp-content\/uploads\/2023\/02\/logseatplay-2-1024x625.jpg\" alt=\"\" class=\"wp-image-15271\" srcset=\"https:\/\/www.monlife.co.uk\/wp-content\/uploads\/2023\/02\/logseatplay-2-1024x625.jpg 1024w, https:\/\/www.monlife.co.uk\/wp-content\/uploads\/2023\/02\/logseatplay-2-300x183.jpg 300w, https:\/\/www.monlife.co.uk\/wp-content\/uploads\/2023\/02\/logseatplay-2-768x469.jpg 768w, https:\/\/www.monlife.co.uk\/wp-content\/uploads\/2023\/02\/logseatplay-2.jpg 1307w\" sizes=\"(max-width: 1024px) 100vw, 1024px\" \/><\/figure>\n<\/figure>\n\n\n\n<div style=\"height:10px\" aria-hidden=\"true\" class=\"wp-block-spacer\"><\/div>\n\n\n\n<h2 class=\"wp-block-heading\"><strong>Beth yw Mannau Natur Cymunedol?<\/strong><\/h2>\n\n\n\n<p>Mae Mannau Natur Cymunedol yn lleoedd i chi, ac yn lleoedd ar gyfer byd natur. Nod y prosiect hwn, sy&#8217;n cael ei ariannu gan Leoedd Lleol ar gyfer Natur (Llywodraeth Cymru), yw trawsnewid ardaloedd chwarae a mannau gwyrdd llai ac o ansawdd gwael yn hafanau bach ar gyfer bywyd gwyllt, a hefyd darparu cyfleoedd i drigolion lleol ar gyfer chwarae gwyllt, tyfu cymunedol a llefydd i fyfyrio&#8217;n dawel.<\/p>\n\n\n\n<h2 class=\"wp-block-heading\"><strong>Pam mae angen Mannau Natur Cymunedol arnom?<\/strong><\/h2>\n\n\n\n<p>Mae ein mannau awyr agored cyhoeddus yn rhoi cyfleoedd i ni fod yn weithredol, cysylltu ag eraill, bod yn greadigol a rhyngweithio \u00e2 natur.&nbsp; Gall cymryd amser tawel i fyfyrio ar ein hamgylchoedd naturiol fod yn gadarnhaol o ran iechyd meddwl a lles.&nbsp; Mae cael y cyfle i chwarae mewn amgylcheddau naturiol yn helpu plant i ddatblygu sgiliau cymdeithasol, iaith a dealltwriaeth.&nbsp;<\/p>\n\n\n\n<p>Ond os ydynt wedi&#8217;u rheoli&#8217;n briodol, mae mannau trefol yn dod yn ardaloedd cynyddol bwysig i fywyd gwyllt. Mae natur mewn trafferthion; rydym yn wynebu argyfwng natur fyd-eang a gallwn weld yr arwyddion yn ein gerddi cefn ein hunain. Mae astudiaethau diweddar yn dangos bod hanner glo\u00ffnnod byw Prydain dan fygythiad o ddiflannu, ac yng Ngwent mae nifer y pryfed hedegog <a href=\"https:\/\/www.gwentwildlife.org\/cy\/news\/arolwg-bugs-matter-yn-canfod-bod-nifer-y-pryfed-hedfan-yng-ngwent-wedi-dirywio-40-mewn-llai\">wedi gostwng gan 40%<\/a> rhwng 2004 a 2021.<\/p>\n\n\n\n<p>Mae Mannau Natur Cymunedol yn creu dolydd bach a gwelyau o blanhigion a ddewiswyd yn arbennig i fod o werth uchel i beillwyr.&nbsp;&nbsp; Plannu coed a llwyni brodorol i gefnogi ein bywyd gwyllt drwy ddarparu bwyd a lloches.&nbsp; Mae blychau adar ac ystlumod yn darparu cyfleoedd nythu a chlwydo diogel.&nbsp; Mae carbon yn cael ei storio mewn deunydd planhigion a phriddoedd heb eu haflonyddu. Mae&#8217;r rhwydwaith o fannau yn creu cerrig camu i ganiat\u00e1u i fywyd gwyllt symud rhwng ardaloedd trefol yn ddiogel.<\/p>\n\n\n\n<p>Nid yw natur yn brysio, felly wrth i&#8217;r Mannau Natur Cymunedol hyn aeddfedu byddant yn gwella trwy\u2019r amser.<\/p>\n\n\n\n<div style=\"height:15px\" aria-hidden=\"true\" class=\"wp-block-spacer\"><\/div>\n\n\n\n<figure class=\"wp-block-gallery has-nested-images columns-default is-cropped wp-block-gallery-2 is-layout-flex wp-block-gallery-is-layout-flex\">\n<figure class=\"wp-block-image size-large\"><img decoding=\"async\" data-id=\"15275\" src=\"https:\/\/www.monlife.co.uk\/wp-content\/uploads\/2023\/02\/Hamilton-CNS-2.jpg\" alt=\"\" class=\"wp-image-15275\"\/><\/figure>\n\n\n\n<figure class=\"wp-block-image size-large\"><img decoding=\"async\" data-id=\"15273\" src=\"https:\/\/www.monlife.co.uk\/wp-content\/uploads\/2023\/02\/220415IMG_9637-Bee-on-rosemary-2-scaled.jpg\" alt=\"\" class=\"wp-image-15273\"\/><\/figure>\n\n\n\n<figure class=\"wp-block-image size-large\"><img decoding=\"async\" data-id=\"15277\" src=\"https:\/\/www.monlife.co.uk\/wp-content\/uploads\/2023\/02\/Maple-veg-planters-1.jpg\" alt=\"\" class=\"wp-image-15277\"\/><\/figure>\n<\/figure>\n\n\n\n<div style=\"height:10px\" aria-hidden=\"true\" class=\"wp-block-spacer\"><\/div>\n\n\n\n<h2 class=\"wp-block-heading\"><strong>Mannau Natur Cymunedol yn Nhrefynwy<\/strong><\/h2>\n\n\n\n<p>Cwblhawyd y prosiect Mannau Natur Cymunedol cyntaf yn Nhrefynwy yn 2022 fel rhan o gynllun ehangach i resymoli darpariaeth chwarae, ar \u00f4l asesu meysydd chwarae sefydlog a nododd fod llawer o safleoedd o ansawdd gwael o ran gwerth chwarae. Cr\u00ebwyd Mannau Natur Cymunedol o naw hen ardal chwarae leol yn Yst\u00e2d Rockfield a dwy ardal chwarae \u00e2 chyfarpar lleol yn Hendre Close a Goldwire Lane yn Ward Overmonnow, Trefynwy. Roedd angen gwella&#8217;r ardaloedd chwarae \u00e2 chyfarpar ar gyfer bioamrywiaeth a hefyd o safbwynt chwarae sefydlog, a gafodd ei ariannu drwy grant chwarae. Roedd y newidiadau a&#8217;r deilliannau dilynol i fyd natur yn cynnwys:<\/p>\n\n\n\n<ul class=\"wp-block-list\">\n<li>Plannu hadau blodau gwyllt o darddiad brodorol a 200 o blygiau planhigion brodorol<\/li>\n\n\n\n<li>Gwell rheolaeth ar laswelltir ar gyfer bywyd gwyllt, gan gynnwys osgoi defnyddio plaladdwyr<\/li>\n\n\n\n<li>Plannu 60 o goed ffrwythau a brodorol<\/li>\n\n\n\n<li>Plannu dros 3000 o blanhigion gwrychoedd a llwyni brodorol, a phlanhigion peillio addurnol.<\/li>\n\n\n\n<li>Gosod dros 30 bocs bywyd gwyllt ar gyfer adar, ystlumod, draenogod a phryfed<\/li>\n\n\n\n<li>Adeiladu chwe cysgfan gaeafu i ymlusgiaid<\/li>\n<\/ul>\n\n\n\n<h2 class=\"wp-block-heading\"><strong>Mannau Natur Cymunedol yng Nghas-gwent<\/strong><\/h2>\n\n\n\n<p>Ym mlwyddyn ariannol 2022-2023 cyflwynwyd Mannau Natur Cymunedol yng Nghas-gwent.&nbsp;&nbsp; Nid oedd gennym yr un arian cyfatebol ar gael, ac arweiniodd natur wahanol y safleoedd a ddewiswyd at wahanol fathau o gynlluniau&#8217;n cael eu cyflawni.&nbsp; Gan weithio gyda Gr\u0175p Cymunedol Hafren Crescent roeddem yn gallu cyflawni nod tymor hir o&#8217;u rhai nhw drwy greu ardaloedd dolydd mawr gyda thyweirch blodau gwyllt.&nbsp;&nbsp; Rhoddodd Gr\u0175p Perllannau Coed Woolpitch adborth gwerthfawr i ni i sicrhau bod y cynigion yn diwallu anghenion a nodau defnyddwyr y safle.&nbsp;<\/p>\n\n\n\n<h2 class=\"wp-block-heading\"><strong>Mannau Natur Cymunedol yn Y Fenni<\/strong><\/h2>\n\n\n\n<p>Ar hyn o bryd rydym yn cynnal ymgynghoriad i ddarparu Mannau Natur Cymunedol yn y Fenni.&nbsp;&nbsp;<\/p>\n\n\n\n<p>Ewch i&#8217;n <strong><a href=\"https:\/\/www.monlife.co.uk\/cy\/outdoor\/green-infrastructure\/gi-and-nature-projects\/monmouthshire-community-nature-spaces\/community-nature-spaces\/\">tudalen ymgynghori<\/a><\/strong> i ddarganfod mwy a dweud eich dweud.<\/p>\n\n\n\n<h2 class=\"wp-block-heading\"><strong>Sut allwch chi gymryd rhan?<\/strong><\/h2>\n\n\n\n<p>P&#8217;un a ydych am gymryd rhan mewn tyfu bwyd cymunedol neu os ydych am gymryd rhan mewn ffordd arall, rydym am glywed oddi wrthych.\u00a0 E-bostiwch <a href=\"mailto:localnature@monmouthshire.gov.uk%20\"><strong>localnature@monmouthshire.gov.uk<\/strong><\/a>\u00a0i siarad \u00e2&#8217;r T\u00eem Bioamrywiaeth.<\/p>\n","protected":false},"excerpt":{"rendered":"<p>Beth yw Mannau Natur Cymunedol? Mae Mannau Natur Cymunedol yn lleoedd i chi, ac yn lleoedd ar gyfer byd natur. Nod y prosiect hwn, sy&#8217;n cael ei ariannu gan Leoedd [&hellip;]<\/p>\n","protected":false},"author":6,"featured_media":0,"parent":14968,"menu_order":0,"comment_status":"closed","ping_status":"closed","template":"","meta":{"_acf_changed":false,"footnotes":""},"class_list":["post-15290","page","type-page","status-publish","hentry"],"acf":[],"_links":{"self":[{"href":"https:\/\/www.monlife.co.uk\/cy\/wp-json\/wp\/v2\/pages\/15290","targetHints":{"allow":["GET"]}}],"collection":[{"href":"https:\/\/www.monlife.co.uk\/cy\/wp-json\/wp\/v2\/pages"}],"about":[{"href":"https:\/\/www.monlife.co.uk\/cy\/wp-json\/wp\/v2\/types\/page"}],"author":[{"embeddable":true,"href":"https:\/\/www.monlife.co.uk\/cy\/wp-json\/wp\/v2\/users\/6"}],"replies":[{"embeddable":true,"href":"https:\/\/www.monlife.co.uk\/cy\/wp-json\/wp\/v2\/comments?post=15290"}],"version-history":[{"count":0,"href":"https:\/\/www.monlife.co.uk\/cy\/wp-json\/wp\/v2\/pages\/15290\/revisions"}],"up":[{"embeddable":true,"href":"https:\/\/www.monlife.co.uk\/cy\/wp-json\/wp\/v2\/pages\/14968"}],"wp:attachment":[{"href":"https:\/\/www.monlife.co.uk\/cy\/wp-json\/wp\/v2\/media?parent=15290"}],"curies":[{"name":"wp","href":"https:\/\/api.w.org\/{rel}","templated":true}]}}