{"id":14955,"date":"2019-12-16T23:06:15","date_gmt":"2019-12-16T23:06:15","guid":{"rendered":"https:\/\/www.monlife.co.uk\/?page_id=14955"},"modified":"2023-11-01T18:01:23","modified_gmt":"2023-11-01T18:01:23","slug":"landscape-setting","status":"publish","type":"page","link":"https:\/\/www.monlife.co.uk\/cy\/outdoor\/green-infrastructure\/landscape-setting\/","title":{"rendered":"Landscape Setting"},"content":{"rendered":"\n<h2 class=\"wp-block-heading\"><strong>Lleoliad Tirwedd<\/strong><\/h2>\n\n\n\n<p>Adlewyrchir pwysigrwydd tirwedd Sir Fynwy yn ei ddynodiadau, y ddau safle dynodedig statudol fel Parc Cenedlaethol Bannau Brycheiniog yng ngogledd y sir, a dynodiadau hanesyddol fel Gwastadeddau Gwent yn y de.&nbsp;<\/p>\n\n\n\n<p>Mae ardaloedd y tu allan i&#8217;r tirweddau dynodedig hyn hefyd yn gyfoeth o nodweddion o arwyddoc\u00e2d naturiol a diwylliannol, gydag amrywiaeth o ddynodiadau cadwraeth natur rhyngwladol a chenedlaethol a chyfoeth o Barciau a Gerddi Hanesyddol, Ardaloedd Cadwraeth a threfi hanesyddol a dynodiadau archeolegol sy&#8217;n cyfrannu at dirwedd unigryw a hardd Sir Fynwy.&nbsp;&nbsp;<\/p>\n\n\n\n<div style=\"height:20px\" aria-hidden=\"true\" class=\"wp-block-spacer\"><\/div>\n\n\n\n<hr class=\"wp-block-separator has-alpha-channel-opacity\"\/>\n\n\n\n<div style=\"height:10px\" aria-hidden=\"true\" class=\"wp-block-spacer\"><\/div>\n\n\n\n<h3 class=\"wp-block-heading\"><strong>Tirweddau Dynodedig Statudol<\/strong><\/h3>\n\n\n\n<div style=\"height:15px\" aria-hidden=\"true\" class=\"wp-block-spacer\"><\/div>\n\n\n\n<div class=\"wp-block-columns is-layout-flex wp-container-core-columns-is-layout-9d6595d7 wp-block-columns-is-layout-flex\">\n<div class=\"wp-block-column is-layout-flow wp-block-column-is-layout-flow\" style=\"flex-basis:33.33%\">\n<figure class=\"wp-block-image size-large\"><img fetchpriority=\"high\" decoding=\"async\" width=\"1024\" height=\"683\" src=\"https:\/\/www.monlife.co.uk\/wp-content\/uploads\/2023\/10\/14.-Sugarloaf-1024x683.jpg\" alt=\"\" class=\"wp-image-24480\" srcset=\"https:\/\/www.monlife.co.uk\/wp-content\/uploads\/2023\/10\/14.-Sugarloaf-1024x683.jpg 1024w, https:\/\/www.monlife.co.uk\/wp-content\/uploads\/2023\/10\/14.-Sugarloaf-300x200.jpg 300w, https:\/\/www.monlife.co.uk\/wp-content\/uploads\/2023\/10\/14.-Sugarloaf-768x512.jpg 768w, https:\/\/www.monlife.co.uk\/wp-content\/uploads\/2023\/10\/14.-Sugarloaf.jpg 1080w\" sizes=\"(max-width: 1024px) 100vw, 1024px\" \/><\/figure>\n<\/div>\n\n\n\n<div class=\"wp-block-column is-layout-flow wp-block-column-is-layout-flow\"><\/div>\n\n\n\n<div class=\"wp-block-column is-layout-flow wp-block-column-is-layout-flow\" style=\"flex-basis:66.66%\">\n<p><a href=\"https:\/\/bannau.cymru\/yr-awdurdod\/amdanom-ni\/cynllun-rheoli2019r-parc-cenedlaethol\/\"><strong>Parc Cenedlaethol Bannau Brycheiniog<\/strong><\/a><\/p>\n\n\n\n<p>Mae Parc Cenedlaethol Bannau Brycheiniog yn &#8216;Ardal Tirwedd Warchodedig Categori Pump&#8217; sy&#8217;n golygu ei fod yn cael ei reoli ar gyfer cadwraeth a hamdden tirwedd.&nbsp;&nbsp; Mae rhai materion fel cynllunio yn gyfrifoldeb awdurdod y parc mewn ardaloedd yn Sir Fynwy sy&#8217;n eistedd o fewn y parc.&nbsp;<\/p>\n<\/div>\n<\/div>\n\n\n\n<div class=\"wp-block-columns is-layout-flex wp-container-core-columns-is-layout-9d6595d7 wp-block-columns-is-layout-flex\">\n<div class=\"wp-block-column is-layout-flow wp-block-column-is-layout-flow\" style=\"flex-basis:33.33%\">\n<figure class=\"wp-block-image size-large\"><img decoding=\"async\" width=\"1024\" height=\"683\" src=\"https:\/\/www.monlife.co.uk\/wp-content\/uploads\/2023\/10\/15.-Wye-AONB-1-1024x683.jpg\" alt=\"\" class=\"wp-image-24490\" srcset=\"https:\/\/www.monlife.co.uk\/wp-content\/uploads\/2023\/10\/15.-Wye-AONB-1-1024x683.jpg 1024w, https:\/\/www.monlife.co.uk\/wp-content\/uploads\/2023\/10\/15.-Wye-AONB-1-300x200.jpg 300w, https:\/\/www.monlife.co.uk\/wp-content\/uploads\/2023\/10\/15.-Wye-AONB-1-768x512.jpg 768w, https:\/\/www.monlife.co.uk\/wp-content\/uploads\/2023\/10\/15.-Wye-AONB-1.jpg 1080w\" sizes=\"(max-width: 1024px) 100vw, 1024px\" \/><\/figure>\n<\/div>\n\n\n\n<div class=\"wp-block-column is-layout-flow wp-block-column-is-layout-flow\"><\/div>\n\n\n\n<div class=\"wp-block-column is-layout-flow wp-block-column-is-layout-flow\" style=\"flex-basis:66.66%\">\n<p><a href=\"https:\/\/www.wyevalleyaonb.org.uk\/\"><strong>Ardal o Harddwch Naturiol Eithriadol Dyffryn Gwy (AHNE)<\/strong><\/a><\/p>\n\n\n\n<p>Dynodwyd AHNE Dyffryn Gwy ar ffin ddwyreiniol Sir Fynwy ym 1971 i ddiogelu&#8217;r ceunentydd calchfaen dramatig a choetiroedd brodorol, y ddaeareg drawiadol, yr etifeddiaeth hanesyddol gyfoethog o fryngaerau, cestyll a&#8217;r Abaty Sistersaidd cyntaf yng Nghymru, a&#8217;r bywyd gwyllt anhygoel.<\/p>\n<\/div>\n<\/div>\n\n\n\n<div class=\"wp-block-columns is-layout-flex wp-container-core-columns-is-layout-9d6595d7 wp-block-columns-is-layout-flex\">\n<div class=\"wp-block-column is-layout-flow wp-block-column-is-layout-flow\" style=\"flex-basis:33.33%\">\n<figure class=\"wp-block-image size-large\"><img decoding=\"async\" width=\"1024\" height=\"683\" src=\"https:\/\/www.monlife.co.uk\/wp-content\/uploads\/2023\/10\/16.-Keepers-1024x683.jpg\" alt=\"\" class=\"wp-image-24484\" srcset=\"https:\/\/www.monlife.co.uk\/wp-content\/uploads\/2023\/10\/16.-Keepers-1024x683.jpg 1024w, https:\/\/www.monlife.co.uk\/wp-content\/uploads\/2023\/10\/16.-Keepers-300x200.jpg 300w, https:\/\/www.monlife.co.uk\/wp-content\/uploads\/2023\/10\/16.-Keepers-768x512.jpg 768w, https:\/\/www.monlife.co.uk\/wp-content\/uploads\/2023\/10\/16.-Keepers.jpg 1080w\" sizes=\"(max-width: 1024px) 100vw, 1024px\" \/><\/figure>\n<\/div>\n\n\n\n<div class=\"wp-block-column is-layout-flow wp-block-column-is-layout-flow\"><\/div>\n\n\n\n<div class=\"wp-block-column is-layout-flow wp-block-column-is-layout-flow\" style=\"flex-basis:66.66%\">\n<p><strong><a href=\"https:\/\/www.visitblaenavon.co.uk\/cy\/world-heritage-site-status\">Safle Treftadaeth y Byd Tirwedd Ddiwydiannol Blaenafon (STBTDdB)<\/a><\/strong><\/p>\n\n\n\n<p>Dynodwyd Tirwedd Ddiwydiannol Blaenafon fel Safle Treftadaeth y Byd gan UNESCO yn 2000 i gydnabod y dystiolaeth eithriadol i&#8217;r grymoedd deinamig a ysgogodd y Chwyldro Diwydiannol a adroddir trwy asedau treftadaeth yr ardal.<\/p>\n<\/div>\n<\/div>\n\n\n\n<h3 class=\"wp-block-heading\"><strong>Dynodiadau Tirwedd Hanesyddol<\/strong><\/h3>\n\n\n\n<div style=\"height:15px\" aria-hidden=\"true\" class=\"wp-block-spacer\"><\/div>\n\n\n\n<div class=\"wp-block-columns is-layout-flex wp-container-core-columns-is-layout-9d6595d7 wp-block-columns-is-layout-flex\">\n<div class=\"wp-block-column is-layout-flow wp-block-column-is-layout-flow\" style=\"flex-basis:33.33%\">\n<figure class=\"wp-block-image size-large\"><img loading=\"lazy\" decoding=\"async\" width=\"1024\" height=\"683\" src=\"https:\/\/www.monlife.co.uk\/wp-content\/uploads\/2023\/10\/17.-Gwent-Levels-1024x683.jpg\" alt=\"\" class=\"wp-image-24482\" srcset=\"https:\/\/www.monlife.co.uk\/wp-content\/uploads\/2023\/10\/17.-Gwent-Levels-1024x683.jpg 1024w, https:\/\/www.monlife.co.uk\/wp-content\/uploads\/2023\/10\/17.-Gwent-Levels-300x200.jpg 300w, https:\/\/www.monlife.co.uk\/wp-content\/uploads\/2023\/10\/17.-Gwent-Levels-768x512.jpg 768w, https:\/\/www.monlife.co.uk\/wp-content\/uploads\/2023\/10\/17.-Gwent-Levels.jpg 1080w\" sizes=\"(max-width: 1024px) 100vw, 1024px\" \/><\/figure>\n<\/div>\n\n\n\n<div class=\"wp-block-column is-layout-flow wp-block-column-is-layout-flow\"><\/div>\n\n\n\n<div class=\"wp-block-column is-layout-flow wp-block-column-is-layout-flow\" style=\"flex-basis:66.66%\">\n<p><a href=\"http:\/\/www.ggat.org.uk\/cadw\/historic_landscape\/Gwent%20Levels\/English\/GL_Main.htm\"><strong>Gwastadeddau Gwen<\/strong>t<\/a><\/p>\n\n\n\n<p>Mae gwastadeddau Tirwedd Hanesyddol Eithriadol Gwent yn cynrychioli&#8217;r enghraifft Gymreig fawr a mwyaf arwyddocaol o dirwedd &#8220;a gr\u00ebwyd s \u00e2 llaw&#8221; gyda thystiolaeth o aneddiadau sy&#8217;n dyddio mor bell yn \u00f4l \u00e2&#8217;r cyfnod Rhufeinig.\u00a0 Gallwch ddarganfod mwy am hanes cyfoethog Gwastadeddau Gwent drwy&#8217;r <a href=\"https:\/\/www.lefelaubyw.co.uk\/\"><strong>bartneriaeth Gwastadeddau Byw<\/strong><\/a>.<\/p>\n<\/div>\n<\/div>\n\n\n\n<div class=\"wp-block-columns is-layout-flex wp-container-core-columns-is-layout-9d6595d7 wp-block-columns-is-layout-flex\">\n<div class=\"wp-block-column is-layout-flow wp-block-column-is-layout-flow\" style=\"flex-basis:33.33%\">\n<figure class=\"wp-block-image size-large\"><img loading=\"lazy\" decoding=\"async\" width=\"1024\" height=\"683\" src=\"https:\/\/www.monlife.co.uk\/wp-content\/uploads\/2023\/10\/18.-Wye-Valley-1024x683.jpg\" alt=\"\" class=\"wp-image-24476\" srcset=\"https:\/\/www.monlife.co.uk\/wp-content\/uploads\/2023\/10\/18.-Wye-Valley-1024x683.jpg 1024w, https:\/\/www.monlife.co.uk\/wp-content\/uploads\/2023\/10\/18.-Wye-Valley-300x200.jpg 300w, https:\/\/www.monlife.co.uk\/wp-content\/uploads\/2023\/10\/18.-Wye-Valley-768x512.jpg 768w, https:\/\/www.monlife.co.uk\/wp-content\/uploads\/2023\/10\/18.-Wye-Valley.jpg 1080w\" sizes=\"(max-width: 1024px) 100vw, 1024px\" \/><\/figure>\n<\/div>\n\n\n\n<div class=\"wp-block-column is-layout-flow wp-block-column-is-layout-flow\"><\/div>\n\n\n\n<div class=\"wp-block-column is-layout-flow wp-block-column-is-layout-flow\" style=\"flex-basis:66.66%\">\n<p><strong><a href=\"https:\/\/www.ggat.org.uk\/cadw\/historic_landscape\/wye_valley\/cymraeg\/wyevalley_featurescym.htm\">Dyffryn Gwy Isaf<\/a><\/strong><\/p>\n\n\n\n<p>Mae cymeriad prydferth Dyffryn Gwy Isaf yn ganlyniad i gyfuniad o ffactorau o&#8217;r dirwedd naturiol a hanesyddol.&nbsp; Mae ei phwysigrwydd fel tirlun, sydd wedi dylanwadu&#8217;n drwm ar ganfyddiadau modern o harddwch golygfaol a&#8217;r pictiwr\u00e9sg, yn cael ei adlewyrchu yn y cyfoeth o dirwedd, treftadaeth a chadwraeth natur.<\/p>\n<\/div>\n<\/div>\n\n\n\n<div class=\"wp-block-columns is-layout-flex wp-container-core-columns-is-layout-9d6595d7 wp-block-columns-is-layout-flex\">\n<div class=\"wp-block-column is-layout-flow wp-block-column-is-layout-flow\" style=\"flex-basis:33.33%\">\n<figure class=\"wp-block-image size-large\"><img loading=\"lazy\" decoding=\"async\" width=\"1024\" height=\"683\" src=\"https:\/\/www.monlife.co.uk\/wp-content\/uploads\/2023\/10\/19.-Clydach-1024x683.jpg\" alt=\"\" class=\"wp-image-24474\" srcset=\"https:\/\/www.monlife.co.uk\/wp-content\/uploads\/2023\/10\/19.-Clydach-1024x683.jpg 1024w, https:\/\/www.monlife.co.uk\/wp-content\/uploads\/2023\/10\/19.-Clydach-300x200.jpg 300w, https:\/\/www.monlife.co.uk\/wp-content\/uploads\/2023\/10\/19.-Clydach-768x512.jpg 768w, https:\/\/www.monlife.co.uk\/wp-content\/uploads\/2023\/10\/19.-Clydach.jpg 1080w\" sizes=\"(max-width: 1024px) 100vw, 1024px\" \/><\/figure>\n<\/div>\n\n\n\n<div class=\"wp-block-column is-layout-flow wp-block-column-is-layout-flow\"><\/div>\n\n\n\n<div class=\"wp-block-column is-layout-flow wp-block-column-is-layout-flow\" style=\"flex-basis:66.66%\">\n<p><strong><a href=\"http:\/\/www.ggat.org.uk\/cadw\/historic_landscape\/clydach_gorge\/cymraeg\/clydach_gorge_main_cym.htm\">Ceunant Clydach<\/a><\/strong><\/p>\n\n\n\n<p>Mae Ceunant Clydach ysblennydd yn gyfoeth o hanes diwylliannol a diwydiannol, daeareg a bioamrywiaeth. <a href=\"https:\/\/cy.visitmonmouthshire.com\/pethau-iw-gwneud\/clydach-ironworks-and-picnic-site-p2004151\"><strong>Gweithfeydd Haearn Clydach<\/strong><\/a> yw&#8217;r lle perffaith i ddechrau archwilio&#8217;r dyffryn.<\/p>\n\n\n\n<p class=\"has-medium-font-size\">&nbsp;<\/p>\n<\/div>\n<\/div>\n\n\n\n<hr class=\"wp-block-separator has-alpha-channel-opacity is-style-default\"\/>\n\n\n\n<h3 class=\"wp-block-heading\"><strong>Tirwedd a Chynllunio<\/strong><\/h3>\n\n\n\n<p>Mae&#8217;n hanfodol bod yr holl dirwedd yn cael ei deall a&#8217;i gwerthfawrogi wrth ystyried materion cynllunio, dylunio a rheoli.&nbsp; Er mwyn cynorthwyo&#8217;r broses hon mae&#8217;r cyngor wedi datblygu:<\/p>\n\n\n\n<p>Asesiad Cymeriad Tirwedd ACT CCA i\u2019w gyhoeddi yn 2020. Yn sail i&#8217;r asesiad mae&#8217;r MAP TIR <strong><a href=\"https:\/\/naturalresources.wales\/guidance-and-advice\/business-sectors\/planning-and-development\/evidence-to-inform-development-planning\/landmap-the-welsh-landscape-baseline\/?lang=cy\">(LANDMAP)<\/a><\/strong>, sef offeryn tystiolaeth sylfaenol Cymru i helpu i wneud penderfyniadau cynaliadwy a chynllunio adnoddau naturiol.<\/p>\n\n\n\n<p>Asesiad Sensitifrwydd a Chapasiti Tirwedd 2009\/10 (sydd i fod i gael ei ddiweddaru fel rhan o&#8217;r broses adolygu CDLl).<\/p>\n\n\n\n        <div class=\"flex flex-wrap mt-4 -mx-2\">\n                            <div class=\"w-full md:w-1\/3 mb-8 px-2\">\n                    <div class=\"content-section bg-monGreen\">\n                      <div class=\"content-section-title w-full p-2 text-center font-bold text-2xl\" tabindex=\"0\">Strategaeth ac Arweiniad<\/div><div class=\"w-full mb-2\"><img decoding=\"async\" src=\"https:\/\/www.monlife.co.uk\/wp-content\/uploads\/2023\/10\/Green-Infrastructure-Images-01-1.png\" alt=\"Strategaeth ac Arweiniad\" class=\"w-full\" \/><\/div><p class=\"w-full p-2 my-5\" tabindex=\"0\">Edrychwch ar ein cynlluniau strategol a'n dogfennau cyfarwyddyd ar gyfer cynllunio a rheoli SG.<\/p><div class=\"read-more-link\">\n                                    <a href=\"https:\/\/www.monlife.co.uk\/cy\/outdoor\/green-infrastructure\/strategy-and-guidance\">\n                                        DARLLEN MWY <i class=\"fas fa-arrow-circle-right\"><\/i>\n                                    <\/a>\n                              <\/div>                    <\/div>\n                <\/div>\n                            <div class=\"w-full md:w-1\/3 mb-8 px-2\">\n                    <div class=\"content-section bg-monGreen\">\n                      <div class=\"content-section-title w-full p-2 text-center font-bold text-2xl\" tabindex=\"0\">Hinsawdd, Natur a Lles <\/div><div class=\"w-full mb-2\"><img decoding=\"async\" src=\"https:\/\/www.monlife.co.uk\/wp-content\/uploads\/2023\/10\/Green-Infrastructure-Images-07-1.png\" alt=\"Hinsawdd, Natur a Lles \" class=\"w-full\" \/><\/div><p class=\"w-full p-2 my-5\" tabindex=\"0\">Darganfyddwch fwy am yr effaith y gall newid yn yr hinsawdd ei chael ar ein lles cyffredinol.<\/p><div class=\"read-more-link\">\n                                    <a href=\"https:\/\/www.monlife.co.uk\/cy\/outdoor\/green-infrastructure\/climate-nature-and-well-being\/\">\n                                        DARLLEN MWY <i class=\"fas fa-arrow-circle-right\"><\/i>\n                                    <\/a>\n                              <\/div>                    <\/div>\n                <\/div>\n                            <div class=\"w-full md:w-1\/3 mb-8 px-2\">\n                    <div class=\"content-section bg-monGreen\">\n                      <div class=\"content-section-title w-full p-2 text-center font-bold text-2xl\" tabindex=\"0\">Bioamrywiaeth yn Sir Fynwy <\/div><div class=\"w-full mb-2\"><img decoding=\"async\" src=\"https:\/\/www.monlife.co.uk\/wp-content\/uploads\/2023\/10\/Green-Infrastructure-Images-08-1.png\" alt=\"Bioamrywiaeth yn Sir Fynwy \" class=\"w-full\" \/><\/div><p class=\"w-full p-2 my-5\" tabindex=\"0\">Dysgwch fwy am gynefinoedd a rhywogaethau Sir Fynwy a'r hyn rydym yn ei wneud i'w diogelu.<\/p><div class=\"read-more-link\">\n                                    <a href=\" https:\/\/www.monlife.co.uk\/cy\/outdoor\/green-infrastructure\/biodiversity\/\">\n                                        DARLLEN MWY <i class=\"fas fa-arrow-circle-right\"><\/i>\n                                    <\/a>\n                              <\/div>                    <\/div>\n                <\/div>\n                    <\/div>\n\n        \n","protected":false},"excerpt":{"rendered":"<p>Lleoliad Tirwedd Adlewyrchir pwysigrwydd tirwedd Sir Fynwy yn ei ddynodiadau, y ddau safle dynodedig statudol fel Parc Cenedlaethol Bannau Brycheiniog yng ngogledd y sir, a dynodiadau hanesyddol fel Gwastadeddau Gwent [&hellip;]<\/p>\n","protected":false},"author":6,"featured_media":0,"parent":2558,"menu_order":3,"comment_status":"closed","ping_status":"closed","template":"","meta":{"_acf_changed":false,"footnotes":""},"class_list":["post-14955","page","type-page","status-publish","hentry"],"acf":[],"_links":{"self":[{"href":"https:\/\/www.monlife.co.uk\/cy\/wp-json\/wp\/v2\/pages\/14955","targetHints":{"allow":["GET"]}}],"collection":[{"href":"https:\/\/www.monlife.co.uk\/cy\/wp-json\/wp\/v2\/pages"}],"about":[{"href":"https:\/\/www.monlife.co.uk\/cy\/wp-json\/wp\/v2\/types\/page"}],"author":[{"embeddable":true,"href":"https:\/\/www.monlife.co.uk\/cy\/wp-json\/wp\/v2\/users\/6"}],"replies":[{"embeddable":true,"href":"https:\/\/www.monlife.co.uk\/cy\/wp-json\/wp\/v2\/comments?post=14955"}],"version-history":[{"count":0,"href":"https:\/\/www.monlife.co.uk\/cy\/wp-json\/wp\/v2\/pages\/14955\/revisions"}],"up":[{"embeddable":true,"href":"https:\/\/www.monlife.co.uk\/cy\/wp-json\/wp\/v2\/pages\/2558"}],"wp:attachment":[{"href":"https:\/\/www.monlife.co.uk\/cy\/wp-json\/wp\/v2\/media?parent=14955"}],"curies":[{"name":"wp","href":"https:\/\/api.w.org\/{rel}","templated":true}]}}