{"id":13963,"date":"2019-10-15T10:43:50","date_gmt":"2019-10-15T09:43:50","guid":{"rendered":"https:\/\/www.monlife.co.uk\/monactive\/childrens-activities\/"},"modified":"2025-03-18T12:36:35","modified_gmt":"2025-03-18T12:36:35","slug":"childrens-activities","status":"publish","type":"page","link":"https:\/\/www.monlife.co.uk\/cy\/monactive\/childrens-activities\/","title":{"rendered":"Gweithgareddau Plant"},"content":{"rendered":"\n\n\n\n<h2 class=\"wp-block-heading\"><strong>Gweithgareddau Plant<\/strong><\/h2>\n\n\n\n<p>Yn MonLife, credwn fod pob plentyn yn haeddu cael hwyl a chadw&#8217;n heini! Mae ein cyfleusterau yn cynnig ystod eang o weithgareddau cyffrous a fydd yn diddanu eich rhai bach am oriau yn y diwedd. O chwaraeon a dosbarthiadau ffitrwydd i bart\u00efon pen-blwydd llawn hwyl, mae gennym rywbeth at ddiddordebau pob plentyn.<\/p>\n\n\n\n<p>Mae ein canolfannau wrth galon y gymuned ac mae ein staff profiadol yn ymroddedig i greu amgylchedd diogel, croesawgar lle gall plant ddysgu, tyfu a gwneud ffrindiau newydd. Felly dewch i ymuno \u00e2 ni yn MonLife yn weithredol a gadewch i ddychymyg eich plentyn redeg yn wyllt!<\/p>\n\n\n\n<div style=\"height:25px\" aria-hidden=\"true\" class=\"wp-block-spacer\"><\/div>\n\n\n<div class=\"oxi-addons-container   oxi-addons-flipbox-template-style5\">        <div class=\"oxilab-flip-box-wrapper\">\n                                <div class=\"oxilab-flip-box-col-2 oxilab-flip-box-padding-19\"\n                        sa-data-animation=\"\"\n                        sa-data-animation-offset=\"100%\"\r\n                        sa-data-animation-delay=\"0ms\"\r\n                        sa-data-animation-duration=\" 2000ms\"\n                        >\r\n                        <div class=\" oxilab-flip-box-body-19 oxilab-flip-box-body-19-167\">\n                                                        <div class=\"oxilab-flip-box-body-absulote\">\n                                <div class=\"oxilab-flip-box-flip oxilab-flip-box-flip-left-to-right\">\n                                    <div class=\"oxilab-flip-box-style-data easing_easeInOutCirc\">\n                                        <div class=\"oxilab-flip-box-style\">\n                                            <div class=\"oxilab-flip-box-front\">\n                                                <div class=\"oxilab-flip-box-19\">\n                                                    <div class=\"oxilab-flip-box-19-data\">\n\n                                                    <\/div>\n                                                <\/div>\n                                            <\/div>\n                                            <div class=\"oxilab-flip-box-back\">\n                                                <div class=\"oxilab-flip-box-back-19\">\n                                                    <div class=\"oxilab-flip-box-back-19-data\">\n                                                        <div class=\"oxilab-heading\">\n                                                                                                                    <\/div>\n                                                        <div class=\"oxilab-info\">\n                                                            Mae Gemau Sir Fynwy yn seiliedig ar ddysgu sgiliau newydd, datblygu hyder, cwrdd \u00e2 phobl newydd ac yn bwysicaf oll cael hwyl drwy chwaraeon. Gyda dros 30 o wahanol chwaraeon, bydd pob diwrnod yn llawn amrywiaeth o weithgareddau chwaraeon y gall plant a phobl ifanc 5-11 oed eu mwynhau.                                                        <\/div>\n                                                                                                                    <a href=\"https:\/\/www.monlife.co.uk\/cy\/monactive\/childrens-activities\/the-monmouthshire-games\/\" target=\"\">\n                                                                <span class=\"oxilab-button\">\n                                                                    <span class=\"oxilab-button-data\">\n                                                                        DARGANFOD MWY                                                                    <\/span>\n                                                                <\/span>\n                                                            <\/a>\n                                                                                                                <\/div>\n                                                <\/div>\n                                            <\/div>\n                                        <\/div>\n                                    <\/div>\n                                <\/div>\n                            <\/div>\n                                                    <\/div>\n\n\n                        \n                    <\/div>\n                                        <div class=\"oxilab-flip-box-col-2 oxilab-flip-box-padding-19\"\n                        sa-data-animation=\"\"\n                        sa-data-animation-offset=\"100%\"\r\n                        sa-data-animation-delay=\"0ms\"\r\n                        sa-data-animation-duration=\" 2000ms\"\n                        >\r\n                        <div class=\" oxilab-flip-box-body-19 oxilab-flip-box-body-19-168\">\n                                                        <div class=\"oxilab-flip-box-body-absulote\">\n                                <div class=\"oxilab-flip-box-flip oxilab-flip-box-flip-left-to-right\">\n                                    <div class=\"oxilab-flip-box-style-data easing_easeInOutCirc\">\n                                        <div class=\"oxilab-flip-box-style\">\n                                            <div class=\"oxilab-flip-box-front\">\n                                                <div class=\"oxilab-flip-box-19\">\n                                                    <div class=\"oxilab-flip-box-19-data\">\n\n                                                    <\/div>\n                                                <\/div>\n                                            <\/div>\n                                            <div class=\"oxilab-flip-box-back\">\n                                                <div class=\"oxilab-flip-box-back-19\">\n                                                    <div class=\"oxilab-flip-box-back-19-data\">\n                                                        <div class=\"oxilab-heading\">\n                                                                                                                    <\/div>\n                                                        <div class=\"oxilab-info\">\n                                                            Gwnewch ben-blwydd eich plentyn yn un i\u2019w gofio gyda MonLife Active! Rydym yn cynnig profiadau parti llawn hwyl a sbri sydd wedi&apos;u cynllunio i ddiddanu plant, yn egn\u00efol ac yn ymgysylltu \u00e2 nhw. P&apos;un a ydynt yn hoff o nofio, chwaraeon, neu weithgareddau antur cyffrous, mae gennym y pecyn parti perffaith i greu atgofion hudolus.                                                        <\/div>\n                                                                                                                    <a href=\"https:\/\/www.monlife.co.uk\/cy\/monactive\/childrens-activities\/birthday-parties\/\" target=\"\">\n                                                                <span class=\"oxilab-button\">\n                                                                    <span class=\"oxilab-button-data\">\n                                                                        DARGANFOD MWY                                                                    <\/span>\n                                                                <\/span>\n                                                            <\/a>\n                                                                                                                <\/div>\n                                                <\/div>\n                                            <\/div>\n                                        <\/div>\n                                    <\/div>\n                                <\/div>\n                            <\/div>\n                                                    <\/div>\n\n\n                        \n                    <\/div>\n                                        <div class=\"oxilab-flip-box-col-2 oxilab-flip-box-padding-19\"\n                        sa-data-animation=\"\"\n                        sa-data-animation-offset=\"100%\"\r\n                        sa-data-animation-delay=\"0ms\"\r\n                        sa-data-animation-duration=\" 2000ms\"\n                        >\r\n                        <div class=\" oxilab-flip-box-body-19 oxilab-flip-box-body-19-169\">\n                                                        <div class=\"oxilab-flip-box-body-absulote\">\n                                <div class=\"oxilab-flip-box-flip oxilab-flip-box-flip-left-to-right\">\n                                    <div class=\"oxilab-flip-box-style-data easing_easeInOutCirc\">\n                                        <div class=\"oxilab-flip-box-style\">\n                                            <div class=\"oxilab-flip-box-front\">\n                                                <div class=\"oxilab-flip-box-19\">\n                                                    <div class=\"oxilab-flip-box-19-data\">\n\n                                                    <\/div>\n                                                <\/div>\n                                            <\/div>\n                                            <div class=\"oxilab-flip-box-back\">\n                                                <div class=\"oxilab-flip-box-back-19\">\n                                                    <div class=\"oxilab-flip-box-back-19-data\">\n                                                        <div class=\"oxilab-heading\">\n                                                            Dim ond yng Nghanolfan Hamdden Trefynwy                                                        <\/div>\n                                                        <div class=\"oxilab-info\">\n                                                            Dringo i uchelfannau newydd yng Nghanolfan Chwarae Premier Trefynwy. Yn cynnwys drysfa ddringo 3 llawr cyffrous a system amseru curiad y cloc unigryw. Mae yna hefyd ardal ddynodedig (amgaeedig) i blant bach ei mwynhau.                                                        <\/div>\n                                                                                                                    <a href=\"https:\/\/www.monlife.co.uk\/cy\/monactive\/childrens-activities\/play-centre\/\" target=\"\">\n                                                                <span class=\"oxilab-button\">\n                                                                    <span class=\"oxilab-button-data\">\n                                                                        DARGANFOD MWY                                                                    <\/span>\n                                                                <\/span>\n                                                            <\/a>\n                                                                                                                <\/div>\n                                                <\/div>\n                                            <\/div>\n                                        <\/div>\n                                    <\/div>\n                                <\/div>\n                            <\/div>\n                                                    <\/div>\n\n\n                        \n                    <\/div>\n                                        <div class=\"oxilab-flip-box-col-2 oxilab-flip-box-padding-19\"\n                        sa-data-animation=\"\"\n                        sa-data-animation-offset=\"100%\"\r\n                        sa-data-animation-delay=\"0ms\"\r\n                        sa-data-animation-duration=\" 2000ms\"\n                        >\r\n                        <div class=\" oxilab-flip-box-body-19 oxilab-flip-box-body-19-170\">\n                                                        <div class=\"oxilab-flip-box-body-absulote\">\n                                <div class=\"oxilab-flip-box-flip oxilab-flip-box-flip-left-to-right\">\n                                    <div class=\"oxilab-flip-box-style-data easing_easeInOutCirc\">\n                                        <div class=\"oxilab-flip-box-style\">\n                                            <div class=\"oxilab-flip-box-front\">\n                                                <div class=\"oxilab-flip-box-19\">\n                                                    <div class=\"oxilab-flip-box-19-data\">\n\n                                                    <\/div>\n                                                <\/div>\n                                            <\/div>\n                                            <div class=\"oxilab-flip-box-back\">\n                                                <div class=\"oxilab-flip-box-back-19\">\n                                                    <div class=\"oxilab-flip-box-back-19-data\">\n                                                        <div class=\"oxilab-heading\">\n                                                            Ar gael yn Y Fenni a Cas-gwent                                                        <\/div>\n                                                        <div class=\"oxilab-info\">\n                                                            Mae rhaglen Teuluoedd P\u00eal-droed MonLife wedi&apos;i chynllunio i ennyn diddordeb rhieni a&apos;u plant ifanc mewn gweithgareddau hwyliog a rhyngweithiol, sy&apos;n helpu i ddatblygu sgiliau symud sylfaenol.                                                        <\/div>\n                                                                                                                    <a href=\"https:\/\/monlifeswim.courseprogress.co.uk\/onlinejoining\/home\" target=\"\">\n                                                                <span class=\"oxilab-button\">\n                                                                    <span class=\"oxilab-button-data\">\n                                                                        ARCHEBWCH NAWR                                                                    <\/span>\n                                                                <\/span>\n                                                            <\/a>\n                                                                                                                <\/div>\n                                                <\/div>\n                                            <\/div>\n                                        <\/div>\n                                    <\/div>\n                                <\/div>\n                            <\/div>\n                                                    <\/div>\n\n\n                        \n                    <\/div>\n                                        <div class=\"oxilab-flip-box-col-2 oxilab-flip-box-padding-19\"\n                        sa-data-animation=\"\"\n                        sa-data-animation-offset=\"100%\"\r\n                        sa-data-animation-delay=\"0ms\"\r\n                        sa-data-animation-duration=\" 2000ms\"\n                        >\r\n                        <div class=\" oxilab-flip-box-body-19 oxilab-flip-box-body-19-171\">\n                                                        <div class=\"oxilab-flip-box-body-absulote\">\n                                <div class=\"oxilab-flip-box-flip oxilab-flip-box-flip-left-to-right\">\n                                    <div class=\"oxilab-flip-box-style-data easing_easeInOutCirc\">\n                                        <div class=\"oxilab-flip-box-style\">\n                                            <div class=\"oxilab-flip-box-front\">\n                                                <div class=\"oxilab-flip-box-19\">\n                                                    <div class=\"oxilab-flip-box-19-data\">\n\n                                                    <\/div>\n                                                <\/div>\n                                            <\/div>\n                                            <div class=\"oxilab-flip-box-back\">\n                                                <div class=\"oxilab-flip-box-back-19\">\n                                                    <div class=\"oxilab-flip-box-back-19-data\">\n                                                        <div class=\"oxilab-heading\">\n                                                            Ar gael yng Cas-gwent a Cil-y-coed (Caldicot Comets)                                                        <\/div>\n                                                        <div class=\"oxilab-info\">\n                                                            Croeso i gyrsiau p\u00eal-fasged MonLife. Wedi&apos;i gynllunio er mwyn i unigolion fwynhau chwaraeon hamdden, datblygu eu sgiliau, gwaith t\u00eem, a chariad at y g\u00eam mewn amgylchedd hwyliog a deniadol.                                                        <\/div>\n                                                                                                                    <a href=\"https:\/\/monlifeswim.courseprogress.co.uk\/onlinejoining\/home\" target=\"\">\n                                                                <span class=\"oxilab-button\">\n                                                                    <span class=\"oxilab-button-data\">\n                                                                        ARCHEBWCH NAWR                                                                    <\/span>\n                                                                <\/span>\n                                                            <\/a>\n                                                                                                                <\/div>\n                                                <\/div>\n                                            <\/div>\n                                        <\/div>\n                                    <\/div>\n                                <\/div>\n                            <\/div>\n                                                    <\/div>\n\n\n                        \n                    <\/div>\n                                        <div class=\"oxilab-flip-box-col-2 oxilab-flip-box-padding-19\"\n                        sa-data-animation=\"\"\n                        sa-data-animation-offset=\"100%\"\r\n                        sa-data-animation-delay=\"0ms\"\r\n                        sa-data-animation-duration=\" 2000ms\"\n                        >\r\n                        <div class=\" oxilab-flip-box-body-19 oxilab-flip-box-body-19-172\">\n                                                        <div class=\"oxilab-flip-box-body-absulote\">\n                                <div class=\"oxilab-flip-box-flip oxilab-flip-box-flip-left-to-right\">\n                                    <div class=\"oxilab-flip-box-style-data easing_easeInOutCirc\">\n                                        <div class=\"oxilab-flip-box-style\">\n                                            <div class=\"oxilab-flip-box-front\">\n                                                <div class=\"oxilab-flip-box-19\">\n                                                    <div class=\"oxilab-flip-box-19-data\">\n\n                                                    <\/div>\n                                                <\/div>\n                                            <\/div>\n                                            <div class=\"oxilab-flip-box-back\">\n                                                <div class=\"oxilab-flip-box-back-19\">\n                                                    <div class=\"oxilab-flip-box-back-19-data\">\n                                                        <div class=\"oxilab-heading\">\n                                                            Dim ond yng Nghanolfan Hamdden y Fenni                                                        <\/div>\n                                                        <div class=\"oxilab-info\">\n                                                            Mae ein hyfforddwyr medrus wedi ymrwymo i helpu pob cyfranogwr i feistroli hanfodion gymnasteg, o gampau sylfaenol i ymarferion uwch, gan hefyd annog ymdeimlad o hyder a chyflawniad. Ffoniwch 01633 644800 i archebu.                                                        <\/div>\n                                                                                                            <\/div>\n                                                <\/div>\n                                            <\/div>\n                                        <\/div>\n                                    <\/div>\n                                <\/div>\n                            <\/div>\n                                                    <\/div>\n\n\n                        \n                    <\/div>\n                                        <div class=\"oxilab-flip-box-col-2 oxilab-flip-box-padding-19\"\n                        sa-data-animation=\"\"\n                        sa-data-animation-offset=\"100%\"\r\n                        sa-data-animation-delay=\"0ms\"\r\n                        sa-data-animation-duration=\" 2000ms\"\n                        >\r\n                        <div class=\" oxilab-flip-box-body-19 oxilab-flip-box-body-19-173\">\n                                                        <div class=\"oxilab-flip-box-body-absulote\">\n                                <div class=\"oxilab-flip-box-flip oxilab-flip-box-flip-left-to-right\">\n                                    <div class=\"oxilab-flip-box-style-data easing_easeInOutCirc\">\n                                        <div class=\"oxilab-flip-box-style\">\n                                            <div class=\"oxilab-flip-box-front\">\n                                                <div class=\"oxilab-flip-box-19\">\n                                                    <div class=\"oxilab-flip-box-19-data\">\n\n                                                    <\/div>\n                                                <\/div>\n                                            <\/div>\n                                            <div class=\"oxilab-flip-box-back\">\n                                                <div class=\"oxilab-flip-box-back-19\">\n                                                    <div class=\"oxilab-flip-box-back-19-data\">\n                                                        <div class=\"oxilab-heading\">\n                                                            Dim ond yng Nghanolfan Hamdden Cas-gwent                                                        <\/div>\n                                                        <div class=\"oxilab-info\">\n                                                            Mae cyrsiau p\u00eal-rwyd MonLife wedi&apos;u cynllunio i helpu unigolion ifanc i ddatblygu eu sgiliau, gwaith t\u00eem a&apos;u dealltwriaeth o&apos;r g\u00eam mewn amgylchedd cefnogol a deniadol.                                                        <\/div>\n                                                                                                                    <a href=\"https:\/\/monlifeswim.courseprogress.co.uk\/onlinejoining\/classes-results?filter=%7B%22showFullCourses%22:false,%22centre%22:6,%22courseGroupCategory%22:%5B50%5D%7D\" target=\"\">\n                                                                <span class=\"oxilab-button\">\n                                                                    <span class=\"oxilab-button-data\">\n                                                                        ARCHEBWCH NAWR                                                                    <\/span>\n                                                                <\/span>\n                                                            <\/a>\n                                                                                                                <\/div>\n                                                <\/div>\n                                            <\/div>\n                                        <\/div>\n                                    <\/div>\n                                <\/div>\n                            <\/div>\n                                                    <\/div>\n\n\n                        \n                    <\/div>\n                    \n\n        <\/div>\n        <\/div>\n","protected":false},"excerpt":{"rendered":"<p>Gweithgareddau Plant Yn MonLife, credwn fod pob plentyn yn haeddu cael hwyl a chadw&#8217;n heini! Mae ein cyfleusterau yn cynnig ystod eang o weithgareddau cyffrous a fydd yn diddanu eich [&hellip;]<\/p>\n","protected":false},"author":6,"featured_media":0,"parent":8934,"menu_order":11,"comment_status":"closed","ping_status":"closed","template":"","meta":{"_acf_changed":false,"footnotes":""},"class_list":["post-13963","page","type-page","status-publish","hentry"],"acf":[],"_links":{"self":[{"href":"https:\/\/www.monlife.co.uk\/cy\/wp-json\/wp\/v2\/pages\/13963","targetHints":{"allow":["GET"]}}],"collection":[{"href":"https:\/\/www.monlife.co.uk\/cy\/wp-json\/wp\/v2\/pages"}],"about":[{"href":"https:\/\/www.monlife.co.uk\/cy\/wp-json\/wp\/v2\/types\/page"}],"author":[{"embeddable":true,"href":"https:\/\/www.monlife.co.uk\/cy\/wp-json\/wp\/v2\/users\/6"}],"replies":[{"embeddable":true,"href":"https:\/\/www.monlife.co.uk\/cy\/wp-json\/wp\/v2\/comments?post=13963"}],"version-history":[{"count":0,"href":"https:\/\/www.monlife.co.uk\/cy\/wp-json\/wp\/v2\/pages\/13963\/revisions"}],"up":[{"embeddable":true,"href":"https:\/\/www.monlife.co.uk\/cy\/wp-json\/wp\/v2\/pages\/8934"}],"wp:attachment":[{"href":"https:\/\/www.monlife.co.uk\/cy\/wp-json\/wp\/v2\/media?parent=13963"}],"curies":[{"name":"wp","href":"https:\/\/api.w.org\/{rel}","templated":true}]}}