{"id":13499,"date":"2022-12-15T14:54:10","date_gmt":"2022-12-15T14:54:10","guid":{"rendered":"https:\/\/www.monlife.co.uk\/mynwy\/"},"modified":"2025-12-19T14:47:22","modified_gmt":"2025-12-19T14:47:22","slug":"mynwy","status":"publish","type":"page","link":"https:\/\/www.monlife.co.uk\/cy\/outdoor\/active-travel\/mynwy\/","title":{"rendered":"Monmouth"},"content":{"rendered":"\n<h1 class=\"wp-block-heading has-x-large-font-size\" id=\"Overview-for-Monmouth-Strategic-Scheme\">Cynlluniau Teithio Llesol yn\u00a0Nhrefynwy<\/h1>\n\n\n<div class=\"wp-block-image\">\n<figure class=\"aligncenter size-full\"><img decoding=\"async\" src=\"https:\/\/www.monlife.co.uk\/wp-content\/uploads\/2025\/12\/Kingswood-Gate-Active-Travel-path.jpg\" alt=\"Kingswood Gate Active Travel path with dog\" class=\"wp-image-35617\" style=\"aspect-ratio:16\/9;object-fit:cover\"\/><\/figure>\n<\/div>\n\n\n<p>Mae gan d\u00eem Teithio Llesol Cyngor Sir Fynwy lawer o gynlluniau ar y gweill i helpu i wella cerdded, olwyna a beicio ar draws Sir Fynwy gyfan ac nid yw Trefynwy\u2019n wahanol. Y weledigaeth yw creu &#8216;Prif Lwybr Teithio Llesol&#8217; trwy Drefynwy i roi cyfle i bobl gael mynediad at ysgolion, siopau, cyfleusterau gofal iechyd, a&#8217;r canolfannau hamdden mor gyflym, effeithlon ac mor ddiogel \u00e2 phosibl. Ar \u00f4l ei gwblhau byddai&#8217;r cynlluniau Teithio Llesol Trefynwy&#8217;n cysulltu llwyrbrau cerdded a becio o Wyesham trwy ganol y dref ac i Kingswood Gate.\u00a0 Mae&#8217;r prif lwybr yn cynnwys sawl adran, rhai eisoes wedi&#8217;u hadeiladu, rhai yn y broses o gael eu hadeiladu a rhai i\u2019w hadeiladu yn y dyfodol.<\/p>\n\n\n\n<p><\/p>\n\n\n\n<figure class=\"wp-block-image size-full\"><img decoding=\"async\" src=\"https:\/\/www.monlife.co.uk\/wp-content\/uploads\/2025\/12\/monmouth-AT-strategic-scheme-1.png\" alt=\"\" class=\"wp-image-35461\"\/><\/figure>\n\n\n\n<h2 class=\"wp-block-heading\"><strong><strong>1. Llwybr Teithio Llesol&nbsp;Kingswood&nbsp;Gate<\/strong><\/strong><\/h2>\n\n\n\n<p><strong><strong>Adeiladwyd 2025<\/strong><\/strong><\/p>\n\n\n\n<p>Llwybr Teithio Llesol sy&#8217;n cysylltu yst\u00e2d dai&nbsp;Kingswood&nbsp;Gate \u00e2 llwybr Williams&nbsp;Field&nbsp;Lane sydd eisoes wedi&#8217;i adeiladu o Yst\u00e2d Ddiwydiannol Wonastow Road i ganol y dref.&nbsp;&nbsp;&nbsp;<\/p>\n\n\n\n<p>Cyflawnodd y cynllun y canlynol:&nbsp;&nbsp;<\/p>\n\n\n\n<ul class=\"wp-block-list\">\n<li>Llwybr cerdded, olwyna a beicio 3 metr o led, gyda chulhau lleol lle bo angen&nbsp;<\/li>\n\n\n\n<li>Croesfan a cheuffos dros y ffos o&#8217;r dd\u00f4l i yst\u00e2d&nbsp;Kingswood&nbsp;Gate (pen gorllewinol y dd\u00f4l)&nbsp;<\/li>\n\n\n\n<li>Nodweddion Draenio Trefol Cynaliadwy (SDCau) ar gyfer rheoli d\u0175r daear ar hyd y llwybr, gydag ail-hadu&#8217;r&nbsp;swale&nbsp;<\/li>\n\n\n\n<li>Goleuadau lefel isel sy&#8217;n gyfeillgar i fioamrywiaeth&nbsp;&nbsp;<\/li>\n\n\n\n<li>Cysylltiad \u00e2 chroesfan Yst\u00e2d Ddiwydiannol Llanwarw a lwybr Williams&nbsp;Field&nbsp;Lane sydd eisoes wedi&#8217;i hadeiladu.&nbsp;<\/li>\n<\/ul>\n\n\n\n<p><\/p>\n\n\n\n<figure class=\"wp-block-gallery has-nested-images columns-default is-cropped wp-block-gallery-1 is-layout-flex wp-block-gallery-is-layout-flex\">\n<figure class=\"wp-block-image size-large\"><img decoding=\"async\" data-id=\"35462\" src=\"https:\/\/www.monlife.co.uk\/wp-content\/uploads\/2025\/12\/KWG-after.png\" alt=\"\" class=\"wp-image-35462\"\/><\/figure>\n\n\n\n<figure class=\"wp-block-image size-large\"><img decoding=\"async\" data-id=\"35427\" src=\"https:\/\/www.monlife.co.uk\/wp-content\/uploads\/2023\/03\/KWG-bridge-after-1.png\" alt=\"\" class=\"wp-image-35427\"\/><\/figure>\n<\/figure>\n\n\n\n<p><em>Delwedd:&nbsp;Llwybr Teithio Llesol&nbsp;Kingswood&nbsp;Gate &#8211; Goleuadau lefel isel a cheuffos dros y ffos<\/em><\/p>\n\n\n\n<h2 class=\"wp-block-heading\"><strong>2. <strong>Croesfan heol Yst\u00e2d Ddiwydiannol Llanwarw<\/strong><\/strong><\/h2>\n\n\n\n<p><strong><strong>Adeiladwyd 2024<\/strong>&nbsp;<\/strong><\/p>\n\n\n\n<p>Adeiladwyd croesfan&nbsp;gyfochrog (fel croesfan sebra ond gyda l\u00f4n ar gyfer beicio)&nbsp;ar draws heol Yst\u00e2d Ddiwydiannol Llanwarw i ddarparu cysylltiad rhwng llwybr Williams&nbsp;Field&nbsp;Lane a llwybr&nbsp;Kingswood&nbsp;Gate ar gyfer llwybr parhaus drwy&#8217;r yst\u00e2d ddiwydiannol ar gyfer cerddwyr a beicwyr.&nbsp;<\/p>\n\n\n\n<p><\/p>\n\n\n\n<figure class=\"wp-block-image size-full\"><img decoding=\"async\" src=\"https:\/\/www.monlife.co.uk\/wp-content\/uploads\/2025\/12\/Wonastow-ind-estate-after-1.png\" alt=\"\" class=\"wp-image-35463\"\/><\/figure>\n\n\n\n<p><em>Delwedd:&nbsp;Croesfan&nbsp;gyfochrog&nbsp;yn&nbsp;Yst\u00e2d&nbsp;Ddiwydiannol&nbsp;Ffordd Wonastow<\/em><\/p>\n\n\n\n<h2 class=\"wp-block-heading\"><strong>3. Williamsfield Lane<\/strong><\/h2>\n\n\n\n<p><strong>Adeiladwyd 2022<\/strong><\/p>\n\n\n\n<p>Williams&nbsp;Field&nbsp;Lane oedd cam 1 o gynllun Williams&nbsp;Field&nbsp;Lane i ganol y dref.&nbsp; Mae&#8217;r llwybr yn darparu llwybr oddi ar y ffordd sy&#8217;n arwain o Yst\u00e2d Ddiwydiannol Llanwarw i&#8217;r gyffordd \u00e2 Wonastow Road, trwy Ysgol Gynradd Overmonnow.&nbsp;&nbsp;&nbsp;<\/p>\n\n\n\n<p>Cyflawnodd y cynllun y canlynol:&nbsp;&nbsp;<\/p>\n\n\n\n<ul class=\"wp-block-list\">\n<li>Llwybr cerdded, olwynion a beicio 3 metr o led&nbsp;&nbsp;<\/li>\n\n\n\n<li>Goleuadau lefel isel sy&#8217;n gyfeillgar i fioamrywiaeth&nbsp;&nbsp;<\/li>\n\n\n\n<li>Ardal chwarae newydd yn&nbsp;Kings&nbsp;Fee&nbsp;&nbsp;<\/li>\n<\/ul>\n\n\n\n<p><\/p>\n\n\n\n<figure class=\"wp-block-gallery has-nested-images columns-default is-cropped wp-block-gallery-2 is-layout-flex wp-block-gallery-is-layout-flex\">\n<figure class=\"wp-block-image size-large\"><img fetchpriority=\"high\" decoding=\"async\" width=\"2082\" height=\"2776\" data-id=\"35362\" src=\"https:\/\/www.monlife.co.uk\/wp-content\/uploads\/2023\/03\/MicrosoftTeams-image-4-1.jpg\" alt=\"\" class=\"wp-image-35362\"\/><\/figure>\n\n\n\n<figure class=\"wp-block-image size-large\"><img decoding=\"async\" width=\"4032\" height=\"3024\" data-id=\"35364\" src=\"https:\/\/www.monlife.co.uk\/wp-content\/uploads\/2023\/03\/shared-path-with-playground-1-1.jpeg\" alt=\"\" class=\"wp-image-35364\"\/><\/figure>\n<\/figure>\n\n\n\n<p><em>Delwedd: Llwybr defnydd a rennir ac ardal chwarae Williamsfield Lane<\/em><\/p>\n\n\n\n<h2 class=\"wp-block-heading\"><strong>4. Cysylltiadau Canol y Dref Williamsfield Lane <\/strong><\/h2>\n\n\n\n<p><strong>Adeiladwyd 2024<\/strong><\/p>\n\n\n\n<p>Roedd y rhan hon yn gam 2 o lwybr Williams&nbsp;Field&nbsp;Lane ac yn cysylltu&#8217;r rhan cam 1 o&#8217;r llwybr sydd eisoes wedi&#8217;i hadeiladu \u00e2 Phont Mynwy.&nbsp; Gwnaed amryw o newidiadau i&#8217;r rhwydwaith ffyrdd yn yr ardal hon ac yn cynnwys y canlynol:&nbsp;&nbsp;<\/p>\n\n\n\n<ul class=\"wp-block-list\">\n<li>Amnewid&nbsp;cylchfan&nbsp;fach gyda chyffordd T i gynorthwyo croesi teithio llesol a darbwyllo defnyddwyr HGV rhag defnyddio Wonastow Road a defnyddio&#8217;r llwybr cyswllt a ddarperir&nbsp;&nbsp;&nbsp;<\/li>\n\n\n\n<li>Gosod croesfan twcan ar&nbsp;Rockfield&nbsp;Road&nbsp;&nbsp;<\/li>\n\n\n\n<li>Dileu rhai mannau parcio ar y stryd i ennill y lled gofynnol ar gyfer y llwybr defnydd a rennir&nbsp;&nbsp;&nbsp;<\/li>\n\n\n\n<li>Gwella bioamrywiaeth a rheoli d\u0175r glaw gan ddefnyddio nodweddion Draenio Trefol Cynaliadwy (SDCau)&nbsp;<\/li>\n\n\n\n<li>Gwell cysylltiad \u00e2 chyfleusterau hamdden, fel y parc sglefrio a&#8217;r gofod natur.&nbsp;&nbsp;&nbsp;<\/li>\n\n\n\n<li>Blaenoriaeth croesi dros fynedfeydd ochrol.&nbsp;&nbsp;<\/li>\n\n\n\n<li>Arwyddion newydd ar gyfer y llwybr defnydd a rennir&nbsp;&nbsp;&nbsp;<\/li>\n<\/ul>\n\n\n\n<p><\/p>\n\n\n\n<figure class=\"wp-block-gallery has-nested-images columns-default is-cropped wp-block-gallery-3 is-layout-flex wp-block-gallery-is-layout-flex\">\n<figure class=\"wp-block-image size-large\"><img decoding=\"async\" data-id=\"35419\" src=\"https:\/\/www.monlife.co.uk\/wp-content\/uploads\/2025\/12\/Bridges-junction-after-2.jpeg\" alt=\"\" class=\"wp-image-35419\"\/><\/figure>\n\n\n\n<figure class=\"wp-block-image size-large\"><img decoding=\"async\" width=\"2000\" height=\"1500\" data-id=\"35355\" src=\"https:\/\/www.monlife.co.uk\/wp-content\/uploads\/2023\/03\/IMG_7237.jpeg\" alt=\"\" class=\"wp-image-35355\"\/><\/figure>\n<\/figure>\n\n\n\n<p><em>Delweddau:&nbsp; Cyffordd wedi&#8217;i&nbsp;hailffurfweddu&nbsp;ar&nbsp;Drybridge&nbsp;Street<\/em>, <em>Croesfan gyfochrog ar&nbsp;Rockfield&nbsp;Road<\/em>&nbsp;&nbsp;&nbsp;<\/p>\n\n\n\n<p>Mae rhagor o fanylion am rannau 1 i 5 ar gael yma:&nbsp;<a href=\"https:\/\/www.monlife.co.uk\/cy\/williams-field-lane-to-monnow-bridge-active-travel-route\/\" target=\"_blank\" rel=\"noreferrer noopener\">Llwybr Teithio Llesol Williams Field Lane i Bont Mynwy<\/a>&nbsp;<\/p>\n\n\n\n<h2 class=\"wp-block-heading\"><strong>5. Monnow Street<\/strong> <\/h2>\n\n\n\n<p><strong>Gyda&#8217;r t\u00eem Adfywio ar hyn o bryd<\/strong>&nbsp;\u202f\u202f<\/p>\n\n\n\n<p>Mae adran Adfywio Cyngor Sir Fynwy yn edrych ar ddatblygiad&nbsp;Monnow&nbsp;Street, yn dilyn mesurau arbrofol i ehangu llwybrau troed a gyflwynwyd yn ystod pandemig COVID. Bydd yr ardal hon yn rhan o Gynllun Plas Trefynwy, a gyflwynwyd i ymgynghoriad cyhoeddus cychwynnol yn 2025.&nbsp;&nbsp;&nbsp;<\/p>\n\n\n\n<h2 class=\"wp-block-heading\"><strong>6. Cysylltiadau Canol y Dref &#8211; Caeau Chippenham<\/strong><\/h2>\n\n\n\n<p><strong>Cynllun i&#8217;w ddatblygu<\/strong><\/p>\n\n\n\n<p>Bydd yr adran hon yn darparu llwybr trwy Gaeau&nbsp;Chippenham&nbsp;fel dewis arall i stryd fawr Trefynwy (Monnow&nbsp;Street).&nbsp;Ar hyn o bryd mae cynlluniau ar gyfer yr adran hon wedi&#8217;u gohirio oherwydd blaenoriaethu cynlluniau eraill.&nbsp;&nbsp;&nbsp;&nbsp;<\/p>\n\n\n\n<h2 class=\"wp-block-heading\"><strong><strong>7.&nbsp;Old&nbsp;Dixton Road<\/strong><\/strong><\/h2>\n\n\n\n<p><strong><strong>Cynllun yn cael ei ddatblygu<\/strong>&nbsp;&nbsp;<\/strong><\/p>\n\n\n\n<p>Bydd y cynllun hwn yn darparu llwybr cerdded, olwyna a beicio o&#8217;r Llyfrgell\/Hyb,&nbsp;heibio&#8217;r&nbsp;Ysgol Gyfun, i&#8217;r Ganolfan Hamdden yn&nbsp;Nhrefynwy&nbsp;yn ogystal \u00e2 &#8220;l\u00f4n dawel&#8221; drwy&#8217;r danffordd sy&#8217;n arwain at ochr yr afon i gysylltu \u00e2 Chroesfan Teithio Llesol Gwy.&nbsp;&nbsp;<\/p>\n\n\n\n<p>Bydd y cynllun: \u202f\u202f&nbsp;<\/p>\n\n\n\n<ul class=\"wp-block-list\">\n<li>Darparu troedffordd mwy o led i gwrdd \u00e2 safonau teithio llesol.\u202f&nbsp;<\/li>\n\n\n\n<li>Pwynt croesi ger y Ganolfan Hamdden. \u202f&nbsp;<\/li>\n\n\n\n<li>Croesfan \u00e2 blaenoriaeth dros fynedfeydd maes parcio.\u202f&nbsp;<\/li>\n\n\n\n<li>Arwyddion dwyieithog newydd ar gyfer y llwybrau \u202f\u202f&nbsp;<\/li>\n\n\n\n<li>Tynnu\u2019r &#8220;pwynt chwyddo&#8221; o linell y palmant ger y pwynt tagu\u202f\u202f&nbsp;<\/li>\n\n\n\n<li>Y ffordd i\u2019r danffordd i ddod yn &#8220;L\u00f4n Dawel&#8221; a chysylltu \u00e2 Chroesfan Teithio Llesol Gwy yn y dyfodol\u202f&nbsp;<\/li>\n\n\n\n<li>Ailosod nodweddion tawelu traffig \u202f&nbsp;<\/li>\n<\/ul>\n\n\n\n<h2 class=\"wp-block-heading\"><strong><strong>8.&nbsp;Croesfan Teithio Llesol Gwy<\/strong><\/strong><\/h2>\n\n\n\n<p><strong><strong>Cynllun yn cael ei ddatblygu<\/strong>&nbsp;&nbsp;<\/strong><\/p>\n\n\n\n<p>Mae Pont Gwy Trefynwy wedi&#8217;i nodi ers amser maith fel man gwahanu ar gyfer teithio llesol, ac mae Cyngor Sir Fynwy wedi blaenoriaethu datblygu&#8217;r llwybr hwn. Mae Cyngor Sir Fynwy wedi datblygu cynllun ar gyfer pont Teithio Llesol i fyny&#8217;r afon o&#8217;r bont ffordd bresennol, i ddarparu llwybr amgen diogel a deniadol ac annog newid moddol ar gyfer teithiau lleol rhwng Wyesham a&nbsp;Threfynwy&nbsp;o ganlyniad.&nbsp;<\/p>\n\n\n\n<p>Bydd y cynllun yn: \u202f\u202f&nbsp;<\/p>\n\n\n\n<ul class=\"wp-block-list\">\n<li>Darparu pont gerdded, olwyna a beicio 3.8m o led yn gyfochrog ac i fyny&#8217;r afon i bont bresennol Gwy\u202f\u202f&nbsp;<\/li>\n\n\n\n<li>Darparu gwell cysylltiadau \u00e2 llwybrau Wyesham&nbsp;Links&nbsp;ac&nbsp;Old&nbsp;Dixton Road ar y naill ochr a&#8217;r llall i&#8217;r bont\u202f\u202f&nbsp;<\/li>\n\n\n\n<li>Darparu llwybr wedi&#8217;i oleuo&#8217;n llawn gan ddefnyddio goleuadau sy&#8217;n addas ar gyfer yr ecoleg amgylchynol&nbsp;&nbsp;<\/li>\n\n\n\n<li>Arwyddion dwyieithog&nbsp;&nbsp;<\/li>\n<\/ul>\n\n\n\n\n\n<p><\/p>\n\n\n\n<figure class=\"wp-block-image size-full\"><img loading=\"lazy\" decoding=\"async\" width=\"752\" height=\"298\" src=\"https:\/\/www.monlife.co.uk\/wp-content\/uploads\/2025\/04\/image-8.png\" alt=\"\" class=\"wp-image-33410\" srcset=\"https:\/\/www.monlife.co.uk\/wp-content\/uploads\/2025\/04\/image-8.png 752w, https:\/\/www.monlife.co.uk\/wp-content\/uploads\/2025\/04\/image-8-300x119.png 300w\" sizes=\"(max-width: 752px) 100vw, 752px\" \/><\/figure>\n\n\n\n<p><em>Delwedd: Argraffiad yr artist o Groesfan Teithio Llesol Gwy<\/em>&nbsp;<\/p>\n\n\n\n<h2 class=\"wp-block-heading\"><strong>9. Cysylltiadau Wyesham<\/strong> <\/h2>\n\n\n\n<p><strong>Cynllun yn cael ei ddatblygu<\/strong>&nbsp;<\/p>\n\n\n\n<p>Bydd y cynllun hwn yn uwchraddio&#8217;r prif lwybrau yn Wyesham i gysylltu Wyesham \u00e2&nbsp;Threfynwy&nbsp;yn well trwy&#8217;r bont teithio llesol arfaethedig. Mae&#8217;r cynllun wedi creu rhai opsiynau dylunio cychwynnol ond mae angen cyllid pellach i symud ymlaen i becyn parod i dendr.&nbsp; Bydd y cynllun yn creu:&nbsp;&nbsp;<\/p>\n\n\n\n<ul class=\"wp-block-list\">\n<li>Palmentydd wedi&#8217;u lledu a&#8217;u&nbsp;hailwynebu&nbsp;&nbsp;<\/li>\n\n\n\n<li>Gwell croesfannau i gerddwyr&nbsp;&nbsp;<\/li>\n\n\n\n<li>Gwell cysylltiadau \u00e2 Phont Gwy a Chroesfan Teithio Llesol Gwy yn y dyfodol&nbsp;&nbsp;<\/li>\n<\/ul>\n\n\n\n<h2 class=\"wp-block-heading\"><strong>Gwaith datblygu rhwydwaith craidd Teithio Llesol parhaus ar draws Trefynwy<\/strong>&nbsp;&nbsp;<\/h2>\n\n\n\n<p>Mae llwybrau teithio llesol yn&nbsp;Nhrefynwy&#8217;n&nbsp;cael eu harchwilio i&#8217;w cynnwys ym Map Rhwydwaith Teithio Llesol Llywodraeth Cymru gyda&#8217;r sgorio archwilio yn nodi m\u00e2n waith ar draws y rhwydwaith. Mae&#8217;r m\u00e2n waith hyn yn cynnwys eitemau fel gosod&nbsp;cyrbiau&nbsp;wedi&#8217;u gollwng, palmant cyffyrddol, parcio beiciau, a phaentio llinellau.&nbsp;&nbsp;&nbsp;<\/p>\n\n\n\n<h2 class=\"wp-block-heading\"><strong>Trefynwy &nbsp;&#8211; Map Teithio Llesol<\/strong><\/h2>\n\n\n\n<p>Cliciwch ar y map i&#8217;w ehangu neu ei lawrlwytho.&nbsp;&nbsp;<\/p>\n\n\n\n<p><\/p>\n\n\n\n<figure class=\"wp-block-image size-large\"><a href=\"https:\/\/www.monlife.co.uk\/wp-content\/uploads\/2024\/06\/Monmouth-Map-1.pdf\"><img loading=\"lazy\" decoding=\"async\" width=\"1024\" height=\"724\" src=\"https:\/\/www.monlife.co.uk\/wp-content\/uploads\/2024\/08\/Monmouth-Map-1_Page_2-1024x724.jpg\" alt=\"\" class=\"wp-image-29791\" srcset=\"https:\/\/www.monlife.co.uk\/wp-content\/uploads\/2024\/08\/Monmouth-Map-1_Page_2-1024x724.jpg 1024w, https:\/\/www.monlife.co.uk\/wp-content\/uploads\/2024\/08\/Monmouth-Map-1_Page_2-300x212.jpg 300w, https:\/\/www.monlife.co.uk\/wp-content\/uploads\/2024\/08\/Monmouth-Map-1_Page_2-768x543.jpg 768w, https:\/\/www.monlife.co.uk\/wp-content\/uploads\/2024\/08\/Monmouth-Map-1_Page_2-1536x1086.jpg 1536w, https:\/\/www.monlife.co.uk\/wp-content\/uploads\/2024\/08\/Monmouth-Map-1_Page_2-2048x1448.jpg 2048w, https:\/\/www.monlife.co.uk\/wp-content\/uploads\/2024\/08\/Monmouth-Map-1_Page_2-1568x1109.jpg 1568w\" sizes=\"(max-width: 1024px) 100vw, 1024px\" \/><\/a><\/figure>\n\n\n\n<p><\/p>\n","protected":false},"excerpt":{"rendered":"<p>Cynlluniau Teithio Llesol yn\u00a0Nhrefynwy Mae gan d\u00eem Teithio Llesol Cyngor Sir Fynwy lawer o gynlluniau ar y gweill i helpu i wella cerdded, olwyna a beicio ar draws Sir Fynwy [&hellip;]<\/p>\n","protected":false},"author":6,"featured_media":35614,"parent":14140,"menu_order":1,"comment_status":"closed","ping_status":"closed","template":"","meta":{"_acf_changed":false,"footnotes":""},"class_list":["post-13499","page","type-page","status-publish","has-post-thumbnail","hentry"],"acf":[],"_links":{"self":[{"href":"https:\/\/www.monlife.co.uk\/cy\/wp-json\/wp\/v2\/pages\/13499","targetHints":{"allow":["GET"]}}],"collection":[{"href":"https:\/\/www.monlife.co.uk\/cy\/wp-json\/wp\/v2\/pages"}],"about":[{"href":"https:\/\/www.monlife.co.uk\/cy\/wp-json\/wp\/v2\/types\/page"}],"author":[{"embeddable":true,"href":"https:\/\/www.monlife.co.uk\/cy\/wp-json\/wp\/v2\/users\/6"}],"replies":[{"embeddable":true,"href":"https:\/\/www.monlife.co.uk\/cy\/wp-json\/wp\/v2\/comments?post=13499"}],"version-history":[{"count":0,"href":"https:\/\/www.monlife.co.uk\/cy\/wp-json\/wp\/v2\/pages\/13499\/revisions"}],"up":[{"embeddable":true,"href":"https:\/\/www.monlife.co.uk\/cy\/wp-json\/wp\/v2\/pages\/14140"}],"wp:featuredmedia":[{"embeddable":true,"href":"https:\/\/www.monlife.co.uk\/cy\/wp-json\/wp\/v2\/media\/35614"}],"wp:attachment":[{"href":"https:\/\/www.monlife.co.uk\/cy\/wp-json\/wp\/v2\/media?parent=13499"}],"curies":[{"name":"wp","href":"https:\/\/api.w.org\/{rel}","templated":true}]}}