{"id":13306,"date":"2026-01-01T23:55:00","date_gmt":"2026-01-01T23:55:00","guid":{"rendered":"https:\/\/www.monlife.co.uk\/?page_id=13306"},"modified":"2025-12-22T14:56:11","modified_gmt":"2025-12-22T14:56:11","slug":"annual-campaign","status":"publish","type":"page","link":"https:\/\/www.monlife.co.uk\/cy\/annual-campaign\/","title":{"rendered":"New Year Campaign (January)"},"content":{"rendered":"\n<figure class=\"wp-block-image size-full\"><img decoding=\"async\" src=\"https:\/\/www.monlife.co.uk\/wp-content\/uploads\/2025\/12\/Website-Slider-AC-2026-JPG.jpg\" alt=\"\" class=\"wp-image-35672\"\/><\/figure>\n\n\n\n<h1 class=\"wp-block-heading has-text-align-center\"><strong>Aelodaeth 12 Mis Am Pris 9<\/strong><\/h1>\n\n\n\n<p class=\"has-text-align-center\"><strong>Cofleidiwch eich Adduned Blwyddyn Newydd!<\/strong><\/p>\n\n\n\n<p>Rhowch hwb i ddechrau&#8217;r flwyddyn gyda&#8217;n haelodaeth flynyddol ddiguro! Am gyfnod cyfyngedig, mwynhewch 12 mis o fynediad am bris 9 mis. P&#8217;un a ydych wrth eich bodd yn y gampfa, yn gwneud lapiau nofio, neu ymuno \u00e2 dosbarthiadau hwyliog, mae gennym bopeth sydd ei angen arnoch chi. Mae ein cyfres ffyrfhau yn cynnig ystod o beiriannau ymarfer \u00e2 chymorth p\u0175er, wedi&#8217;u cynllunio i ddarparu ar gyfer pobl h\u0177n, unigolion sydd \u00e2 chyflyrau iechyd cronig, ac unrhyw un sy&#8217;n ymdrechu i gyflawni eu nodau ffitrwydd, waeth beth yw eu hoedran, eu gallu neu lefel ffitrwydd. Mae ein staff cyfeillgar a phroffesiynol yn ymroddedig i&#8217;ch helpu i gyflawni eich nodau iechyd a lles.<\/p>\n\n\n\n<p>Gwnewch adduned eleni sy&#8217;n para. Ymunwch \u00e2 ni i drawsnewid eich taith iechyd a ffitrwydd gydag aelodaeth sy&#8217;n cynnig gwerth anhygoel a chyfleoedd diddiwedd. Peidiwch \u00e2 cholli&#8217;r cyfle gwych hwn! &nbsp;<\/p>\n\n\n\n<h3 class=\"wp-block-heading\"><strong>Sut i Ymuno:<\/strong><\/h3>\n\n\n\n<p>I fanteisio ar ein cynnig gaeaf anhygoel, gallwch naill ai ymuno ar-lein neu wyneb yn wyneb gyda chymorth un o&#8217;n haelodau staff cymwynasgar.<\/p>\n\n\n\n<p>I ymuno ar-lein, cliciwch ar y botwm <strong>YMUNO NAWR<\/strong> isod a dilynwch y camau syml hyn:<\/p>\n\n\n\n<ul class=\"wp-block-list\">\n<li>Dewiswch eich canolfan<\/li>\n\n\n\n<li>Sgroliwch a dewiswch &#8216;Oedolion Blynyddol&nbsp; \/ H\u0177n Blynyddol \/ Iau Blynyddol \/ Ffyrfhau Blynyddol&#8217;<\/li>\n\n\n\n<li>Dilynwch y cyfarwyddiadau<\/li>\n\n\n\n<li>Cwblhewch y Taliad (byddwch yn derbyn e-bost cadarnhau)<\/li>\n\n\n\n<li>Pan fyddwch nesaf yn ymweld \u00e2&#8217;ch canolfan, bydd eich cerdyn aelodaeth MonLife yn cael ei gyhoeddi i chi (os nad oes gan aelod gerdyn eisoes) ar adeg ymuno, a bydd yr aelodaeth yn cael ei actifadu.<\/li>\n<\/ul>\n\n\n\n<div style=\"height:5px\" aria-hidden=\"true\" class=\"wp-block-spacer\"><\/div>\n\n\n<a class=\"maxbutton-2 maxbutton maxbutton-dark-blue-button\" title=\"BOOK NOW\" href=\"https:\/\/monlife.legendonlineservices.co.uk\/enterprise\/join\/annualmembership\"><span class='mb-text'>YMUNWCH NAWR<\/span><\/a>\n\n\n<div style=\"height:5px\" aria-hidden=\"true\" class=\"wp-block-spacer\"><\/div>\n\n\n\n<hr class=\"wp-block-separator has-alpha-channel-opacity\"\/>\n\n\n\n<h3 class=\"wp-block-heading\"><strong>Prisiau:<\/strong><\/h3>\n\n\n\n<ul class=\"wp-block-list\">\n<li><strong>Aelodaeth Flynyddol \u2013<\/strong> \u00a3310.50 (Arbediad o \u00a3103.50*)<\/li>\n\n\n\n<li><strong>Aelodaeth Hyblyg \u2013<\/strong> \u00a3233.10 (Arbediad o \u00a377.70*)<\/li>\n\n\n\n<li><strong>Aelodaeth Ymrwymedig\u2013<\/strong> \u00a3153.00 (Arbediad o \u00a351.00*)<\/li>\n\n\n\n<li><strong>Aelodaeth Toning \u2013<\/strong> \u00a3233.10 (Arbediad o \u00a377.70*)<\/li>\n<\/ul>\n\n\n\n<hr class=\"wp-block-separator has-alpha-channel-opacity\"\/>\n\n\n\n<h3 class=\"wp-block-heading\"><strong>Terms and Conditions<\/strong>:<\/h3>\n\n\n\n<ul class=\"wp-block-list\">\n<li>Dim ond rhwng dydd Gwener 2il Ionawr a dydd Gwener 6ed Chwefror 2026 y mae&#8217;r cynnig ar gael.<\/li>\n\n\n\n<li>Mae&#8217;r cynnig ar gael ar aelodaethau blynyddol Toning, Oedolion, H\u0177n ac Iau yn unig.<\/li>\n\n\n\n<li>Mae cyfyngiadau oedran cymhwyso yn berthnasol i aelodaethau Iau (11-17 oed), Oedolion (18-59 oed) a H\u0177n (60 oed +). Toning<\/li>\n\n\n\n<li>Mae&#8217;r <a href=\"https:\/\/www.monlife.co.uk\/wp-content\/uploads\/2022\/08\/Terms-and-conditions.pdf\" target=\"_blank\" rel=\"noreferrer noopener\"><strong>telerau ac amodau<\/strong><\/a> aelodaeth presennol yn gymwys, ac ni roddir ad-daliadau ar unrhyw adeg\u00a0<\/li>\n\n\n\n<li>Mae aelodaeth yn rhoi hawl i&#8217;r cwsmer gael yr holl fuddion a amlygwyd o dan &#8220;Buddion Aelodaeth&#8221;. Gan fod y cwsmer yn ymuno ar aelodaeth flynyddol, ni allant derfynu&#8217;r contract.<\/li>\n\n\n\n<li>Bydd taliad llawn yn cael ei gymryd adeg y pryniant i dderbyn y pris hyrwyddo.<\/li>\n\n\n\n<li>Gall cwsmeriaid adnewyddu eu haelodaethau blynyddol hyd at 1 mis yn gynnar. Enghraifft. Os yw aelodaeth flynyddol i fod i ddod i ben ar 28 Chwefror, gallai cwsmeriaid adnewyddu eu haelodaeth ar 28 Ionawr yn ystod y cyfnod hyrwyddo.<\/li>\n\n\n\n<li>Derbynnir trosglwyddiadau Debyd Uniongyrchol, ond bydd angen i&#8217;r aelodau ganslo eu Debyd Uniongyrchol gyda&#8217;r t\u00eem Gweinyddu Aelodaeth yn gyntaf.<\/li>\n\n\n\n<li>Nid yw aelodau sydd wedi ymrwymo o fewn eu Telerau ac Amodau yn gymwys ar gyfer y cynnig hwn.<\/li>\n\n\n\n<li>Mae MonLife, Cyngor Sir Fynwy yn cadw&#8217;r hawl i wneud newidiadau i&#8217;r hyrwyddiad, gan gynnwys ei hyd neu delerau, os oes angen.<\/li>\n\n\n\n<li>Gellir dod o hyd i&#8217;n polisi preifatrwydd a data yma &#8211;\u00a0 <strong><a href=\"https:\/\/www.monlife.co.uk\/cy\/__trashed\/support\/\" target=\"_blank\" rel=\"noreferrer noopener\">Cymorth &#8211; MonLife<\/a>\u00a0\u00a0<\/strong><\/li>\n<\/ul>\n","protected":false},"excerpt":{"rendered":"<p>Aelodaeth 12 Mis Am Pris 9 Cofleidiwch eich Adduned Blwyddyn Newydd! Rhowch hwb i ddechrau&#8217;r flwyddyn gyda&#8217;n haelodaeth flynyddol ddiguro! Am gyfnod cyfyngedig, mwynhewch 12 mis o fynediad am bris [&hellip;]<\/p>\n","protected":false},"author":6,"featured_media":0,"parent":0,"menu_order":23,"comment_status":"closed","ping_status":"closed","template":"","meta":{"_acf_changed":false,"footnotes":""},"class_list":["post-13306","page","type-page","status-publish","hentry"],"acf":[],"_links":{"self":[{"href":"https:\/\/www.monlife.co.uk\/cy\/wp-json\/wp\/v2\/pages\/13306","targetHints":{"allow":["GET"]}}],"collection":[{"href":"https:\/\/www.monlife.co.uk\/cy\/wp-json\/wp\/v2\/pages"}],"about":[{"href":"https:\/\/www.monlife.co.uk\/cy\/wp-json\/wp\/v2\/types\/page"}],"author":[{"embeddable":true,"href":"https:\/\/www.monlife.co.uk\/cy\/wp-json\/wp\/v2\/users\/6"}],"replies":[{"embeddable":true,"href":"https:\/\/www.monlife.co.uk\/cy\/wp-json\/wp\/v2\/comments?post=13306"}],"version-history":[{"count":0,"href":"https:\/\/www.monlife.co.uk\/cy\/wp-json\/wp\/v2\/pages\/13306\/revisions"}],"wp:attachment":[{"href":"https:\/\/www.monlife.co.uk\/cy\/wp-json\/wp\/v2\/media?parent=13306"}],"curies":[{"name":"wp","href":"https:\/\/api.w.org\/{rel}","templated":true}]}}