{"id":11043,"date":"2022-04-27T17:47:18","date_gmt":"2022-04-27T16:47:18","guid":{"rendered":"https:\/\/www.monlife.co.uk\/monoutdoor-welsh\/nature-isnt-neat\/training-and-resources\/"},"modified":"2024-04-29T16:25:50","modified_gmt":"2024-04-29T15:25:50","slug":"training-and-resources","status":"publish","type":"page","link":"https:\/\/www.monlife.co.uk\/cy\/outdoor\/green-infrastructure\/nature-isnt-neat\/training-and-resources\/","title":{"rendered":"Training and Resources"},"content":{"rendered":"\n<h2 class=\"wp-block-heading\"><strong>Pecyn Adnoddau\u00a0<\/strong><\/h2>\n\n\n\n<p>Mae&#8217;r pecyn adnoddau yn becyn cymorth cynhwysfawr sydd wedi&#8217;i gynllunio i gefnogi sefydliadau, grwpiau cymunedol, ac unigolion yn eu hymdrechion i hyrwyddo bioamrywiaeth ac arferion natur-gyfeillgar mewn mannau gwyrdd.&nbsp;&nbsp;<\/p>\n\n\n\n<p>Mae&#8217;r pecyn hwn yn cynnwys cyfoeth o adnoddau, o ganllawiau rheoli ac offer cyfathrebu i ddeunyddiau addysgol a mentrau gwyddoniaeth dinasyddion, i gyd wedi&#8217;u hanelu at eich grymuso i wneud gwahaniaeth cadarnhaol yn eich amgylchedd lleol.&nbsp;<\/p>\n\n\n\n<p>I gymnryd rhan yn <a href=\"https:\/\/www.monlife.co.uk\/cy\/outdoor\/green-infrastructure\/nature-isnt-neat\/\" target=\"_blank\" rel=\"noreferrer noopener\">Natur Wyllt<\/a> a rheoli eich man gwyrdd eich hun ar gyfer natur, gallwch ofyn am ein pecyn adnoddau newydd drwy e-bostio <a href=\"mailto:gwentpollinators@monmouthshire.gov.uk\" target=\"_blank\" rel=\"noreferrer noopener\">gwentpollinators@monmouthshire.gov.uk<\/a>&nbsp;<\/p>\n\n\n\n<p>Mae\u2019r pecyn yn cynnwys:&nbsp;<\/p>\n\n\n\n<ul class=\"wp-block-list\">\n<li>Cod Gweithredu&nbsp;&nbsp;<\/li>\n\n\n\n<li>Arweiniad Pellach&nbsp;<\/li>\n\n\n\n<li>Taflen a Chwestiynau Cyffredin&nbsp;<\/li>\n\n\n\n<li>Canllaw Cyfathrebu&nbsp;<\/li>\n\n\n\n<li>Cynllun Gwyddoniaeth Dinesydd Gwylio Blodau Gwyllt&nbsp;<\/li>\n\n\n\n<li>Canllawiau Blodau Gwyllt Natur Wyllt&nbsp;<\/li>\n\n\n\n<li>Nodyn Briffio a Chyd-destun Polisi&nbsp;<\/li>\n\n\n\n<li>Arwyddion&nbsp;<\/li>\n\n\n\n<li>Modiwl Hyfforddiant Ar-lein&nbsp;&nbsp;<\/li>\n\n\n\n<li>A mwy!&nbsp;&nbsp;<\/li>\n<\/ul>\n\n\n<div class=\"wp-block-image\">\n<figure class=\"aligncenter size-large is-resized\"><img fetchpriority=\"high\" decoding=\"async\" width=\"1024\" height=\"545\" src=\"https:\/\/www.monlife.co.uk\/wp-content\/uploads\/2022\/04\/Code-of-Practice-Training-Page-Welsh-1024x545.png\" alt=\"\" class=\"wp-image-11044\" style=\"aspect-ratio:1.8788990825688074;width:505px;height:auto\" srcset=\"https:\/\/www.monlife.co.uk\/wp-content\/uploads\/2022\/04\/Code-of-Practice-Training-Page-Welsh-1024x545.png 1024w, https:\/\/www.monlife.co.uk\/wp-content\/uploads\/2022\/04\/Code-of-Practice-Training-Page-Welsh-300x160.png 300w, https:\/\/www.monlife.co.uk\/wp-content\/uploads\/2022\/04\/Code-of-Practice-Training-Page-Welsh-768x409.png 768w, https:\/\/www.monlife.co.uk\/wp-content\/uploads\/2022\/04\/Code-of-Practice-Training-Page-Welsh.png 1480w\" sizes=\"(max-width: 1024px) 100vw, 1024px\" \/><\/figure>\n<\/div>\n\n\n<h3 class=\"wp-block-heading\"><strong><a href=\"https:\/\/www.monlife.co.uk\/wp-content\/uploads\/2022\/04\/Nature-Isnt-Neat-Code-of-Practice.pdf\" target=\"_blank\" rel=\"noreferrer noopener\">Cod Gweithredu<\/a>\u00a0<\/strong><\/h3>\n\n\n\n<p>Ffocws dull <a href=\"https:\/\/www.monlife.co.uk\/cy\/outdoor\/green-infrastructure\/nature-isnt-neat\/\" target=\"_blank\" rel=\"noreferrer noopener\">Natur Wyllt&nbsp;<\/a> yw galluogi mwy o natur yn \u00f4l i\u2019n mannau gwyrdd drwy fod yn llai taclus a chaniat\u00e1u i flodau gwyllt a glaswellt dyfu.&nbsp;<\/p>\n\n\n\n<p>Fodd bynnag, nid gadael i bopeth fynd yn wyllt yw hyn.&nbsp; Mae dolydd traddodiadol yn gynefinoedd a gaiff eu rheoli i raddau helaeth ac mewn mannau gwyrdd trefol mae llawer o ystyriaethau i sicrhau eu bod yn diwallu anghenion preswylwyr.&nbsp;<\/p>\n\n\n\n<p>Rydym wedi datblygu\u2019r Cod Gweithredu hwn yn seiliedig ar egwyddorion craidd rheoli glaswelltir a chafodd hynny ei fabwysiadu gan dimau tiroedd ein 5 awdurdod lleol.&nbsp; Mae\u2019r egwyddorion hyn yn sicrhau bod diogelwch a hamdden yn cael eu cadw a chynnal fel bod lle ar gyfer natur a phobl.&nbsp;<\/p>\n\n\n\n<p>Os ydych yn gyfrifol am reoli unrhyw laswelltir, p\u2019un ai cyhoeddus neu breifat, gallwch ddilyn yr egwyddorion hyn i sicrhau mwy o fioamrywiaeth yn eich mannau gwyrdd.\u00a0 Gellir defnyddio\u2019r Cod Gweithredu ar safle o unrhyw faint, o ardaloedd bach i safleoedd mawr, mae\u2019r cyfan yn helpu i fynd i\u2019r afael \u00e2\u2019r dirywiad mewn peillwyr.\u00a0<\/p>\n\n\n\n<p><strong><a href=\"https:\/\/www.monlife.co.uk\/wp-content\/uploads\/2022\/04\/Nature-Isnt-Neat-Code-of-Practice.pdf\" target=\"_blank\" rel=\"noreferrer noopener\">Dogfen i Lawrlwytho:\u00a0 Cod Gweithredu Natur Wyllt<\/a>\u00a0<\/strong><\/p>\n\n\n\n<div style=\"height:20px\" aria-hidden=\"true\" class=\"wp-block-spacer\"><\/div>\n\n\n\n<figure class=\"wp-block-video\"><video height=\"1080\" style=\"aspect-ratio: 1920 \/ 1080;\" width=\"1920\" controls src=\"https:\/\/www.monlife.co.uk\/wp-content\/uploads\/2023\/04\/Nature-isnt-Neat-Spring-Mowing-Cymraeg.mp4\"><\/video><\/figure>\n\n\n\n<h3 class=\"wp-block-heading\"><strong><a href=\"https:\/\/www.monlife.co.uk\/wp-content\/uploads\/2022\/04\/Nature-Isnt-Neat-Wildflower-Guide.pdf\" target=\"_blank\" rel=\"noreferrer noopener\">Canllawiau Blodau Gwyllt<\/a>\u00a0<\/strong><\/h3>\n\n\n\n<p>Rydym wedi paratoi canllawiau syml ar rai o\u2019r blodau gwyllt pwysicaf ar gyfer peillwyr er mwyn dechrau dysgu enwau\u2019r blodau gwyllt a welwch mewn glaswelltiroedd yn ystod y gwanwyn a\u2019r haf.&nbsp;<\/p>\n\n\n\n<p><a href=\"https:\/\/www.monlife.co.uk\/wp-content\/uploads\/2022\/04\/Nature-Isnt-Neat-Wildflower-Guide.pdf\" target=\"_blank\" rel=\"noreferrer noopener\"><strong>Dogfen i Lawrlwytho:\u00a0 Canllawiau Blodau Gwyllt Natur Wyllt<\/strong><\/a>\u00a0\u00a0<\/p>\n\n\n\n<div style=\"height:20px\" aria-hidden=\"true\" class=\"wp-block-spacer\"><\/div>\n\n\n\n<figure class=\"wp-block-video\"><video height=\"1080\" style=\"aspect-ratio: 1920 \/ 1080;\" width=\"1920\" controls src=\"https:\/\/www.monlife.co.uk\/wp-content\/uploads\/2023\/04\/Nature-isnt-Neat-Spring-Wildflowers-Cymraeg.mp4\"><\/video><\/figure>\n\n\n\n<h3 class=\"wp-block-heading\"><strong><a href=\"https:\/\/www.monlife.co.uk\/wp-content\/uploads\/2022\/04\/Nature-Isnt-Neat-Leaflet-and-FAQ.pdf\" target=\"_blank\" rel=\"noreferrer noopener\">Taflen a Chwestiynau Cyffredin<\/a>\u00a0<\/strong><\/h3>\n\n\n\n<p>Gall y dull Natur Wyllt o reoli glaswelltir fod yn ddadleuol i rai aelodau o\u2019r cyhoedd. Rydym wedi gwneud taflen i breswylwyr y gall timau tiroedd ei defnyddio i egluro\u2019r rhesymeg y tu \u00f4l i\u2019r newid mewn rheolaeth ac ateb rhai o bryderon mynych y cyhoedd.&nbsp;<\/p>\n\n\n\n<p><a href=\"https:\/\/www.monlife.co.uk\/wp-content\/uploads\/2022\/04\/Nature-Isnt-Neat-Leaflet-and-FAQ.pdf\" target=\"_blank\" rel=\"noreferrer noopener\"><strong>Dogfen i Lawrlwytho:\u00a0 Taflen Natur Wyllt<\/strong><\/a>\u00a0<\/p>\n\n\n\n<figure class=\"wp-block-image size-large\"><img decoding=\"async\" width=\"1024\" height=\"545\" src=\"https:\/\/www.monlife.co.uk\/wp-content\/uploads\/2022\/04\/Leaflet-Training-Page-1024x545.png\" alt=\"\" class=\"wp-image-11038\" srcset=\"https:\/\/www.monlife.co.uk\/wp-content\/uploads\/2022\/04\/Leaflet-Training-Page-1024x545.png 1024w, https:\/\/www.monlife.co.uk\/wp-content\/uploads\/2022\/04\/Leaflet-Training-Page-300x160.png 300w, https:\/\/www.monlife.co.uk\/wp-content\/uploads\/2022\/04\/Leaflet-Training-Page-768x409.png 768w, https:\/\/www.monlife.co.uk\/wp-content\/uploads\/2022\/04\/Leaflet-Training-Page.png 1480w\" sizes=\"(max-width: 1024px) 100vw, 1024px\" \/><\/figure>\n\n\n\n<p><a href=\"https:\/\/youtube.com\/playlist?list=PLCYFuXvhABY5oZe0zcYO60bBeFKWiPYXx&amp;si=1PrOeRH6TzcuJpEI\" target=\"_blank\" rel=\"noreferrer noopener\">Fideos Hyfforddiant<\/a>&nbsp;<\/p>\n\n\n\n<p>Rydym wedi datblygu fideos sy\u2019n dangos sawl agwedd ar reolaeth trwy gydol y flwyddyn, ewch i <a href=\"https:\/\/youtube.com\/playlist?list=PLCYFuXvhABY5oZe0zcYO60bBeFKWiPYXx&amp;si=1PrOeRH6TzcuJpEI\" target=\"_blank\" rel=\"noreferrer noopener\">restr chwarae Natur Wyllt MonLife<\/a> ar YouTube i\u2019w gwylio nhw i gyd!&nbsp;<\/p>\n\n\n\n<p><a href=\"https:\/\/sway.cloud.microsoft\/4UhPoBE3RPe45P6b?ref=Link\" target=\"_blank\" rel=\"noreferrer noopener\">Modiwl Hyfforddiant<\/a>&nbsp;<\/p>\n\n\n\n<p>Mae ein <a href=\"https:\/\/sway.cloud.microsoft\/4UhPoBE3RPe45P6b?ref=Link\" target=\"_blank\" rel=\"noreferrer noopener\">modiwl hyfforddiant ar-lein<\/a> yn mynd \u00e2 chi ar daith trwy flwyddyn d\u00f4l Natur Wyllt gan ddewis gweithgareddau rheoli allweddol ym mhob tymor ac archwilio&#8217;r ecoleg y tu \u00f4l i&#8217;n hegwyddorion.\u00a0<\/p>\n\n\n\n<div style=\"height:15px\" aria-hidden=\"true\" class=\"wp-block-spacer\"><\/div>\n\n\n\n<figure class=\"wp-block-gallery has-nested-images columns-default is-cropped wp-block-gallery-1 is-layout-flex wp-block-gallery-is-layout-flex\">\n<figure class=\"wp-block-image size-large\"><img decoding=\"async\" width=\"1024\" height=\"768\" data-id=\"28316\" src=\"https:\/\/www.monlife.co.uk\/wp-content\/uploads\/2024\/04\/Amazone-demo-with-Jon-1024x768.jpg\" alt=\"\" class=\"wp-image-28316\" srcset=\"https:\/\/www.monlife.co.uk\/wp-content\/uploads\/2024\/04\/Amazone-demo-with-Jon-1024x768.jpg 1024w, https:\/\/www.monlife.co.uk\/wp-content\/uploads\/2024\/04\/Amazone-demo-with-Jon-300x225.jpg 300w, https:\/\/www.monlife.co.uk\/wp-content\/uploads\/2024\/04\/Amazone-demo-with-Jon-768x576.jpg 768w, https:\/\/www.monlife.co.uk\/wp-content\/uploads\/2024\/04\/Amazone-demo-with-Jon-1536x1152.jpg 1536w, https:\/\/www.monlife.co.uk\/wp-content\/uploads\/2024\/04\/Amazone-demo-with-Jon-2048x1536.jpg 2048w, https:\/\/www.monlife.co.uk\/wp-content\/uploads\/2024\/04\/Amazone-demo-with-Jon-1568x1176.jpg 1568w\" sizes=\"(max-width: 1024px) 100vw, 1024px\" \/><\/figure>\n\n\n\n<figure class=\"wp-block-image size-large\"><img loading=\"lazy\" decoding=\"async\" width=\"1024\" height=\"768\" data-id=\"28318\" src=\"https:\/\/www.monlife.co.uk\/wp-content\/uploads\/2024\/04\/Cwmbran-Park-1024x768.jpg\" alt=\"\" class=\"wp-image-28318\" srcset=\"https:\/\/www.monlife.co.uk\/wp-content\/uploads\/2024\/04\/Cwmbran-Park-1024x768.jpg 1024w, https:\/\/www.monlife.co.uk\/wp-content\/uploads\/2024\/04\/Cwmbran-Park-300x225.jpg 300w, https:\/\/www.monlife.co.uk\/wp-content\/uploads\/2024\/04\/Cwmbran-Park-768x576.jpg 768w, https:\/\/www.monlife.co.uk\/wp-content\/uploads\/2024\/04\/Cwmbran-Park-1536x1152.jpg 1536w, https:\/\/www.monlife.co.uk\/wp-content\/uploads\/2024\/04\/Cwmbran-Park-2048x1536.jpg 2048w, https:\/\/www.monlife.co.uk\/wp-content\/uploads\/2024\/04\/Cwmbran-Park-1568x1176.jpg 1568w\" sizes=\"(max-width: 1024px) 100vw, 1024px\" \/><\/figure>\n\n\n\n<figure class=\"wp-block-image size-large\"><img loading=\"lazy\" decoding=\"async\" width=\"1024\" height=\"768\" data-id=\"28320\" src=\"https:\/\/www.monlife.co.uk\/wp-content\/uploads\/2024\/04\/20200915_094734-1024x768.jpg\" alt=\"\" class=\"wp-image-28320\" srcset=\"https:\/\/www.monlife.co.uk\/wp-content\/uploads\/2024\/04\/20200915_094734-1024x768.jpg 1024w, https:\/\/www.monlife.co.uk\/wp-content\/uploads\/2024\/04\/20200915_094734-300x225.jpg 300w, https:\/\/www.monlife.co.uk\/wp-content\/uploads\/2024\/04\/20200915_094734-768x576.jpg 768w, https:\/\/www.monlife.co.uk\/wp-content\/uploads\/2024\/04\/20200915_094734-1536x1152.jpg 1536w, https:\/\/www.monlife.co.uk\/wp-content\/uploads\/2024\/04\/20200915_094734-2048x1536.jpg 2048w, https:\/\/www.monlife.co.uk\/wp-content\/uploads\/2024\/04\/20200915_094734-1568x1176.jpg 1568w\" sizes=\"(max-width: 1024px) 100vw, 1024px\" \/><\/figure>\n<\/figure>\n","protected":false},"excerpt":{"rendered":"<p>Pecyn Adnoddau\u00a0 Mae&#8217;r pecyn adnoddau yn becyn cymorth cynhwysfawr sydd wedi&#8217;i gynllunio i gefnogi sefydliadau, grwpiau cymunedol, ac unigolion yn eu hymdrechion i hyrwyddo bioamrywiaeth ac arferion natur-gyfeillgar mewn mannau [&hellip;]<\/p>\n","protected":false},"author":6,"featured_media":0,"parent":9639,"menu_order":6,"comment_status":"closed","ping_status":"closed","template":"","meta":{"_acf_changed":false,"footnotes":""},"class_list":["post-11043","page","type-page","status-publish","hentry"],"acf":[],"_links":{"self":[{"href":"https:\/\/www.monlife.co.uk\/cy\/wp-json\/wp\/v2\/pages\/11043","targetHints":{"allow":["GET"]}}],"collection":[{"href":"https:\/\/www.monlife.co.uk\/cy\/wp-json\/wp\/v2\/pages"}],"about":[{"href":"https:\/\/www.monlife.co.uk\/cy\/wp-json\/wp\/v2\/types\/page"}],"author":[{"embeddable":true,"href":"https:\/\/www.monlife.co.uk\/cy\/wp-json\/wp\/v2\/users\/6"}],"replies":[{"embeddable":true,"href":"https:\/\/www.monlife.co.uk\/cy\/wp-json\/wp\/v2\/comments?post=11043"}],"version-history":[{"count":0,"href":"https:\/\/www.monlife.co.uk\/cy\/wp-json\/wp\/v2\/pages\/11043\/revisions"}],"up":[{"embeddable":true,"href":"https:\/\/www.monlife.co.uk\/cy\/wp-json\/wp\/v2\/pages\/9639"}],"wp:attachment":[{"href":"https:\/\/www.monlife.co.uk\/cy\/wp-json\/wp\/v2\/media?parent=11043"}],"curies":[{"name":"wp","href":"https:\/\/api.w.org\/{rel}","templated":true}]}}